{"id":462,"date":"2015-04-24T07:57:20","date_gmt":"2015-04-24T07:57:20","guid":{"rendered":"http:\/\/marinasantaeulalia.com\/aviso-legal-2\/"},"modified":"2020-03-19T11:19:57","modified_gmt":"2020-03-19T11:19:57","slug":"aviso-legal","status":"publish","type":"page","link":"https:\/\/marinasantaeulalia.com\/it\/aviso-legal\/","title":{"rendered":"Aviso legal y pol\u00edtica de privacidad"},"content":{"rendered":"<div class=\"wpb-content-wrapper\">[vc_row][vc_column][vc_column_text]<strong><em>Datos de empresa<\/em><\/strong><\/p>\n<p><em>En cumplimiento del art\u00edculo 10 de la ley 34\/2002, de 11 de julio, de Servicios de la Sociedad de la Informaci\u00f3n y de Comercio Electr\u00f3nico, se exponen los datos identificativos del titular de la p\u00e1gina Web:<\/em><\/p>\n<p><strong><em>Denominaci\u00f3n Social:<\/em><\/strong><em> MERL\u00cdN S.A. (Puerto Deportivo Marina Santa Eulalia), en adelante, la Empresa.<\/em><\/p>\n<p><strong><em>Domicilio social:<\/em><\/strong><em> Edificio Capitan\u00eda, s\/n.<\/em><\/p>\n<p><strong><em>Poblaci\u00f3n: <\/em><\/strong><em>Santa Eulalia del Rio, Eivissa<\/em><\/p>\n<p><strong><em>Provincia:<\/em><\/strong><em> Illes Balears<\/em><\/p>\n<p><strong><em>C\u00f3digo postal:<\/em><\/strong><em> 07840<\/em><\/p>\n<p><strong><em>C.I.F. n\u00famero:<\/em><\/strong><em> A07079981<\/em><\/p>\n<p><strong><em>Direcci\u00f3n de correo electr\u00f3nico:<\/em><\/strong><em> info@marinasantaeulalia.com<\/em><\/p>\n<p><strong><em>Tel\u00e9fono de contacto: <\/em><\/strong><em>971 33 28 10<\/em><\/p>\n<p><strong><em>Datos de Inscripci\u00f3n en el Registro Mercantil<\/em><\/strong><em>: inscrita en el Registro Mercantil de Baleares al Tomo 678, Folio 48, Hoja PM-10.697.<\/em><\/p>\n<p><em>La Empresa es titular de la Concesi\u00f3n administrativa de construcci\u00f3n y explotaci\u00f3n del Puerto Deportivo, sito en Santa Eulalia del R\u00edo, Ibiza (Baleares), estando debidamente inscrita la concesi\u00f3n administrativa en el Registro de la Propiedad de Ibiza, al tomo 902 del archivo general, libro n\u00ba 223, del Ayuntamiento de Santa Eulalia del R\u00edo, folio 53, finca n\u00ba 17.355.<\/em><\/p>\n<p><strong><em>Actividad:<\/em><\/strong><em> Puerto deportivo<\/em><\/p>\n<p><strong><em>Condiciones de acceso y utilizaci\u00f3n de la Web<\/em><\/strong><\/p>\n<p><em>Este aviso legal regula el acceso y el uso de este sitio Web, cuya finalidad es ofrecer a los usuarios informaci\u00f3n que se considere de inter\u00e9s para los usuarios. <\/em><\/p>\n<p><em>El titular de la p\u00e1gina Web podr\u00e1 modificar en cualquier momento y sin previo aviso, el dise\u00f1o, presentaci\u00f3n y\/o configuraci\u00f3n de este sitio, condiciones de uso, as\u00ed como algunos o todos los servicios. <\/em><\/p>\n<p><em>Queda expresamente prohibido cualquier uso diferente a la finalidad de este Sitio Web. El acceso y utilizaci\u00f3n del sitio no exige la previa suscripci\u00f3n o registro de los usuarios. <\/em><\/p>\n<p><em>La informaci\u00f3n que proporciona el usuario a la Empresa deber\u00e1 ser veraz. El usuario garantiza la autenticidad de todos aquellos datos que facilite en la cumplimentaci\u00f3n de los formularios. <\/em><\/p>\n<p><em>El Usuario ser\u00e1 el \u00fanico responsable de las manifestaciones falsas o inexactas que haga y que pudieran causar a la empresa o a terceros perjuicios por la informaci\u00f3n proporcionada. <\/em><\/p>\n<p><em>El usuario accede a hacer un uso adecuado de los contenidos y servicios que la Empresa ofrece a trav\u00e9s de este sitio Web y a no emplearlos para incurrir en actividades il\u00edcitas, ilegales o contrarias a la buena fe y al orden p\u00fablico.<\/em><\/p>\n<p><em>Todos los contenidos, entendiendo por estos a t\u00edtulo meramente enunciativo los textos, fotograf\u00edas, gr\u00e1ficos, im\u00e1genes, iconos, tecnolog\u00eda, software, links y dem\u00e1s contenidos audiovisuales o sonoros, as\u00ed como su dise\u00f1o gr\u00e1fico y c\u00f3digos fuente, y los derechos de propiedad intelectual que pudieran corresponder a dichos contenidos, as\u00ed como todas las marcas, nombres comerciales o cualquier otro signo distintivo, son propiedad de sus leg\u00edtimos propietarios, quedando reservados todos los derechos sobre los mismos y sin que puedan entenderse cedidos al Usuario ninguno de los derechos de explotaci\u00f3n sobre los mismos, m\u00e1s all\u00e1 de lo estrictamente necesario para el correcto uso de la web.<\/em><\/p>\n<p><strong><em>Navegaci\u00f3n, acceso y seguridad<\/em><\/strong><\/p>\n<p><em>La Empresa realiza los m\u00e1ximos esfuerzos para que la navegaci\u00f3n se realice en las mejores condiciones y evitar los perjuicios de cualquier tipo que pudiesen ocasionarse durante la misma.<\/em><\/p>\n<p><em>La Empresa no se hace responsable de los perjuicios, de cualquier \u00edndole, que pudieran ocasionarse a los usuarios por la utilizaci\u00f3n de otros navegadores o versiones distintas de los navegadores para los que ha sido dise\u00f1ada la Web.<\/em><\/p>\n<p><strong><em>Protecci\u00f3n de Datos de Car\u00e1cter Personal<\/em><\/strong><\/p>\n<p><em>Mediante este aviso legal, la Empresa informa a los usuarios de la p\u00e1gina Web, acerca de su pol\u00edtica de privacidad y protecci\u00f3n de datos de car\u00e1cter personal. <\/em><\/p>\n<p><em>La empresa garantiza la confidencialidad de los datos de car\u00e1cter personal facilitados y ser\u00e1n incorporados a los sistemas de tratamiento, cuyo Responsable es la empresa. Asimismo, se compromete al cumplimiento de las obligaciones establecidas en el Reglamento General de Protecci\u00f3n de Datos 2016\/679 y la Ley Org\u00e1nica 3\/2018, de Protecci\u00f3n de Datos y Garant\u00eda de los Derechos digitales, adoptando para ello las medidas t\u00e9cnicas y organizativas necesarias para evitar la p\u00e9rdida, mal uso, alteraci\u00f3n y acceso no autorizado, habida cuenta del estado de la tecnolog\u00eda, la naturaleza de los datos y los riesgos a los que est\u00e1n expuestos. <\/em><\/p>\n<p><strong><em>Responsable del tratamiento<\/em><\/strong><\/p>\n<p><em>El responsable de tratamiento es Merl\u00edn S.A. (Puerto Deportivo Marina Santa Eulalia)<\/em><\/p>\n<p><em>Con domicilio social en Edificio Capitan\u00eda, s\/n, de Santa Eulalia del Rio \u2013Eivissa, Illes Balears, 07840. <\/em><\/p>\n<p><strong><em>Apartado de Contacto<\/em><\/strong><\/p>\n<p><em><u>Finalidad del tratamiento<\/u><\/em><\/p>\n<p><em>La informaci\u00f3n que nos facilitan las personas interesadas ser\u00e1 tratada con el fin de responder a la petici\u00f3n de informaci\u00f3n solicitada, as\u00ed como facilitar a los interesados ofertas de productos y servicios de su inter\u00e9s, si \u00e9stos han dado su consentimiento.<\/em><\/p>\n<p><em><u>Conservaci\u00f3n de los datos<\/u><\/em><\/p>\n<p><em>Los datos personales recogidos ser\u00e1n conservados mientras exista un inter\u00e9s mutuo para ello. El interesado podr\u00e1 solicitar su supresi\u00f3n.<\/em><\/p>\n<p><em><u>Legitimaci\u00f3n del tratamiento<\/u><\/em><\/p>\n<p><em>La base legal para el tratamiento de sus datos es la solicitud de consentimiento de los interesados.<\/em><\/p>\n<p><em>Los campos marcados son obligatorios, si no se cumplimentan, no se enviar\u00e1 el formulario.<\/em><\/p>\n<p><em><u>Destinatarios de cesiones <\/u><\/em><\/p>\n<p><em>No est\u00e1 previsto realizar cesiones de datos.<\/em><\/p>\n<p><em><u>Destinatarios de transferencias internacionales<\/u><\/em><\/p>\n<p><em>No est\u00e1 prevista ninguna transferencia internacional a terceros pa\u00edses.<\/em><\/p>\n<p><strong><em>Apartado de Solicitud de reservas<\/em><\/strong><\/p>\n<p><em><u>Finalidad del tratamiento<\/u><\/em><\/p>\n<p><em>Tratamos los datos personales de los solicitantes de reservas de amarres, con el fin de realizar una correcta gesti\u00f3n de las solicitudes.<\/em><\/p>\n<p><em><u>Conservaci\u00f3n de los datos<\/u><\/em><\/p>\n<p><em>Los datos personales recogidos ser\u00e1n conservados mientras exista una relaci\u00f3n contractual. Una vez finalizada, ser\u00e1n conservados mientras una obligaci\u00f3n legal as\u00ed lo exija.<\/em><\/p>\n<p><em><u>Legitimaci\u00f3n del tratamiento<\/u><\/em><\/p>\n<p><em>La base legal para el tratamiento de sus datos es la ejecuci\u00f3n de un contrato de solicitud de informaci\u00f3n de reservas de amarres por el interesado, as\u00ed como su consentimiento en algunos apartados.<\/em><\/p>\n<p><em>Los campos marcados son obligatorios, si no se cumplimentan, no se enviar\u00e1 el formulario.<\/em><\/p>\n<p><em><u>Destinatarios de cesiones <\/u><\/em><\/p>\n<p><em>Los datos personales recogidos durante el proceso podr\u00e1n ser comunicados a las Administraciones P\u00fablicas legalmente previstas.<\/em><\/p>\n<p><em><u>Destinatarios de transferencias internacionales<\/u><\/em><\/p>\n<p><em>No est\u00e1 prevista ninguna transferencia internacional a terceros pa\u00edses.<\/em><\/p>\n<p><strong><em>Derechos de los interesados<\/em><\/strong><\/p>\n<p><em>La normativa vigente de protecci\u00f3n de datos le ampara en una serie de derechos en relaci\u00f3n al uso que le damos a sus datos. Todos y cada uno de sus derechos son unipersonales e intransferibles, es decir, que \u00fanicamente pueden ser realizados por el titular de los datos, previa comprobaci\u00f3n de su identidad.<\/em><\/p>\n<p><em>Los interesados podr\u00e1n ejercitar los derechos:<\/em><\/p>\n<p><em>\u00a0<\/em><\/p>\n<ul>\n<li><em>De acceso a los datos personales que le conciernen;<\/em><\/li>\n<li><em>De rectificaci\u00f3n de sus datos personales para su actualizaci\u00f3n;<\/em><\/li>\n<li><em>De supresi\u00f3n, cuando entre otros motivos, los datos ya no sean necesarios para las finalidades que fueron recogidos.<\/em><\/li>\n<li><em>De limitaci\u00f3n del tratamiento de sus datos, en determinadas circunstancias, en cuyo caso, el responsable de tratamiento \u00fanicamente conservar\u00e1 los datos para el ejercicio o la defensa de reclamaciones.<\/em><\/li>\n<li><em>De oposici\u00f3n al tratamiento de sus datos, en determinadas circunstancias<\/em> <em>y por motivos relacionados con su situaci\u00f3n particular, en cuyo caso, el responsable de tratamiento \u00fanicamente conservar\u00e1 los datos personales para el ejercicio o la defensa de reclamaciones.<\/em><\/li>\n<li><em>De portabilidad de sus datos personales, cuando \u00e9stos sean automatizados.<\/em><\/li>\n<li><em>El interesado tiene derecho a retirar el consentimiento en cualquier momento, sin que ello afecte a la licitud del tratamiento basado en el consentimiento previo a su retirada.<\/em><\/li>\n<li><em>El interesado puede presentar una reclamaci\u00f3n ante la Autoridad de Control en materia de Protecci\u00f3n de Datos competente, especialmente cuando no haya obtenido satisfacci\u00f3n en el ejercicio de sus derechos, y la forma de ponerse en contacto con el responsable.<\/em><\/li>\n<\/ul>\n<p><em>Para ello, debe dirigirse mediante solicitud escrita y firmada, acompa\u00f1ada de fotocopia de DNI\/Pasaporte, a la sede social informada en el apartado Responsable del tratamiento.<\/em><\/p>\n<p><strong><em>Cl\u00e1usula de exenci\u00f3n de responsabilidad y sumisiones<\/em><\/strong><\/p>\n<p><em>La presente Web, ofrece acceso a Informaci\u00f3n de servicios y actividades que la Empresa considere de inter\u00e9s para los usuarios, con objeto de mejorar sus servicios.<\/em><\/p>\n<p><em>La Empresa velar\u00e1 por corregir los errores que se detecten. No obstante, algunos archivos o contenidos pueden haber sido creados no exentos de errores, por lo que no se puede garantizar que el servicio no quede interrumpido o afectado de cualquier otra forma por tales problemas.<\/em><\/p>\n<p><em>La presente Web, puede contener en algunas ocasiones links a p\u00e1ginas externas sobre las que la Empresa no tiene control alguno y respecto de las cuales declina toda responsabilidad.<\/em><\/p>\n<p><em>Los v\u00ednculos establecidos a webs de terceros tienen la finalidad de facilitarle informaci\u00f3n sobre servicios y actividades que pueden ser de su inter\u00e9s. El usuario pasar\u00e1 a estar regido por los T\u00e9rminos de Uso y Pol\u00edtica de Privacidad del nuevo sitio, de los que la Empresa no tiene control alguno y respecto de las cuales declina toda responsabilidad.<\/em><\/p>\n<p><em>La Empresa no ser\u00e1 responsable de posibles da\u00f1os o perjuicios que se pudieran derivar de interferencias omisiones, interrupciones, virus inform\u00e1ticos, aver\u00edas telef\u00f3nicas o desconexiones en el funcionamiento operativo de este sistema electr\u00f3nico, motivadas por causas ajenas a la \u00a0Empresa; de retrasos o bloqueos en el uso del presente sistema electr\u00f3nico causados por deficiencias o sobrecargas en su Centro de Procesos de Datos, de l\u00edneas telef\u00f3nicas, en el sistema de Internet o en otros sistemas electr\u00f3nicos; ni tampoco de da\u00f1os que puedan ser causados por terceras personas mediante intromisiones ileg\u00edtimas fuera del control de la Empresa.<\/em><\/p>\n<p><em>Para toda cuesti\u00f3n litigiosa o que incumba a la P\u00e1gina Web de la Empresa, ser\u00e1 de aplicaci\u00f3n la legislaci\u00f3n espa\u00f1ola, siendo competentes para la resoluci\u00f3n de todos los conflictos derivados o relacionados con el uso de esta p\u00e1gina Web, los Juzgados y Tribunales de Ibiza \u2013 Illes Balears &#8211; Espa\u00f1a. <\/em>[\/vc_column_text][\/vc_column][\/vc_row]\n<\/div>","protected":false},"excerpt":{"rendered":"<p>[vc_row][vc_column][vc_column_text]Datos de empresa En cumplimiento del art\u00edculo 10 de la ley 34\/2002, de 11 de julio, de Servicios de la Sociedad de la Informaci\u00f3n y de Comercio Electr\u00f3nico, se exponen los datos identificativos del titular de la p\u00e1gina Web: Denominaci\u00f3n Social: MERL\u00cdN S.A. (Puerto Deportivo Marina Santa Eulalia), en adelante, la Empresa. Domicilio social: Edificio Capitan\u00eda, s\/n. Poblaci\u00f3n: Santa Eulalia &#8230; <\/p>\n<div><a href=\"https:\/\/marinasantaeulalia.com\/it\/aviso-legal\/\" class=\"more-link\">Read More<\/a><\/div>\n","protected":false},"author":2,"featured_media":0,"parent":0,"menu_order":0,"comment_status":"closed","ping_status":"closed","template":"template-layout-full-width.php","meta":{"_acf_changed":false,"rs_blank_template":"","rs_page_bg_color":"","slide_template_v7":"","jetpack_post_was_ever_published":false,"footnotes":""},"class_list":["post-462","page","type-page","status-publish","hentry","no-post-thumbnail"],"acf":[],"yoast_head":"<!-- This site is optimized with the Yoast SEO plugin v27.5 - https:\/\/yoast.com\/product\/yoast-seo-wordpress\/ -->\n<title>Aviso legal y pol\u00edtica de privacidad - Marina Santa Eulalia<\/title>\n<meta name=\"robots\" content=\"index, follow, max-snippet:-1, max-image-preview:large, max-video-preview:-1\" \/>\n<link rel=\"canonical\" href=\"https:\/\/marinasantaeulalia.com\/it\/aviso-legal\/\" \/>\n<meta property=\"og:locale\" content=\"it_IT\" \/>\n<meta property=\"og:type\" content=\"article\" \/>\n<meta property=\"og:title\" content=\"Aviso legal y pol\u00edtica de privacidad - Marina Santa Eulalia\" \/>\n<meta property=\"og:description\" content=\"[vc_row][vc_column][vc_column_text]Datos de empresa En cumplimiento del art\u00edculo 10 de la ley 34\/2002, de 11 de julio, de Servicios de la Sociedad de la Informaci\u00f3n y de Comercio Electr\u00f3nico, se exponen los datos identificativos del titular de la p\u00e1gina Web: Denominaci\u00f3n Social: MERL\u00cdN S.A. (Puerto Deportivo Marina Santa Eulalia), en adelante, la Empresa. Domicilio social: Edificio Capitan\u00eda, s\/n. Poblaci\u00f3n: Santa Eulalia ... Read More\" \/>\n<meta property=\"og:url\" content=\"https:\/\/marinasantaeulalia.com\/it\/aviso-legal\/\" \/>\n<meta property=\"og:site_name\" content=\"Marina Santa Eulalia\" \/>\n<meta property=\"article:publisher\" content=\"https:\/\/www.facebook.com\/marinasantaeulaliaibiza\/\" \/>\n<meta property=\"article:modified_time\" content=\"2020-03-19T11:19:57+00:00\" \/>\n<meta name=\"twitter:card\" content=\"summary_large_image\" \/>\n<meta name=\"twitter:label1\" content=\"Tempo di lettura stimato\" \/>\n\t<meta name=\"twitter:data1\" content=\"8 minuti\" \/>\n<script type=\"application\/ld+json\" class=\"yoast-schema-graph\">{\"@context\":\"https:\\\/\\\/schema.org\",\"@graph\":[{\"@type\":\"WebPage\",\"@id\":\"https:\\\/\\\/marinasantaeulalia.com\\\/it\\\/aviso-legal\\\/\",\"url\":\"https:\\\/\\\/marinasantaeulalia.com\\\/it\\\/aviso-legal\\\/\",\"name\":\"Aviso legal y pol\u00edtica de privacidad - Marina Santa Eulalia\",\"isPartOf\":{\"@id\":\"https:\\\/\\\/marinasantaeulalia.com\\\/#website\"},\"datePublished\":\"2015-04-24T07:57:20+00:00\",\"dateModified\":\"2020-03-19T11:19:57+00:00\",\"breadcrumb\":{\"@id\":\"https:\\\/\\\/marinasantaeulalia.com\\\/it\\\/aviso-legal\\\/#breadcrumb\"},\"inLanguage\":\"it-IT\",\"potentialAction\":[{\"@type\":\"ReadAction\",\"target\":[\"https:\\\/\\\/marinasantaeulalia.com\\\/it\\\/aviso-legal\\\/\"]}]},{\"@type\":\"BreadcrumbList\",\"@id\":\"https:\\\/\\\/marinasantaeulalia.com\\\/it\\\/aviso-legal\\\/#breadcrumb\",\"itemListElement\":[{\"@type\":\"ListItem\",\"position\":1,\"name\":\"Portada\",\"item\":\"https:\\\/\\\/marinasantaeulalia.com\\\/it\\\/\"},{\"@type\":\"ListItem\",\"position\":2,\"name\":\"Aviso legal y pol\u00edtica de privacidad\"}]},{\"@type\":\"WebSite\",\"@id\":\"https:\\\/\\\/marinasantaeulalia.com\\\/#website\",\"url\":\"https:\\\/\\\/marinasantaeulalia.com\\\/\",\"name\":\"Marina Santa Eulalia\",\"description\":\"Puerto deportivo en Ibiza\",\"publisher\":{\"@id\":\"https:\\\/\\\/marinasantaeulalia.com\\\/#organization\"},\"potentialAction\":[{\"@type\":\"SearchAction\",\"target\":{\"@type\":\"EntryPoint\",\"urlTemplate\":\"https:\\\/\\\/marinasantaeulalia.com\\\/?s={search_term_string}\"},\"query-input\":{\"@type\":\"PropertyValueSpecification\",\"valueRequired\":true,\"valueName\":\"search_term_string\"}}],\"inLanguage\":\"it-IT\"},{\"@type\":\"Organization\",\"@id\":\"https:\\\/\\\/marinasantaeulalia.com\\\/#organization\",\"name\":\"Marina Santa Eulalia Ibiza\",\"url\":\"https:\\\/\\\/marinasantaeulalia.com\\\/\",\"logo\":{\"@type\":\"ImageObject\",\"inLanguage\":\"it-IT\",\"@id\":\"https:\\\/\\\/marinasantaeulalia.com\\\/#\\\/schema\\\/logo\\\/image\\\/\",\"url\":\"https:\\\/\\\/marinasantaeulalia.com\\\/wp-content\\\/uploads\\\/Logo_MarinaSantaEulaliaIbiza.jpg\",\"contentUrl\":\"https:\\\/\\\/marinasantaeulalia.com\\\/wp-content\\\/uploads\\\/Logo_MarinaSantaEulaliaIbiza.jpg\",\"width\":\"960\",\"height\":\"960\",\"caption\":\"Marina Santa Eulalia Ibiza\"},\"image\":{\"@id\":\"https:\\\/\\\/marinasantaeulalia.com\\\/#\\\/schema\\\/logo\\\/image\\\/\"},\"sameAs\":[\"https:\\\/\\\/www.facebook.com\\\/marinasantaeulaliaibiza\\\/\",\"http:\\\/\\\/www.instagram.com\\\/marinasantaeulaliaibiza\"]}]}<\/script>\n<!-- \/ Yoast SEO plugin. -->","yoast_head_json":{"title":"Aviso legal y pol\u00edtica de privacidad - Marina Santa Eulalia","robots":{"index":"index","follow":"follow","max-snippet":"max-snippet:-1","max-image-preview":"max-image-preview:large","max-video-preview":"max-video-preview:-1"},"canonical":"https:\/\/marinasantaeulalia.com\/it\/aviso-legal\/","og_locale":"it_IT","og_type":"article","og_title":"Aviso legal y pol\u00edtica de privacidad - Marina Santa Eulalia","og_description":"[vc_row][vc_column][vc_column_text]Datos de empresa En cumplimiento del art\u00edculo 10 de la ley 34\/2002, de 11 de julio, de Servicios de la Sociedad de la Informaci\u00f3n y de Comercio Electr\u00f3nico, se exponen los datos identificativos del titular de la p\u00e1gina Web: Denominaci\u00f3n Social: MERL\u00cdN S.A. (Puerto Deportivo Marina Santa Eulalia), en adelante, la Empresa. Domicilio social: Edificio Capitan\u00eda, s\/n. Poblaci\u00f3n: Santa Eulalia ... Read More","og_url":"https:\/\/marinasantaeulalia.com\/it\/aviso-legal\/","og_site_name":"Marina Santa Eulalia","article_publisher":"https:\/\/www.facebook.com\/marinasantaeulaliaibiza\/","article_modified_time":"2020-03-19T11:19:57+00:00","twitter_card":"summary_large_image","twitter_misc":{"Tempo di lettura stimato":"8 minuti"},"schema":{"@context":"https:\/\/schema.org","@graph":[{"@type":"WebPage","@id":"https:\/\/marinasantaeulalia.com\/it\/aviso-legal\/","url":"https:\/\/marinasantaeulalia.com\/it\/aviso-legal\/","name":"Aviso legal y pol\u00edtica de privacidad - Marina Santa Eulalia","isPartOf":{"@id":"https:\/\/marinasantaeulalia.com\/#website"},"datePublished":"2015-04-24T07:57:20+00:00","dateModified":"2020-03-19T11:19:57+00:00","breadcrumb":{"@id":"https:\/\/marinasantaeulalia.com\/it\/aviso-legal\/#breadcrumb"},"inLanguage":"it-IT","potentialAction":[{"@type":"ReadAction","target":["https:\/\/marinasantaeulalia.com\/it\/aviso-legal\/"]}]},{"@type":"BreadcrumbList","@id":"https:\/\/marinasantaeulalia.com\/it\/aviso-legal\/#breadcrumb","itemListElement":[{"@type":"ListItem","position":1,"name":"Portada","item":"https:\/\/marinasantaeulalia.com\/it\/"},{"@type":"ListItem","position":2,"name":"Aviso legal y pol\u00edtica de privacidad"}]},{"@type":"WebSite","@id":"https:\/\/marinasantaeulalia.com\/#website","url":"https:\/\/marinasantaeulalia.com\/","name":"Marina Santa Eulalia","description":"Puerto deportivo en Ibiza","publisher":{"@id":"https:\/\/marinasantaeulalia.com\/#organization"},"potentialAction":[{"@type":"SearchAction","target":{"@type":"EntryPoint","urlTemplate":"https:\/\/marinasantaeulalia.com\/?s={search_term_string}"},"query-input":{"@type":"PropertyValueSpecification","valueRequired":true,"valueName":"search_term_string"}}],"inLanguage":"it-IT"},{"@type":"Organization","@id":"https:\/\/marinasantaeulalia.com\/#organization","name":"Marina Santa Eulalia Ibiza","url":"https:\/\/marinasantaeulalia.com\/","logo":{"@type":"ImageObject","inLanguage":"it-IT","@id":"https:\/\/marinasantaeulalia.com\/#\/schema\/logo\/image\/","url":"https:\/\/marinasantaeulalia.com\/wp-content\/uploads\/Logo_MarinaSantaEulaliaIbiza.jpg","contentUrl":"https:\/\/marinasantaeulalia.com\/wp-content\/uploads\/Logo_MarinaSantaEulaliaIbiza.jpg","width":"960","height":"960","caption":"Marina Santa Eulalia Ibiza"},"image":{"@id":"https:\/\/marinasantaeulalia.com\/#\/schema\/logo\/image\/"},"sameAs":["https:\/\/www.facebook.com\/marinasantaeulaliaibiza\/","http:\/\/www.instagram.com\/marinasantaeulaliaibiza"]}]}},"jetpack_sharing_enabled":true,"jetpack_shortlink":"https:\/\/wp.me\/P9JVaN-7s","_links":{"self":[{"href":"https:\/\/marinasantaeulalia.com\/it\/wp-json\/wp\/v2\/pages\/462","targetHints":{"allow":["GET"]}}],"collection":[{"href":"https:\/\/marinasantaeulalia.com\/it\/wp-json\/wp\/v2\/pages"}],"about":[{"href":"https:\/\/marinasantaeulalia.com\/it\/wp-json\/wp\/v2\/types\/page"}],"author":[{"embeddable":true,"href":"https:\/\/marinasantaeulalia.com\/it\/wp-json\/wp\/v2\/users\/2"}],"replies":[{"embeddable":true,"href":"https:\/\/marinasantaeulalia.com\/it\/wp-json\/wp\/v2\/comments?post=462"}],"version-history":[{"count":0,"href":"https:\/\/marinasantaeulalia.com\/it\/wp-json\/wp\/v2\/pages\/462\/revisions"}],"wp:attachment":[{"href":"https:\/\/marinasantaeulalia.com\/it\/wp-json\/wp\/v2\/media?parent=462"}],"curies":[{"name":"wp","href":"https:\/\/api.w.org\/{rel}","templated":true}]}}