{"id":356,"date":"2015-05-07T09:30:36","date_gmt":"2015-05-07T09:30:36","guid":{"rendered":"http:\/\/marinasantaeulalia.com\/?page_id=356"},"modified":"2015-05-07T11:37:32","modified_gmt":"2015-05-07T11:37:32","slug":"la-marina","status":"publish","type":"page","link":"https:\/\/marinasantaeulalia.com\/it\/la-marina\/","title":{"rendered":"La marina"},"content":{"rendered":"<div class=\"wpb-content-wrapper\">[vc_row no_margin=&#8221;true&#8221; padding_top=&#8221;0px&#8221; padding_bottom=&#8221;0px&#8221; border=&#8221;none&#8221;][vc_column width=&#8221;1\/1&#8243;]<h1  class=\"h-custom-headline h3\" style=\"margin: 0\"><span>Una marina che sa di mare<\/span><\/h1>[\/vc_column][\/vc_row][vc_row no_margin=&#8221;true&#8221; padding_top=&#8221;15px&#8221; padding_bottom=&#8221;0px&#8221; border=&#8221;none&#8221;][vc_column width=&#8221;2\/3&#8243;]<p style=\"text-align: justify;\">Con una capacit\u00e0 di <strong>763 imbarcazioni<\/strong>, \u00e8 la marina con il maggior numero di ormeggi sull\u2019isola di <a href=\"http:\/\/www.illesbalears.es\/ita\/ibiza\/nautica.jsp?SEC=NAU\" target=\"_blank\">Ibiza<\/a> che offre riparo sia ai tradizionali lla\u00fcts dei marinai del luogo sia ai grandi yacht che vengono a farci visita in ogni stagione in cerca di un luogo tranquillo e discreto in cui rilassarsi e godersi le bellezze naturali di <a href=\"http:\/\/www.santaeulalia.net\/index.php\/es\/\">Santa Eulalia del R\u00edo.<\/a><\/p>\n<p style=\"text-align: justify;\">Il viaggiatore non si sente un turista qui. Al contrario, nel corso degli anni si vengono a instaurare legami di amicizia e affetto, incoraggiati da un servizio gentile che combina il sapore di un luogo di mare con le comodit\u00e0 e i servizi di una marina di classe mondiale che migliora le proprie strutture di anno in anno.<\/p>\n<p style=\"text-align: justify;\">Presso l\u2019ingresso principale del porto c\u2019\u00e8 la sede del <a href=\"http:\/\/www.clubnauticosantaeulalia.com\/web\" target=\"_blank\">club nautico di Santa Eulalia del R\u00edo<\/a> che riveste un ruolo importante nel corso di tutto l\u2019anno con la promozione delle attivit\u00e0 nautiche e, va ricordato, anche delle regate e degli eventi pi\u00f9 importanti (\u00e8 stato organizzatore del campionato del mondo di vela della classe Tornado nel 2013), nonch\u00e9 dei diversi corsi di navigazione.<\/p>\n<p style=\"text-align: justify;\">Una delle attrazioni principali del porto \u00e8 la zona dedicata allo shopping che presenta una variet\u00e0 di servizi. Con quasi 20 ristoranti, l\u2019offerta gastronomica spazia dalla cucina locale di Ibiza a quella mediterranea, con i migliori tagli di carne grigliata, dai ristoranti italiani e asiatici alla cucina tedesca e inglese.<\/p>\n<p style=\"text-align: justify;\"><span style=\"line-height: 1.5;\">Il tramonto invita a godersi un drink presso uno dei bar e, nel corso della serata, viene anche offerta un\u2019ampia variet\u00e0 di generi musicali con cui intrattenersi.<\/span><\/p>\n[\/vc_column][vc_column width=&#8221;1\/3&#8243;]<img decoding=\"async\"  class=\"x-img x-img-thumbnail none\"  src=\"https:\/\/marinasantaeulalia.com\/wp-content\/uploads\/marina.jpg\" >[\/vc_column][\/vc_row]\n<\/div>","protected":false},"excerpt":{"rendered":"<p>[vc_row no_margin=&#8221;true&#8221; padding_top=&#8221;0px&#8221; padding_bottom=&#8221;0px&#8221; border=&#8221;none&#8221;][vc_column width=&#8221;1\/1&#8243;][\/vc_column][\/vc_row][vc_row no_margin=&#8221;true&#8221; padding_top=&#8221;15px&#8221; padding_bottom=&#8221;0px&#8221; border=&#8221;none&#8221;][vc_column width=&#8221;2\/3&#8243;][\/vc_column][vc_column width=&#8221;1\/3&#8243;][\/vc_column][\/vc_row]<\/p>\n","protected":false},"author":2,"featured_media":0,"parent":0,"menu_order":0,"comment_status":"closed","ping_status":"closed","template":"template-layout-full-width.php","meta":{"_acf_changed":false,"rs_blank_template":"","rs_page_bg_color":"","slide_template_v7":"","footnotes":""},"class_list":["post-356","page","type-page","status-publish","hentry","no-post-thumbnail"],"acf":[],"yoast_head":"<!-- This site is optimized with the Yoast SEO plugin v27.6 - https:\/\/yoast.com\/product\/yoast-seo-wordpress\/ -->\n<title>La marina - Marina Santa Eulalia<\/title>\n<meta name=\"robots\" content=\"index, follow, max-snippet:-1, max-image-preview:large, max-video-preview:-1\" \/>\n<link rel=\"canonical\" href=\"https:\/\/marinasantaeulalia.com\/it\/la-marina\/\" \/>\n<meta property=\"og:locale\" content=\"it_IT\" \/>\n<meta property=\"og:type\" content=\"article\" \/>\n<meta property=\"og:title\" content=\"La marina - Marina Santa Eulalia\" \/>\n<meta property=\"og:description\" content=\"[vc_row no_margin=&#8221;true&#8221; padding_top=&#8221;0px&#8221; padding_bottom=&#8221;0px&#8221; border=&#8221;none&#8221;][vc_column width=&#8221;1\/1&#8243;][\/vc_column][\/vc_row][vc_row no_margin=&#8221;true&#8221; padding_top=&#8221;15px&#8221; padding_bottom=&#8221;0px&#8221; border=&#8221;none&#8221;][vc_column width=&#8221;2\/3&#8243;][\/vc_column][vc_column width=&#8221;1\/3&#8243;][\/vc_column][\/vc_row]\" \/>\n<meta property=\"og:url\" content=\"https:\/\/marinasantaeulalia.com\/it\/la-marina\/\" \/>\n<meta property=\"og:site_name\" content=\"Marina Santa Eulalia\" \/>\n<meta property=\"article:publisher\" content=\"https:\/\/www.facebook.com\/marinasantaeulaliaibiza\/\" \/>\n<meta property=\"article:modified_time\" content=\"2015-05-07T11:37:32+00:00\" \/>\n<meta name=\"twitter:card\" content=\"summary_large_image\" \/>\n<meta name=\"twitter:label1\" content=\"Tempo di lettura stimato\" \/>\n\t<meta name=\"twitter:data1\" content=\"2 minuti\" \/>\n<script type=\"application\/ld+json\" class=\"yoast-schema-graph\">{\"@context\":\"https:\\\/\\\/schema.org\",\"@graph\":[{\"@type\":\"WebPage\",\"@id\":\"https:\\\/\\\/marinasantaeulalia.com\\\/it\\\/la-marina\\\/\",\"url\":\"https:\\\/\\\/marinasantaeulalia.com\\\/it\\\/la-marina\\\/\",\"name\":\"La marina - Marina Santa Eulalia\",\"isPartOf\":{\"@id\":\"https:\\\/\\\/marinasantaeulalia.com\\\/#website\"},\"datePublished\":\"2015-05-07T09:30:36+00:00\",\"dateModified\":\"2015-05-07T11:37:32+00:00\",\"breadcrumb\":{\"@id\":\"https:\\\/\\\/marinasantaeulalia.com\\\/it\\\/la-marina\\\/#breadcrumb\"},\"inLanguage\":\"it-IT\",\"potentialAction\":[{\"@type\":\"ReadAction\",\"target\":[\"https:\\\/\\\/marinasantaeulalia.com\\\/it\\\/la-marina\\\/\"]}]},{\"@type\":\"BreadcrumbList\",\"@id\":\"https:\\\/\\\/marinasantaeulalia.com\\\/it\\\/la-marina\\\/#breadcrumb\",\"itemListElement\":[{\"@type\":\"ListItem\",\"position\":1,\"name\":\"Portada\",\"item\":\"https:\\\/\\\/marinasantaeulalia.com\\\/it\\\/\"},{\"@type\":\"ListItem\",\"position\":2,\"name\":\"La marina\"}]},{\"@type\":\"WebSite\",\"@id\":\"https:\\\/\\\/marinasantaeulalia.com\\\/#website\",\"url\":\"https:\\\/\\\/marinasantaeulalia.com\\\/\",\"name\":\"Marina Santa Eulalia\",\"description\":\"Puerto deportivo en Ibiza\",\"publisher\":{\"@id\":\"https:\\\/\\\/marinasantaeulalia.com\\\/#organization\"},\"potentialAction\":[{\"@type\":\"SearchAction\",\"target\":{\"@type\":\"EntryPoint\",\"urlTemplate\":\"https:\\\/\\\/marinasantaeulalia.com\\\/?s={search_term_string}\"},\"query-input\":{\"@type\":\"PropertyValueSpecification\",\"valueRequired\":true,\"valueName\":\"search_term_string\"}}],\"inLanguage\":\"it-IT\"},{\"@type\":\"Organization\",\"@id\":\"https:\\\/\\\/marinasantaeulalia.com\\\/#organization\",\"name\":\"Marina Santa Eulalia Ibiza\",\"url\":\"https:\\\/\\\/marinasantaeulalia.com\\\/\",\"logo\":{\"@type\":\"ImageObject\",\"inLanguage\":\"it-IT\",\"@id\":\"https:\\\/\\\/marinasantaeulalia.com\\\/#\\\/schema\\\/logo\\\/image\\\/\",\"url\":\"https:\\\/\\\/marinasantaeulalia.com\\\/wp-content\\\/uploads\\\/Logo_MarinaSantaEulaliaIbiza.jpg\",\"contentUrl\":\"https:\\\/\\\/marinasantaeulalia.com\\\/wp-content\\\/uploads\\\/Logo_MarinaSantaEulaliaIbiza.jpg\",\"width\":\"960\",\"height\":\"960\",\"caption\":\"Marina Santa Eulalia Ibiza\"},\"image\":{\"@id\":\"https:\\\/\\\/marinasantaeulalia.com\\\/#\\\/schema\\\/logo\\\/image\\\/\"},\"sameAs\":[\"https:\\\/\\\/www.facebook.com\\\/marinasantaeulaliaibiza\\\/\",\"http:\\\/\\\/www.instagram.com\\\/marinasantaeulaliaibiza\"]}]}<\/script>\n<!-- \/ Yoast SEO plugin. -->","yoast_head_json":{"title":"La marina - Marina Santa Eulalia","robots":{"index":"index","follow":"follow","max-snippet":"max-snippet:-1","max-image-preview":"max-image-preview:large","max-video-preview":"max-video-preview:-1"},"canonical":"https:\/\/marinasantaeulalia.com\/it\/la-marina\/","og_locale":"it_IT","og_type":"article","og_title":"La marina - Marina Santa Eulalia","og_description":"[vc_row no_margin=&#8221;true&#8221; padding_top=&#8221;0px&#8221; padding_bottom=&#8221;0px&#8221; border=&#8221;none&#8221;][vc_column width=&#8221;1\/1&#8243;][\/vc_column][\/vc_row][vc_row no_margin=&#8221;true&#8221; padding_top=&#8221;15px&#8221; padding_bottom=&#8221;0px&#8221; border=&#8221;none&#8221;][vc_column width=&#8221;2\/3&#8243;][\/vc_column][vc_column width=&#8221;1\/3&#8243;][\/vc_column][\/vc_row]","og_url":"https:\/\/marinasantaeulalia.com\/it\/la-marina\/","og_site_name":"Marina Santa Eulalia","article_publisher":"https:\/\/www.facebook.com\/marinasantaeulaliaibiza\/","article_modified_time":"2015-05-07T11:37:32+00:00","twitter_card":"summary_large_image","twitter_misc":{"Tempo di lettura stimato":"2 minuti"},"schema":{"@context":"https:\/\/schema.org","@graph":[{"@type":"WebPage","@id":"https:\/\/marinasantaeulalia.com\/it\/la-marina\/","url":"https:\/\/marinasantaeulalia.com\/it\/la-marina\/","name":"La marina - Marina Santa Eulalia","isPartOf":{"@id":"https:\/\/marinasantaeulalia.com\/#website"},"datePublished":"2015-05-07T09:30:36+00:00","dateModified":"2015-05-07T11:37:32+00:00","breadcrumb":{"@id":"https:\/\/marinasantaeulalia.com\/it\/la-marina\/#breadcrumb"},"inLanguage":"it-IT","potentialAction":[{"@type":"ReadAction","target":["https:\/\/marinasantaeulalia.com\/it\/la-marina\/"]}]},{"@type":"BreadcrumbList","@id":"https:\/\/marinasantaeulalia.com\/it\/la-marina\/#breadcrumb","itemListElement":[{"@type":"ListItem","position":1,"name":"Portada","item":"https:\/\/marinasantaeulalia.com\/it\/"},{"@type":"ListItem","position":2,"name":"La marina"}]},{"@type":"WebSite","@id":"https:\/\/marinasantaeulalia.com\/#website","url":"https:\/\/marinasantaeulalia.com\/","name":"Marina Santa Eulalia","description":"Puerto deportivo en Ibiza","publisher":{"@id":"https:\/\/marinasantaeulalia.com\/#organization"},"potentialAction":[{"@type":"SearchAction","target":{"@type":"EntryPoint","urlTemplate":"https:\/\/marinasantaeulalia.com\/?s={search_term_string}"},"query-input":{"@type":"PropertyValueSpecification","valueRequired":true,"valueName":"search_term_string"}}],"inLanguage":"it-IT"},{"@type":"Organization","@id":"https:\/\/marinasantaeulalia.com\/#organization","name":"Marina Santa Eulalia Ibiza","url":"https:\/\/marinasantaeulalia.com\/","logo":{"@type":"ImageObject","inLanguage":"it-IT","@id":"https:\/\/marinasantaeulalia.com\/#\/schema\/logo\/image\/","url":"https:\/\/marinasantaeulalia.com\/wp-content\/uploads\/Logo_MarinaSantaEulaliaIbiza.jpg","contentUrl":"https:\/\/marinasantaeulalia.com\/wp-content\/uploads\/Logo_MarinaSantaEulaliaIbiza.jpg","width":"960","height":"960","caption":"Marina Santa Eulalia Ibiza"},"image":{"@id":"https:\/\/marinasantaeulalia.com\/#\/schema\/logo\/image\/"},"sameAs":["https:\/\/www.facebook.com\/marinasantaeulaliaibiza\/","http:\/\/www.instagram.com\/marinasantaeulaliaibiza"]}]}},"jetpack_sharing_enabled":true,"jetpack_shortlink":"https:\/\/wp.me\/P9JVaN-5K","_links":{"self":[{"href":"https:\/\/marinasantaeulalia.com\/it\/wp-json\/wp\/v2\/pages\/356","targetHints":{"allow":["GET"]}}],"collection":[{"href":"https:\/\/marinasantaeulalia.com\/it\/wp-json\/wp\/v2\/pages"}],"about":[{"href":"https:\/\/marinasantaeulalia.com\/it\/wp-json\/wp\/v2\/types\/page"}],"author":[{"embeddable":true,"href":"https:\/\/marinasantaeulalia.com\/it\/wp-json\/wp\/v2\/users\/2"}],"replies":[{"embeddable":true,"href":"https:\/\/marinasantaeulalia.com\/it\/wp-json\/wp\/v2\/comments?post=356"}],"version-history":[{"count":0,"href":"https:\/\/marinasantaeulalia.com\/it\/wp-json\/wp\/v2\/pages\/356\/revisions"}],"wp:attachment":[{"href":"https:\/\/marinasantaeulalia.com\/it\/wp-json\/wp\/v2\/media?parent=356"}],"curies":[{"name":"wp","href":"https:\/\/api.w.org\/{rel}","templated":true}]}}