{"id":505,"date":"2015-05-18T10:56:02","date_gmt":"2015-05-18T10:56:02","guid":{"rendered":"http:\/\/marinasantaeulalia.com\/moorings-booking-2\/"},"modified":"2018-08-07T09:57:43","modified_gmt":"2018-08-07T09:57:43","slug":"reservation-damarrage","status":"publish","type":"page","link":"https:\/\/marinasantaeulalia.com\/fr\/reservation-damarrage\/","title":{"rendered":"R\u00e9servation d&rsquo;amarrage"},"content":{"rendered":"<div class=\"wpb-content-wrapper\">[vc_row padding_top=\u00a0\u00bb0px\u00a0\u00bb padding_bottom=\u00a0\u00bb0px\u00a0\u00bb][vc_column fade_animation_offset=\u00a0\u00bb45px\u00a0\u00bb width=\u00a0\u00bb1\/1&Prime;][contact-form-7 id=\u00a0\u00bb504&Prime; title=\u00a0\u00bbReserva\u00a0\u00bb]<p><span style=\"text-decoration: underline;\"><strong>* Il est de la responsabilit\u00e9 du client de fournir des mesures pr\u00e9cises de longueur, de largeur et de profondeur. Dans le cas o\u00f9 les mesures fournies seraient incorrectes, mais que le port disposerait de postes d&rsquo;amarrage disponibles, la location et les frais seront recalcul\u00e9s en fonction. Si tous les postes d&rsquo;amarrage sont pris, l&#8217;embarcation ne sera pas en mesure de rentrer dans le port et les frais ne seront pas rembours\u00e9s.<br \/>\n* Les r\u00e9servations peuvent \u00eatre pay\u00e9es par virement bancaire ou par carte de cr\u00e9dit.<\/strong><\/span><\/p>\n<p><strong>Merci de sp\u00e9cifier la longueur et le barrot tels que mesur\u00e9s sur l&#8217;embarcation, au cas o\u00f9 ces mesures diff\u00e9reraient de celles fournies dans la documentation du bateau.<\/strong><\/p>\n<ul>\n<li>L&rsquo;arriv\u00e9e doit se faire entre 14h et 20h.<\/li>\n<li>Le d\u00e9part doit se faire avant 13h.<\/li>\n<\/ul>\n<hr  class=\"x-hr\" >[\/vc_column][\/vc_row]\n<\/div>","protected":false},"excerpt":{"rendered":"<p>[vc_row padding_top=\u00a0\u00bb0px\u00a0\u00bb padding_bottom=\u00a0\u00bb0px\u00a0\u00bb][vc_column fade_animation_offset=\u00a0\u00bb45px\u00a0\u00bb width=\u00a0\u00bb1\/1&Prime;][contact-form-7 id=\u00a0\u00bb504&Prime; title=\u00a0\u00bbReserva\u00a0\u00bb][\/vc_column][\/vc_row]<\/p>\n","protected":false},"author":2,"featured_media":0,"parent":0,"menu_order":0,"comment_status":"closed","ping_status":"closed","template":"template-layout-full-width.php","meta":{"_acf_changed":false,"rs_blank_template":"","rs_page_bg_color":"","slide_template_v7":"","jetpack_post_was_ever_published":false,"footnotes":""},"class_list":["post-505","page","type-page","status-publish","hentry","no-post-thumbnail"],"acf":[],"yoast_head":"<!-- This site is optimized with the Yoast SEO plugin v27.4 - https:\/\/yoast.com\/product\/yoast-seo-wordpress\/ -->\n<title>R\u00e9servation d&#039;amarrage - Marina Santa Eulalia<\/title>\n<meta name=\"robots\" content=\"index, follow, max-snippet:-1, max-image-preview:large, max-video-preview:-1\" \/>\n<link rel=\"canonical\" href=\"https:\/\/marinasantaeulalia.com\/fr\/reservation-damarrage\/\" \/>\n<meta property=\"og:locale\" content=\"fr_FR\" \/>\n<meta property=\"og:type\" content=\"article\" \/>\n<meta property=\"og:title\" content=\"R\u00e9servation d&#039;amarrage - Marina Santa Eulalia\" \/>\n<meta property=\"og:description\" content=\"[vc_row padding_top=\u00a0\u00bb0px\u00a0\u00bb padding_bottom=\u00a0\u00bb0px\u00a0\u00bb][vc_column fade_animation_offset=\u00a0\u00bb45px\u00a0\u00bb width=\u00a0\u00bb1\/1&Prime;][contact-form-7 id=\u00a0\u00bb504&Prime; title=\u00a0\u00bbReserva\u00a0\u00bb][\/vc_column][\/vc_row]\" \/>\n<meta property=\"og:url\" content=\"https:\/\/marinasantaeulalia.com\/fr\/reservation-damarrage\/\" \/>\n<meta property=\"og:site_name\" content=\"Marina Santa Eulalia\" \/>\n<meta property=\"article:publisher\" content=\"https:\/\/www.facebook.com\/marinasantaeulaliaibiza\/\" \/>\n<meta property=\"article:modified_time\" content=\"2018-08-07T09:57:43+00:00\" \/>\n<meta name=\"twitter:card\" content=\"summary_large_image\" \/>\n<meta name=\"twitter:label1\" content=\"Dur\u00e9e de lecture estim\u00e9e\" \/>\n\t<meta name=\"twitter:data1\" content=\"1 minute\" \/>\n<script type=\"application\/ld+json\" class=\"yoast-schema-graph\">{\"@context\":\"https:\\\/\\\/schema.org\",\"@graph\":[{\"@type\":\"WebPage\",\"@id\":\"https:\\\/\\\/marinasantaeulalia.com\\\/fr\\\/reservation-damarrage\\\/\",\"url\":\"https:\\\/\\\/marinasantaeulalia.com\\\/fr\\\/reservation-damarrage\\\/\",\"name\":\"R\u00e9servation d'amarrage - Marina Santa Eulalia\",\"isPartOf\":{\"@id\":\"https:\\\/\\\/marinasantaeulalia.com\\\/#website\"},\"datePublished\":\"2015-05-18T10:56:02+00:00\",\"dateModified\":\"2018-08-07T09:57:43+00:00\",\"breadcrumb\":{\"@id\":\"https:\\\/\\\/marinasantaeulalia.com\\\/fr\\\/reservation-damarrage\\\/#breadcrumb\"},\"inLanguage\":\"fr-FR\",\"potentialAction\":[{\"@type\":\"ReadAction\",\"target\":[\"https:\\\/\\\/marinasantaeulalia.com\\\/fr\\\/reservation-damarrage\\\/\"]}]},{\"@type\":\"BreadcrumbList\",\"@id\":\"https:\\\/\\\/marinasantaeulalia.com\\\/fr\\\/reservation-damarrage\\\/#breadcrumb\",\"itemListElement\":[{\"@type\":\"ListItem\",\"position\":1,\"name\":\"Portada\",\"item\":\"https:\\\/\\\/marinasantaeulalia.com\\\/fr\\\/\"},{\"@type\":\"ListItem\",\"position\":2,\"name\":\"R\u00e9servation d&#8217;amarrage\"}]},{\"@type\":\"WebSite\",\"@id\":\"https:\\\/\\\/marinasantaeulalia.com\\\/#website\",\"url\":\"https:\\\/\\\/marinasantaeulalia.com\\\/\",\"name\":\"Marina Santa Eulalia\",\"description\":\"Puerto deportivo en Ibiza\",\"publisher\":{\"@id\":\"https:\\\/\\\/marinasantaeulalia.com\\\/#organization\"},\"potentialAction\":[{\"@type\":\"SearchAction\",\"target\":{\"@type\":\"EntryPoint\",\"urlTemplate\":\"https:\\\/\\\/marinasantaeulalia.com\\\/?s={search_term_string}\"},\"query-input\":{\"@type\":\"PropertyValueSpecification\",\"valueRequired\":true,\"valueName\":\"search_term_string\"}}],\"inLanguage\":\"fr-FR\"},{\"@type\":\"Organization\",\"@id\":\"https:\\\/\\\/marinasantaeulalia.com\\\/#organization\",\"name\":\"Marina Santa Eulalia Ibiza\",\"url\":\"https:\\\/\\\/marinasantaeulalia.com\\\/\",\"logo\":{\"@type\":\"ImageObject\",\"inLanguage\":\"fr-FR\",\"@id\":\"https:\\\/\\\/marinasantaeulalia.com\\\/#\\\/schema\\\/logo\\\/image\\\/\",\"url\":\"https:\\\/\\\/marinasantaeulalia.com\\\/wp-content\\\/uploads\\\/Logo_MarinaSantaEulaliaIbiza.jpg\",\"contentUrl\":\"https:\\\/\\\/marinasantaeulalia.com\\\/wp-content\\\/uploads\\\/Logo_MarinaSantaEulaliaIbiza.jpg\",\"width\":\"960\",\"height\":\"960\",\"caption\":\"Marina Santa Eulalia Ibiza\"},\"image\":{\"@id\":\"https:\\\/\\\/marinasantaeulalia.com\\\/#\\\/schema\\\/logo\\\/image\\\/\"},\"sameAs\":[\"https:\\\/\\\/www.facebook.com\\\/marinasantaeulaliaibiza\\\/\",\"http:\\\/\\\/www.instagram.com\\\/marinasantaeulaliaibiza\"]}]}<\/script>\n<!-- \/ Yoast SEO plugin. -->","yoast_head_json":{"title":"R\u00e9servation d'amarrage - Marina Santa Eulalia","robots":{"index":"index","follow":"follow","max-snippet":"max-snippet:-1","max-image-preview":"max-image-preview:large","max-video-preview":"max-video-preview:-1"},"canonical":"https:\/\/marinasantaeulalia.com\/fr\/reservation-damarrage\/","og_locale":"fr_FR","og_type":"article","og_title":"R\u00e9servation d'amarrage - Marina Santa Eulalia","og_description":"[vc_row padding_top=\u00a0\u00bb0px\u00a0\u00bb padding_bottom=\u00a0\u00bb0px\u00a0\u00bb][vc_column fade_animation_offset=\u00a0\u00bb45px\u00a0\u00bb width=\u00a0\u00bb1\/1&Prime;][contact-form-7 id=\u00a0\u00bb504&Prime; title=\u00a0\u00bbReserva\u00a0\u00bb][\/vc_column][\/vc_row]","og_url":"https:\/\/marinasantaeulalia.com\/fr\/reservation-damarrage\/","og_site_name":"Marina Santa Eulalia","article_publisher":"https:\/\/www.facebook.com\/marinasantaeulaliaibiza\/","article_modified_time":"2018-08-07T09:57:43+00:00","twitter_card":"summary_large_image","twitter_misc":{"Dur\u00e9e de lecture estim\u00e9e":"1 minute"},"schema":{"@context":"https:\/\/schema.org","@graph":[{"@type":"WebPage","@id":"https:\/\/marinasantaeulalia.com\/fr\/reservation-damarrage\/","url":"https:\/\/marinasantaeulalia.com\/fr\/reservation-damarrage\/","name":"R\u00e9servation d'amarrage - Marina Santa Eulalia","isPartOf":{"@id":"https:\/\/marinasantaeulalia.com\/#website"},"datePublished":"2015-05-18T10:56:02+00:00","dateModified":"2018-08-07T09:57:43+00:00","breadcrumb":{"@id":"https:\/\/marinasantaeulalia.com\/fr\/reservation-damarrage\/#breadcrumb"},"inLanguage":"fr-FR","potentialAction":[{"@type":"ReadAction","target":["https:\/\/marinasantaeulalia.com\/fr\/reservation-damarrage\/"]}]},{"@type":"BreadcrumbList","@id":"https:\/\/marinasantaeulalia.com\/fr\/reservation-damarrage\/#breadcrumb","itemListElement":[{"@type":"ListItem","position":1,"name":"Portada","item":"https:\/\/marinasantaeulalia.com\/fr\/"},{"@type":"ListItem","position":2,"name":"R\u00e9servation d&#8217;amarrage"}]},{"@type":"WebSite","@id":"https:\/\/marinasantaeulalia.com\/#website","url":"https:\/\/marinasantaeulalia.com\/","name":"Marina Santa Eulalia","description":"Puerto deportivo en Ibiza","publisher":{"@id":"https:\/\/marinasantaeulalia.com\/#organization"},"potentialAction":[{"@type":"SearchAction","target":{"@type":"EntryPoint","urlTemplate":"https:\/\/marinasantaeulalia.com\/?s={search_term_string}"},"query-input":{"@type":"PropertyValueSpecification","valueRequired":true,"valueName":"search_term_string"}}],"inLanguage":"fr-FR"},{"@type":"Organization","@id":"https:\/\/marinasantaeulalia.com\/#organization","name":"Marina Santa Eulalia Ibiza","url":"https:\/\/marinasantaeulalia.com\/","logo":{"@type":"ImageObject","inLanguage":"fr-FR","@id":"https:\/\/marinasantaeulalia.com\/#\/schema\/logo\/image\/","url":"https:\/\/marinasantaeulalia.com\/wp-content\/uploads\/Logo_MarinaSantaEulaliaIbiza.jpg","contentUrl":"https:\/\/marinasantaeulalia.com\/wp-content\/uploads\/Logo_MarinaSantaEulaliaIbiza.jpg","width":"960","height":"960","caption":"Marina Santa Eulalia Ibiza"},"image":{"@id":"https:\/\/marinasantaeulalia.com\/#\/schema\/logo\/image\/"},"sameAs":["https:\/\/www.facebook.com\/marinasantaeulaliaibiza\/","http:\/\/www.instagram.com\/marinasantaeulaliaibiza"]}]}},"jetpack_sharing_enabled":true,"jetpack_shortlink":"https:\/\/wp.me\/P9JVaN-89","_links":{"self":[{"href":"https:\/\/marinasantaeulalia.com\/fr\/wp-json\/wp\/v2\/pages\/505","targetHints":{"allow":["GET"]}}],"collection":[{"href":"https:\/\/marinasantaeulalia.com\/fr\/wp-json\/wp\/v2\/pages"}],"about":[{"href":"https:\/\/marinasantaeulalia.com\/fr\/wp-json\/wp\/v2\/types\/page"}],"author":[{"embeddable":true,"href":"https:\/\/marinasantaeulalia.com\/fr\/wp-json\/wp\/v2\/users\/2"}],"replies":[{"embeddable":true,"href":"https:\/\/marinasantaeulalia.com\/fr\/wp-json\/wp\/v2\/comments?post=505"}],"version-history":[{"count":0,"href":"https:\/\/marinasantaeulalia.com\/fr\/wp-json\/wp\/v2\/pages\/505\/revisions"}],"wp:attachment":[{"href":"https:\/\/marinasantaeulalia.com\/fr\/wp-json\/wp\/v2\/media?parent=505"}],"curies":[{"name":"wp","href":"https:\/\/api.w.org\/{rel}","templated":true}]}}