{"id":427,"date":"2014-11-25T13:37:28","date_gmt":"2014-11-25T13:37:28","guid":{"rendered":"http:\/\/marinasantaeulalia.com\/servicios-2\/"},"modified":"2025-06-04T12:56:57","modified_gmt":"2025-06-04T10:56:57","slug":"services","status":"publish","type":"page","link":"https:\/\/marinasantaeulalia.com\/fr\/services\/","title":{"rendered":"Services"},"content":{"rendered":"<div class=\"wpb-content-wrapper\">[vc_row no_margin=\u00a0\u00bbtrue\u00a0\u00bb padding_top=\u00a0\u00bb0px\u00a0\u00bb padding_bottom=\u00a0\u00bb0px\u00a0\u00bb border=\u00a0\u00bbnone\u00a0\u00bb][vc_column fade_animation_offset=\u00a0\u00bb45px\u00a0\u00bb][vc_column_text]<h1  class=\"h-feature-headline h3\" style=\"margin: 0;\"><span><i class=\"x-icon-info x-framework-icon\" data-x-icon-s=\"&#xf129;\" ><\/i>Prestations disponibles \u00e0 la MARINA SANTA EULALIA<\/span><\/h1>[\/vc_column_text][\/vc_column][\/vc_row][vc_row no_margin=\u00a0\u00bbtrue\u00a0\u00bb padding_top=\u00a0\u00bb0px\u00a0\u00bb padding_bottom=\u00a0\u00bb0px\u00a0\u00bb border=\u00a0\u00bbnone\u00a0\u00bb][vc_column width=\u00a0\u00bb1\/3&Prime; fade_animation_offset=\u00a0\u00bb45px\u00a0\u00bb][vc_column_text]<h3  class=\"h-custom-headline h4 accent\" ><span>SERVICES<\/span><\/h3><ul>\n<li>Capitainerie<\/li>\n<li>Station-service<\/li>\n<li>Parking (500 places)<\/li>\n<li>Sanitaires<\/li>\n<li>Eau &#8211; Poste d&rsquo;amarrage<\/li>\n<li>\u00c9lectricit\u00e9 &#8211; Poste d&rsquo;amarrage<\/li>\n<li>Assistance portuaire 24h\/24<\/li>\n<li>Canal 9 VHF<\/li>\n<li>Wi-Fi<\/li>\n<li>M\u00e9t\u00e9o<\/li>\n<li>Cales s\u00e8ches<\/li>\n<li>Courts de padel (<strong>R\u00e9servations: 971 33 64 07<\/strong>)<\/li>\n<li>Zone commerciale et serices nautiques<\/li>\n<li>Supermarch\u00e9<\/li>\n<li>Bars et restaurants<\/li>\n<li>Location de v\u00e9hicules<\/li>\n<li>Location de bateaux<\/li>\n<li>Blanchisserie<\/li>\n<li>Salon de coiffure<\/li>\n<li>Centre esth\u00e9tique<\/li>\n<li>Distributeur automatique<\/li>\n<\/ul>\n[\/vc_column_text][\/vc_column][vc_column width=\u00a0\u00bb1\/3&Prime; fade_animation_offset=\u00a0\u00bb45px\u00a0\u00bb][vc_column_text css=\u00a0\u00bb\u00a0\u00bb]<h3  class=\"h-custom-headline h4 accent\" ><span>CAPITAINERIE DU PORT<\/span><\/h3><p>Il s&rsquo;agit du centre n\u00e9vralgique du port qui propose les services suivants:<\/p>\n<ul>\n<li>Administration et gestion du port<\/li>\n<li>R\u00e9ception, contr\u00f4le et facturation<\/li>\n<li>Informations g\u00e9n\u00e9rales<\/li>\n<li>Gestion de l&rsquo;amarrage<\/li>\n<li>Gestion des cales s\u00e8ches<\/li>\n<li>Gestion de la communaut\u00e9 de propri\u00e9taires<\/li>\n<li>Gestion des locaux du port<\/li>\n<li>Gestion du parking<\/li>\n<li>Vestiaires, douches et toilettes<\/li>\n<\/ul>\n<h5>HORAIRES D&rsquo;\u00c9T\u00c9<\/h5>\n<p>Avril et Mai \u2013 Du lundi au dimanche: 09h00 \u00e0 19h00<br data-start=\"142\" data-end=\"145\" \/>Juin et Septembre \u2013 Du lundi au dimanche: 09h00 \u00e0 20h00<br data-start=\"205\" data-end=\"208\" \/>Juillet et Ao\u00fbt \u2013 Du lundi au dimanche: 09h00 \u00e0 20h30<\/p>\n<h5>HORAIRES D&rsquo;HIVER<\/h5>\n<p data-start=\"270\" data-end=\"423\">Octobre \u2013 Du lundi au vendredi: 09h00 \u00e0 19h00<br data-start=\"358\" data-end=\"361\" \/>Samedis de 09h00 \u00e0 14h00 | Dimanches et jours f\u00e9ri\u00e9s: Ferm\u00e9<br \/>\nDe novembre \u00e0 mars \u2013 Du lundi au vendredi: 09h00 \u00e0 18h00<br data-start=\"486\" data-end=\"489\" \/>Samedis de 09h00 \u00e0 14h00 | Dimanches et jours f\u00e9ri\u00e9s: Ferm\u00e9<\/p>\n\n[\/vc_column_text][\/vc_column][vc_column width=\u00a0\u00bb1\/3&Prime; fade_animation_offset=\u00a0\u00bb45px\u00a0\u00bb][vc_column_text css=\u00a0\u00bb\u00a0\u00bb]<h3  class=\"h-custom-headline h4 accent\" ><span>STATION-SERVICE<\/span><\/h3><p>Sans plomb 95 octane et gasoil A<\/p>\n<h6>HORAIRES D&rsquo;\u00c9T\u00c9<\/h6>\n<p>Du lundi au dimanche : 08h30 \u00e0 20h<\/p>\n<h6>HORAIRES D&rsquo;HIVER<\/h6>\n<p>Du lundi au vendredi\u00a0: 9h \u00e0 18h<br \/>\nSamedi, dimanche et jours f\u00e9ri\u00e9s\u00a0: 9h \u00e0 14h<\/p>\n<p>Sur la digue, \u00e0 partir de 16 m\u00e8tres, se trouve un acc\u00e8s direct au gasoil sur le point d&rsquo;amarrage.<\/p>\n<h3  class=\"h-custom-headline h4 accent\" ><span>SERVICE D&rsquo;ASSISTANCE PORTUAIRE<\/span><\/h3><h6>HORAIRES D&rsquo;\u00c9T\u00c9<\/h6>\n<p>Du lundi au dimanche\u00a0: 8h \u00e0 22h<\/p>\n<h6>HORAIRES D&rsquo;HIVER<\/h6>\n<p>Du lundi au dimanche\u00a0: 8h \u00e0 22h<\/p>\n[\/vc_column_text][\/vc_column][\/vc_row][vc_row no_margin=\u00a0\u00bbtrue\u00a0\u00bb padding_top=\u00a0\u00bb0px\u00a0\u00bb padding_bottom=\u00a0\u00bb0px\u00a0\u00bb border=\u00a0\u00bbnone\u00a0\u00bb][vc_column fade_animation_offset=\u00a0\u00bb45px\u00a0\u00bb][vc_column_text]<h3  class=\"h-custom-headline h4 accent\" ><span>FORMALIT\u00c9S ET ENTR\u00c9E AU PORT<\/span><\/h3><p style=\"text-align: justify;\">Tout bateau souhaitant mouiller au port doit en notifier le personnel via VHF (canal 9) et suivre les instructions fournies par la capitainerie. Il faudra ensuite se rendre aux bureaux pour y pr\u00e9senter les documents et l&rsquo;attestation d&rsquo;assurance en cours de validit\u00e9 de l&#8217;embarcation, remplir le formulaire d&rsquo;arriv\u00e9e et louer les services requis.<br \/>\nL&rsquo;utilisateur devra notifier son d\u00e9part 24 heures \u00e0 l&rsquo;avance et s&rsquo;acquitter des frais de service. Le point d&rsquo;amarrage doit \u00eatre lib\u00e9r\u00e9 avant 13h, le jour du d\u00e9part.<\/p>\n[\/vc_column_text][\/vc_column][\/vc_row]\n<\/div>","protected":false},"excerpt":{"rendered":"<p>[vc_row no_margin=\u00a0\u00bbtrue\u00a0\u00bb padding_top=\u00a0\u00bb0px\u00a0\u00bb padding_bottom=\u00a0\u00bb0px\u00a0\u00bb border=\u00a0\u00bbnone\u00a0\u00bb][vc_column fade_animation_offset=\u00a0\u00bb45px\u00a0\u00bb][vc_column_text][\/vc_column_text][\/vc_column][\/vc_row][vc_row no_margin=\u00a0\u00bbtrue\u00a0\u00bb padding_top=\u00a0\u00bb0px\u00a0\u00bb padding_bottom=\u00a0\u00bb0px\u00a0\u00bb border=\u00a0\u00bbnone\u00a0\u00bb][vc_column width=\u00a0\u00bb1\/3&Prime; fade_animation_offset=\u00a0\u00bb45px\u00a0\u00bb][vc_column_text][\/vc_column_text][\/vc_column][vc_column width=\u00a0\u00bb1\/3&Prime; fade_animation_offset=\u00a0\u00bb45px\u00a0\u00bb][vc_column_text css=\u00a0\u00bb\u00a0\u00bb] [\/vc_column_text][\/vc_column][vc_column width=\u00a0\u00bb1\/3&Prime; fade_animation_offset=\u00a0\u00bb45px\u00a0\u00bb][vc_column_text css=\u00a0\u00bb\u00a0\u00bb][\/vc_column_text][\/vc_column][\/vc_row][vc_row no_margin=\u00a0\u00bbtrue\u00a0\u00bb padding_top=\u00a0\u00bb0px\u00a0\u00bb padding_bottom=\u00a0\u00bb0px\u00a0\u00bb border=\u00a0\u00bbnone\u00a0\u00bb][vc_column fade_animation_offset=\u00a0\u00bb45px\u00a0\u00bb][vc_column_text][\/vc_column_text][\/vc_column][\/vc_row]<\/p>\n","protected":false},"author":2,"featured_media":0,"parent":0,"menu_order":0,"comment_status":"closed","ping_status":"closed","template":"template-layout-full-width.php","meta":{"_acf_changed":false,"rs_blank_template":"","rs_page_bg_color":"","slide_template_v7":"","footnotes":""},"class_list":["post-427","page","type-page","status-publish","hentry","no-post-thumbnail"],"acf":[],"yoast_head":"<!-- This site is optimized with the Yoast SEO plugin v27.6 - https:\/\/yoast.com\/product\/yoast-seo-wordpress\/ -->\n<title>Services - Marina Santa Eulalia<\/title>\n<meta name=\"robots\" content=\"index, follow, max-snippet:-1, max-image-preview:large, max-video-preview:-1\" \/>\n<link rel=\"canonical\" href=\"https:\/\/marinasantaeulalia.com\/fr\/services\/\" \/>\n<meta property=\"og:locale\" content=\"fr_FR\" \/>\n<meta property=\"og:type\" content=\"article\" \/>\n<meta property=\"og:title\" content=\"Services - Marina Santa Eulalia\" \/>\n<meta property=\"og:description\" content=\"[vc_row no_margin=\u00a0\u00bbtrue\u00a0\u00bb padding_top=\u00a0\u00bb0px\u00a0\u00bb padding_bottom=\u00a0\u00bb0px\u00a0\u00bb border=\u00a0\u00bbnone\u00a0\u00bb][vc_column fade_animation_offset=\u00a0\u00bb45px\u00a0\u00bb][vc_column_text][\/vc_column_text][\/vc_column][\/vc_row][vc_row no_margin=\u00a0\u00bbtrue\u00a0\u00bb padding_top=\u00a0\u00bb0px\u00a0\u00bb padding_bottom=\u00a0\u00bb0px\u00a0\u00bb border=\u00a0\u00bbnone\u00a0\u00bb][vc_column width=\u00a0\u00bb1\/3&Prime; fade_animation_offset=\u00a0\u00bb45px\u00a0\u00bb][vc_column_text][\/vc_column_text][\/vc_column][vc_column width=\u00a0\u00bb1\/3&Prime; fade_animation_offset=\u00a0\u00bb45px\u00a0\u00bb][vc_column_text css=\u00a0\u00bb\u00a0\u00bb] [\/vc_column_text][\/vc_column][vc_column width=\u00a0\u00bb1\/3&Prime; fade_animation_offset=\u00a0\u00bb45px\u00a0\u00bb][vc_column_text css=\u00a0\u00bb\u00a0\u00bb][\/vc_column_text][\/vc_column][\/vc_row][vc_row no_margin=\u00a0\u00bbtrue\u00a0\u00bb padding_top=\u00a0\u00bb0px\u00a0\u00bb padding_bottom=\u00a0\u00bb0px\u00a0\u00bb border=\u00a0\u00bbnone\u00a0\u00bb][vc_column fade_animation_offset=\u00a0\u00bb45px\u00a0\u00bb][vc_column_text][\/vc_column_text][\/vc_column][\/vc_row]\" \/>\n<meta property=\"og:url\" content=\"https:\/\/marinasantaeulalia.com\/fr\/services\/\" \/>\n<meta property=\"og:site_name\" content=\"Marina Santa Eulalia\" \/>\n<meta property=\"article:publisher\" content=\"https:\/\/www.facebook.com\/marinasantaeulaliaibiza\/\" \/>\n<meta property=\"article:modified_time\" content=\"2025-06-04T10:56:57+00:00\" \/>\n<meta name=\"twitter:card\" content=\"summary_large_image\" \/>\n<meta name=\"twitter:label1\" content=\"Dur\u00e9e de lecture estim\u00e9e\" \/>\n\t<meta name=\"twitter:data1\" content=\"2 minutes\" \/>\n<script type=\"application\/ld+json\" class=\"yoast-schema-graph\">{\"@context\":\"https:\\\/\\\/schema.org\",\"@graph\":[{\"@type\":\"WebPage\",\"@id\":\"https:\\\/\\\/marinasantaeulalia.com\\\/fr\\\/services\\\/\",\"url\":\"https:\\\/\\\/marinasantaeulalia.com\\\/fr\\\/services\\\/\",\"name\":\"Services - Marina Santa Eulalia\",\"isPartOf\":{\"@id\":\"https:\\\/\\\/marinasantaeulalia.com\\\/#website\"},\"datePublished\":\"2014-11-25T13:37:28+00:00\",\"dateModified\":\"2025-06-04T10:56:57+00:00\",\"breadcrumb\":{\"@id\":\"https:\\\/\\\/marinasantaeulalia.com\\\/fr\\\/services\\\/#breadcrumb\"},\"inLanguage\":\"fr-FR\",\"potentialAction\":[{\"@type\":\"ReadAction\",\"target\":[\"https:\\\/\\\/marinasantaeulalia.com\\\/fr\\\/services\\\/\"]}]},{\"@type\":\"BreadcrumbList\",\"@id\":\"https:\\\/\\\/marinasantaeulalia.com\\\/fr\\\/services\\\/#breadcrumb\",\"itemListElement\":[{\"@type\":\"ListItem\",\"position\":1,\"name\":\"Portada\",\"item\":\"https:\\\/\\\/marinasantaeulalia.com\\\/fr\\\/\"},{\"@type\":\"ListItem\",\"position\":2,\"name\":\"Services\"}]},{\"@type\":\"WebSite\",\"@id\":\"https:\\\/\\\/marinasantaeulalia.com\\\/#website\",\"url\":\"https:\\\/\\\/marinasantaeulalia.com\\\/\",\"name\":\"Marina Santa Eulalia\",\"description\":\"Puerto deportivo en Ibiza\",\"publisher\":{\"@id\":\"https:\\\/\\\/marinasantaeulalia.com\\\/#organization\"},\"potentialAction\":[{\"@type\":\"SearchAction\",\"target\":{\"@type\":\"EntryPoint\",\"urlTemplate\":\"https:\\\/\\\/marinasantaeulalia.com\\\/?s={search_term_string}\"},\"query-input\":{\"@type\":\"PropertyValueSpecification\",\"valueRequired\":true,\"valueName\":\"search_term_string\"}}],\"inLanguage\":\"fr-FR\"},{\"@type\":\"Organization\",\"@id\":\"https:\\\/\\\/marinasantaeulalia.com\\\/#organization\",\"name\":\"Marina Santa Eulalia Ibiza\",\"url\":\"https:\\\/\\\/marinasantaeulalia.com\\\/\",\"logo\":{\"@type\":\"ImageObject\",\"inLanguage\":\"fr-FR\",\"@id\":\"https:\\\/\\\/marinasantaeulalia.com\\\/#\\\/schema\\\/logo\\\/image\\\/\",\"url\":\"https:\\\/\\\/marinasantaeulalia.com\\\/wp-content\\\/uploads\\\/Logo_MarinaSantaEulaliaIbiza.jpg\",\"contentUrl\":\"https:\\\/\\\/marinasantaeulalia.com\\\/wp-content\\\/uploads\\\/Logo_MarinaSantaEulaliaIbiza.jpg\",\"width\":\"960\",\"height\":\"960\",\"caption\":\"Marina Santa Eulalia Ibiza\"},\"image\":{\"@id\":\"https:\\\/\\\/marinasantaeulalia.com\\\/#\\\/schema\\\/logo\\\/image\\\/\"},\"sameAs\":[\"https:\\\/\\\/www.facebook.com\\\/marinasantaeulaliaibiza\\\/\",\"http:\\\/\\\/www.instagram.com\\\/marinasantaeulaliaibiza\"]}]}<\/script>\n<!-- \/ Yoast SEO plugin. -->","yoast_head_json":{"title":"Services - Marina Santa Eulalia","robots":{"index":"index","follow":"follow","max-snippet":"max-snippet:-1","max-image-preview":"max-image-preview:large","max-video-preview":"max-video-preview:-1"},"canonical":"https:\/\/marinasantaeulalia.com\/fr\/services\/","og_locale":"fr_FR","og_type":"article","og_title":"Services - Marina Santa Eulalia","og_description":"[vc_row no_margin=\u00a0\u00bbtrue\u00a0\u00bb padding_top=\u00a0\u00bb0px\u00a0\u00bb padding_bottom=\u00a0\u00bb0px\u00a0\u00bb border=\u00a0\u00bbnone\u00a0\u00bb][vc_column fade_animation_offset=\u00a0\u00bb45px\u00a0\u00bb][vc_column_text][\/vc_column_text][\/vc_column][\/vc_row][vc_row no_margin=\u00a0\u00bbtrue\u00a0\u00bb padding_top=\u00a0\u00bb0px\u00a0\u00bb padding_bottom=\u00a0\u00bb0px\u00a0\u00bb border=\u00a0\u00bbnone\u00a0\u00bb][vc_column width=\u00a0\u00bb1\/3&Prime; fade_animation_offset=\u00a0\u00bb45px\u00a0\u00bb][vc_column_text][\/vc_column_text][\/vc_column][vc_column width=\u00a0\u00bb1\/3&Prime; fade_animation_offset=\u00a0\u00bb45px\u00a0\u00bb][vc_column_text css=\u00a0\u00bb\u00a0\u00bb] [\/vc_column_text][\/vc_column][vc_column width=\u00a0\u00bb1\/3&Prime; fade_animation_offset=\u00a0\u00bb45px\u00a0\u00bb][vc_column_text css=\u00a0\u00bb\u00a0\u00bb][\/vc_column_text][\/vc_column][\/vc_row][vc_row no_margin=\u00a0\u00bbtrue\u00a0\u00bb padding_top=\u00a0\u00bb0px\u00a0\u00bb padding_bottom=\u00a0\u00bb0px\u00a0\u00bb border=\u00a0\u00bbnone\u00a0\u00bb][vc_column fade_animation_offset=\u00a0\u00bb45px\u00a0\u00bb][vc_column_text][\/vc_column_text][\/vc_column][\/vc_row]","og_url":"https:\/\/marinasantaeulalia.com\/fr\/services\/","og_site_name":"Marina Santa Eulalia","article_publisher":"https:\/\/www.facebook.com\/marinasantaeulaliaibiza\/","article_modified_time":"2025-06-04T10:56:57+00:00","twitter_card":"summary_large_image","twitter_misc":{"Dur\u00e9e de lecture estim\u00e9e":"2 minutes"},"schema":{"@context":"https:\/\/schema.org","@graph":[{"@type":"WebPage","@id":"https:\/\/marinasantaeulalia.com\/fr\/services\/","url":"https:\/\/marinasantaeulalia.com\/fr\/services\/","name":"Services - Marina Santa Eulalia","isPartOf":{"@id":"https:\/\/marinasantaeulalia.com\/#website"},"datePublished":"2014-11-25T13:37:28+00:00","dateModified":"2025-06-04T10:56:57+00:00","breadcrumb":{"@id":"https:\/\/marinasantaeulalia.com\/fr\/services\/#breadcrumb"},"inLanguage":"fr-FR","potentialAction":[{"@type":"ReadAction","target":["https:\/\/marinasantaeulalia.com\/fr\/services\/"]}]},{"@type":"BreadcrumbList","@id":"https:\/\/marinasantaeulalia.com\/fr\/services\/#breadcrumb","itemListElement":[{"@type":"ListItem","position":1,"name":"Portada","item":"https:\/\/marinasantaeulalia.com\/fr\/"},{"@type":"ListItem","position":2,"name":"Services"}]},{"@type":"WebSite","@id":"https:\/\/marinasantaeulalia.com\/#website","url":"https:\/\/marinasantaeulalia.com\/","name":"Marina Santa Eulalia","description":"Puerto deportivo en Ibiza","publisher":{"@id":"https:\/\/marinasantaeulalia.com\/#organization"},"potentialAction":[{"@type":"SearchAction","target":{"@type":"EntryPoint","urlTemplate":"https:\/\/marinasantaeulalia.com\/?s={search_term_string}"},"query-input":{"@type":"PropertyValueSpecification","valueRequired":true,"valueName":"search_term_string"}}],"inLanguage":"fr-FR"},{"@type":"Organization","@id":"https:\/\/marinasantaeulalia.com\/#organization","name":"Marina Santa Eulalia Ibiza","url":"https:\/\/marinasantaeulalia.com\/","logo":{"@type":"ImageObject","inLanguage":"fr-FR","@id":"https:\/\/marinasantaeulalia.com\/#\/schema\/logo\/image\/","url":"https:\/\/marinasantaeulalia.com\/wp-content\/uploads\/Logo_MarinaSantaEulaliaIbiza.jpg","contentUrl":"https:\/\/marinasantaeulalia.com\/wp-content\/uploads\/Logo_MarinaSantaEulaliaIbiza.jpg","width":"960","height":"960","caption":"Marina Santa Eulalia Ibiza"},"image":{"@id":"https:\/\/marinasantaeulalia.com\/#\/schema\/logo\/image\/"},"sameAs":["https:\/\/www.facebook.com\/marinasantaeulaliaibiza\/","http:\/\/www.instagram.com\/marinasantaeulaliaibiza"]}]}},"jetpack_sharing_enabled":true,"jetpack_shortlink":"https:\/\/wp.me\/P9JVaN-6T","_links":{"self":[{"href":"https:\/\/marinasantaeulalia.com\/fr\/wp-json\/wp\/v2\/pages\/427","targetHints":{"allow":["GET"]}}],"collection":[{"href":"https:\/\/marinasantaeulalia.com\/fr\/wp-json\/wp\/v2\/pages"}],"about":[{"href":"https:\/\/marinasantaeulalia.com\/fr\/wp-json\/wp\/v2\/types\/page"}],"author":[{"embeddable":true,"href":"https:\/\/marinasantaeulalia.com\/fr\/wp-json\/wp\/v2\/users\/2"}],"replies":[{"embeddable":true,"href":"https:\/\/marinasantaeulalia.com\/fr\/wp-json\/wp\/v2\/comments?post=427"}],"version-history":[{"count":0,"href":"https:\/\/marinasantaeulalia.com\/fr\/wp-json\/wp\/v2\/pages\/427\/revisions"}],"wp:attachment":[{"href":"https:\/\/marinasantaeulalia.com\/fr\/wp-json\/wp\/v2\/media?parent=427"}],"curies":[{"name":"wp","href":"https:\/\/api.w.org\/{rel}","templated":true}]}}