{"id":422,"date":"2015-05-12T11:05:43","date_gmt":"2015-05-12T11:05:43","guid":{"rendered":"http:\/\/marinasantaeulalia.com\/?page_id=422"},"modified":"2022-03-18T10:56:42","modified_gmt":"2022-03-18T10:56:42","slug":"home","status":"publish","type":"page","link":"https:\/\/marinasantaeulalia.com\/fr\/","title":{"rendered":"Home"},"content":{"rendered":"<div class=\"wpb-content-wrapper\">[vc_row padding_top=\u00a0\u00bb0px\u00a0\u00bb padding_bottom=\u00a0\u00bb0px\u00a0\u00bb bg_video=\u00a0\u00bb\u00a0\u00bb class=\u00a0\u00bbslider-desktop\u00a0\u00bb style=\u00a0\u00bb\u00a0\u00bb css=\u00a0\u00bb.vc_custom_1566541924925{margin-bottom: 30px !important;}\u00a0\u00bb][vc_column fade_animation_offset=\u00a0\u00bb45px\u00a0\u00bb][\/vc_column][\/vc_row][vc_row no_margin=\u00a0\u00bbtrue\u00a0\u00bb padding_top=\u00a0\u00bb0px\u00a0\u00bb padding_bottom=\u00a0\u00bb0px\u00a0\u00bb border=\u00a0\u00bbnone\u00a0\u00bb][vc_column fade_animation=\u00a0\u00bbin\u00a0\u00bb fade_animation_offset=\u00a0\u00bb45px\u00a0\u00bb][vc_column_text]<h1  class=\"h-custom-headline center-text h3\" style=\"margin:0\"><span>Bienvenue \u00e0 Marina Santa Eulalia<\/span><\/h1>[\/vc_column_text][\/vc_column][\/vc_row][vc_row padding_top=\u00a0\u00bb0px\u00a0\u00bb padding_bottom=\u00a0\u00bb0px\u00a0\u00bb el_class=\u00a0\u00bbcaja-home\u00a0\u00bb][vc_column width=\u00a0\u00bb1\/3&Prime; fade_animation_offset=\u00a0\u00bb45px\u00a0\u00bb][vc_column_text]<a href=\"https:\/\/marinasantaeulalia.com\/fr\/amarrage\/\"><img decoding=\"async\" src=\"https:\/\/marinasantaeulalia.com\/wp-content\/uploads\/Reserva-tu-amarre-Frances.jpg\" alt=\"Amarrege\" \/><\/a>[\/vc_column_text][\/vc_column][vc_column width=\u00a0\u00bb1\/3&Prime; fade_animation_offset=\u00a0\u00bb45px\u00a0\u00bb][vc_column_text]<a href=\"https:\/\/marinasantaeulalia.com\/fr\/les-environs\/\"><img decoding=\"async\" src=\"https:\/\/marinasantaeulalia.com\/wp-content\/uploads\/Conoce-Ibiza-Frances.jpg\" alt=\"Environs\" \/><\/a>[\/vc_column_text][\/vc_column][vc_column width=\u00a0\u00bb1\/3&Prime; fade_animation_offset=\u00a0\u00bb45px\u00a0\u00bb][vc_column_text]<a href=\"https:\/\/marinasantaeulalia.com\/fr\/services\/\"><img decoding=\"async\" src=\"https:\/\/marinasantaeulalia.com\/wp-content\/uploads\/Servicios-Frances.jpg\" alt=\"Services\" \/><\/a>[\/vc_column_text][\/vc_column][\/vc_row][vc_row padding_top=\u00a0\u00bb0px\u00a0\u00bb padding_bottom=\u00a0\u00bb0px\u00a0\u00bb][vc_column fade_animation_offset=\u00a0\u00bb45px\u00a0\u00bb][vc_column_text]<h3  class=\"h-custom-headline h5\" style=\"margin:0\"><span>Calculez votre s\u00e9jour \u00e0 Ibiza<\/span><\/h3>[contact-form-7 id=\u00a0\u00bb851&Prime;][vc_raw_js]JTNDc2NyaXB0JTIwdHlwZSUzRCUyMnRleHQlMkZqYXZhc2NyaXB0JTIyJTNFJTBBalF1ZXJ5JTI4ZG9jdW1lbnQlMjkucmVhZHklMjhmdW5jdGlvbiUyOCUyNCUyOSU3QiUwQSUwOSUyNCUyOCUyNy53cGNmNy1zdWJtaXQlMjclMjkuY2xpY2slMjhmdW5jdGlvbiUyOGUlMjklN0IlMEElMDklMDllLnByZXZlbnREZWZhdWx0JTI4JTI5JTNCJTBBJTA5JTA5dmFyJTIwZXNsb3JhJTIwJTNEJTIwJTI0JTI4JTI3aW5wdXQlNUJuYW1lJTNEJTIyZXNsb3JhJTIyJTVEJTI3JTI5LnZhbCUyOCUyOSUzQiUwQSUwOSUwOXZhciUyMG1hbmdhJTIwJTNEJTIwJTI0JTI4JTI3aW5wdXQlNUJuYW1lJTNEJTIybWFuZ2ElMjIlNUQlMjclMjkudmFsJTI4JTI5JTNCJTBBJTA5JTA5dmFyJTIwc3RhcnQlMjAlM0QlMjAlMjQlMjglMjdpbnB1dCU1Qm5hbWUlM0QlMjJlbnRyYWRhJTIyJTVEJTI3JTI5LnZhbCUyOCUyOSUzQiUwQSUwOSUwOXZhciUyMGVuZCUyMCUzRCUyMCUyNCUyOCUyN2lucHV0JTVCbmFtZSUzRCUyMnNhbGlkYSUyMiU1RCUyNyUyOS52YWwlMjglMjklM0IlMEElMDklMDklMjQuYWpheCUyOCU3QiUwQSUwOSUwOSUwOW1ldGhvZCUzQSUyMCUyMlBPU1QlMjIlMkMlMEElMDklMDklMDl1cmwlM0ElMjAlMjclMkZ3cC1hZG1pbiUyRmFkbWluLWFqYXgucGhwJTI3JTJDJTBBJTA5JTA5JTA5ZGF0YSUzQSUyMCU3QiUwQSUwOSUwOSUwOSUwOSUyN2FjdGlvbiUyNyUzQSUyMCUyN2NhbGN1bGF0ZV9wcmljZSUyNyUyQyUwQSUwOSUwOSUwOSUwOSUyN2VzbG9yYSUyNyUzQSUyMGVzbG9yYSUyQyUwQSUwOSUwOSUwOSUwOSUyN21hbmdhJTI3JTIwJTNBJTIwbWFuZ2ElMkMlMEElMDklMDklMDklMDklMjdzdGFydCUyNyUyMCUzQSUyMHN0YXJ0JTJDJTBBJTA5JTA5JTA5JTA5JTI3ZW5kJTI3JTIwJTIwJTIwJTNBJTIwZW5kJTBBJTA5JTA5JTA5JTdEJTBBJTA5JTA5JTdEJTI5LmRvbmUlMjhmdW5jdGlvbiUyOHJlc3BvbnNlJTI5JTdCJTBBJTA5JTA5JTA5d2luZG93LmxvY2F0aW9uLmhyZWYlMjAlM0QlMjAlMjIlMkZhbWFycmVzJTJGJTNGZXNsb3JhJTNEJTIyJTJCZXNsb3JhJTJCJTIyJTI2bWFuZ2ElM0QlMjIlMkJtYW5nYSUyQiUyMiUyNmVudHJhZGElM0QlMjIlMkJzdGFydCUyQiUyMiUyNnNhbGlkYSUzRCUyMiUyQmVuZCUyQiUyMiUyNnRvdGFsJTNEJTIyJTJCcmVzcG9uc2UlM0IlMEElMDklMDklN0QlMjkuZmFpbCUyOGZ1bmN0aW9uJTI4ZGF0YSUyOSU3QiUwQSUwOSUwOSUwOWNvbnNvbGUubG9nJTI4JTI3RmFpbGVkJTIwQUpBWCUyMENhbGwlMjAlM0ElMjglMjAlMkYlMkYlMkZSZXR1cm4lMjBEYXRhJTNBJTIwJTI3JTI5JTBBJTA5JTA5JTA5Y29uc29sZS5sb2clMjhkYXRhJTI5JTNCJTBBJTA5JTA5JTdEJTI5JTNCJTBBJTA5JTdEJTI5JTNCJTBBJTI0JTI4JTI3JTIzZnJvbSUyNyUyOS5jaGFuZ2UlMjhmdW5jdGlvbiUyOCUyOSU3QiUwQSUwOSUwOXZhciUyMHN0YXJ0JTIwJTNEJTIwJTI0JTI4JTI3aW5wdXQlNUJuYW1lJTNEJTIyZW50cmFkYSUyMiU1RCUyNyUyOS52YWwlMjglMjklM0IlMEElMDklMDlzdGFydCUyMCUzRCUyMHN0YXJ0LnNwbGl0JTI4JTIyJTJGJTIyJTI5JTNCJTBBJTA5JTA5dmFyJTIwbWluRGF0ZSUyMCUzRCUyMG5ldyUyMERhdGUlMjhzdGFydCU1QjIlNUQlMkMlMjBzdGFydCU1QjElNUQlMjAtJTIwMSUyQyUyMHN0YXJ0JTVCMCU1RCUyOSUzQiUwQSUwOSUwOW1pbkRhdGUuc2V0RGF0ZSUyOG1pbkRhdGUuZ2V0RGF0ZSUyOCUyOSUyQjElMjklM0IlMEElMDklMDklMjQlMjglMjAlMjIlMjN0byUyMiUyMCUyOS5kYXRlcGlja2VyJTI4JTIwJTIyb3B0aW9uJTIyJTJDJTIwJTIybWluRGF0ZSUyMiUyQyUyMG1pbkRhdGUlMjAlMjklM0IlMEElMDklN0QlMjklM0IlMEElN0QlMjklM0IlMjAlM0MlMkZzY3JpcHQlM0U=[\/vc_raw_js][\/vc_column_text][\/vc_column][\/vc_row][vc_row padding_top=\u00a0\u00bb0px\u00a0\u00bb padding_bottom=\u00a0\u00bb0px\u00a0\u00bb][vc_column fade_animation_offset=\u00a0\u00bb45px\u00a0\u00bb][vc_column_text]<p style=\"text-align: justify;\">La <strong>Marina Santa Eulalia<\/strong> est situ\u00e9e dans un lieu unique, \u00e0 14\u00a0km seulement de la ville d&rsquo;<a href=\"http:\/\/www.ibiza.travel\/fr\/empresa.php?fid=322&amp;ct=nautisme\" target=\"_blank\" rel=\"noopener noreferrer\">Ibiza<\/a>. Son emplacement g\u00e9ographique est id\u00e9al pour d\u00e9couvrir les diff\u00e9rentes criques et plages du coin et passer des moments de grande d\u00e9tente en voguant dans les eaux limpides environnantes. C&rsquo;est depuis ce port de base que l&rsquo;on peut explorer la c\u00f4te sud-est de Cala d&rsquo;en Serra \u00e0 Es Freus qui constitue, avec la partie septentrionale de l&rsquo;\u00eele, le lieu de pr\u00e9dilection des habitants locaux d\u00e9sirant \u00e9chapper \u00e0 la foule estivale.<\/p>\n<p style=\"text-align: justify;\">Nous disposons de postes d&rsquo;amarrage pour des bateaux <strong>de 6 \u00e0 22 m\u00e8tres<\/strong>. Pour en savoir plus sur l&rsquo;amarrage de bateaux plus longs, cliquez <a href=\"mailto:info@marinasantaeulalia.com\">ici<\/a>.<\/p>\n<p style=\"text-align: justify;\">Profitez de votre temps libre pour visiter la <strong>zone commerciale du port<\/strong> et y d\u00e9couvrir ses nombreux restaurants, bars et caf\u00e9s, boutiques, prestations nautiques et autres nombreux <a title=\"Services\" href=\"https:\/\/marinasantaeulalia.com\/fr\/services\/\">services<\/a>.<\/p>\n<p style=\"text-align: justify;\">Avec ses 572 km2 de superficie et ses 170 km de littoral, <a href=\"http:\/\/www.ibiza.travel\/fr\/\" target=\"_blank\" rel=\"noopener noreferrer\">Ibiza<\/a> est une destination id\u00e9ale \u00e0 d\u00e9couvrir depuis la mer.<\/p>\n[\/vc_column_text][\/vc_column][\/vc_row]\n<\/div>","protected":false},"excerpt":{"rendered":"<p>[vc_row padding_top=\u00a0\u00bb0px\u00a0\u00bb padding_bottom=\u00a0\u00bb0px\u00a0\u00bb bg_video=\u00a0\u00bb\u00a0\u00bb class=\u00a0\u00bbslider-desktop\u00a0\u00bb style=\u00a0\u00bb\u00a0\u00bb css=\u00a0\u00bb.vc_custom_1566541924925{margin-bottom: 30px !important;}\u00a0\u00bb][vc_column fade_animation_offset=\u00a0\u00bb45px\u00a0\u00bb][\/vc_column][\/vc_row][vc_row no_margin=\u00a0\u00bbtrue\u00a0\u00bb padding_top=\u00a0\u00bb0px\u00a0\u00bb padding_bottom=\u00a0\u00bb0px\u00a0\u00bb border=\u00a0\u00bbnone\u00a0\u00bb][vc_column fade_animation=\u00a0\u00bbin\u00a0\u00bb fade_animation_offset=\u00a0\u00bb45px\u00a0\u00bb][vc_column_text][\/vc_column_text][\/vc_column][\/vc_row][vc_row padding_top=\u00a0\u00bb0px\u00a0\u00bb padding_bottom=\u00a0\u00bb0px\u00a0\u00bb el_class=\u00a0\u00bbcaja-home\u00a0\u00bb][vc_column width=\u00a0\u00bb1\/3&Prime; fade_animation_offset=\u00a0\u00bb45px\u00a0\u00bb][vc_column_text][\/vc_column_text][\/vc_column][vc_column width=\u00a0\u00bb1\/3&Prime; fade_animation_offset=\u00a0\u00bb45px\u00a0\u00bb][vc_column_text][\/vc_column_text][\/vc_column][vc_column width=\u00a0\u00bb1\/3&Prime; fade_animation_offset=\u00a0\u00bb45px\u00a0\u00bb][vc_column_text][\/vc_column_text][\/vc_column][\/vc_row][vc_row padding_top=\u00a0\u00bb0px\u00a0\u00bb padding_bottom=\u00a0\u00bb0px\u00a0\u00bb][vc_column fade_animation_offset=\u00a0\u00bb45px\u00a0\u00bb][vc_column_text][contact-form-7 id=\u00a0\u00bb851&Prime;][vc_raw_js]JTNDc2NyaXB0JTIwdHlwZSUzRCUyMnRleHQlMkZqYXZhc2NyaXB0JTIyJTNFJTBBalF1ZXJ5JTI4ZG9jdW1lbnQlMjkucmVhZHklMjhmdW5jdGlvbiUyOCUyNCUyOSU3QiUwQSUwOSUyNCUyOCUyNy53cGNmNy1zdWJtaXQlMjclMjkuY2xpY2slMjhmdW5jdGlvbiUyOGUlMjklN0IlMEElMDklMDllLnByZXZlbnREZWZhdWx0JTI4JTI5JTNCJTBBJTA5JTA5dmFyJTIwZXNsb3JhJTIwJTNEJTIwJTI0JTI4JTI3aW5wdXQlNUJuYW1lJTNEJTIyZXNsb3JhJTIyJTVEJTI3JTI5LnZhbCUyOCUyOSUzQiUwQSUwOSUwOXZhciUyMG1hbmdhJTIwJTNEJTIwJTI0JTI4JTI3aW5wdXQlNUJuYW1lJTNEJTIybWFuZ2ElMjIlNUQlMjclMjkudmFsJTI4JTI5JTNCJTBBJTA5JTA5dmFyJTIwc3RhcnQlMjAlM0QlMjAlMjQlMjglMjdpbnB1dCU1Qm5hbWUlM0QlMjJlbnRyYWRhJTIyJTVEJTI3JTI5LnZhbCUyOCUyOSUzQiUwQSUwOSUwOXZhciUyMGVuZCUyMCUzRCUyMCUyNCUyOCUyN2lucHV0JTVCbmFtZSUzRCUyMnNhbGlkYSUyMiU1RCUyNyUyOS52YWwlMjglMjklM0IlMEElMDklMDklMjQuYWpheCUyOCU3QiUwQSUwOSUwOSUwOW1ldGhvZCUzQSUyMCUyMlBPU1QlMjIlMkMlMEElMDklMDklMDl1cmwlM0ElMjAlMjclMkZ3cC1hZG1pbiUyRmFkbWluLWFqYXgucGhwJTI3JTJDJTBBJTA5JTA5JTA5ZGF0YSUzQSUyMCU3QiUwQSUwOSUwOSUwOSUwOSUyN2FjdGlvbiUyNyUzQSUyMCUyN2NhbGN1bGF0ZV9wcmljZSUyNyUyQyUwQSUwOSUwOSUwOSUwOSUyN2VzbG9yYSUyNyUzQSUyMGVzbG9yYSUyQyUwQSUwOSUwOSUwOSUwOSUyN21hbmdhJTI3JTIwJTNBJTIwbWFuZ2ElMkMlMEElMDklMDklMDklMDklMjdzdGFydCUyNyUyMCUzQSUyMHN0YXJ0JTJDJTBBJTA5JTA5JTA5JTA5JTI3ZW5kJTI3JTIwJTIwJTIwJTNBJTIwZW5kJTBBJTA5JTA5JTA5JTdEJTBBJTA5JTA5JTdEJTI5LmRvbmUlMjhmdW5jdGlvbiUyOHJlc3BvbnNlJTI5JTdCJTBBJTA5JTA5JTA5d2luZG93LmxvY2F0aW9uLmhyZWYlMjAlM0QlMjAlMjIlMkZhbWFycmVzJTJGJTNGZXNsb3JhJTNEJTIyJTJCZXNsb3JhJTJCJTIyJTI2bWFuZ2ElM0QlMjIlMkJtYW5nYSUyQiUyMiUyNmVudHJhZGElM0QlMjIlMkJzdGFydCUyQiUyMiUyNnNhbGlkYSUzRCUyMiUyQmVuZCUyQiUyMiUyNnRvdGFsJTNEJTIyJTJCcmVzcG9uc2UlM0IlMEElMDklMDklN0QlMjkuZmFpbCUyOGZ1bmN0aW9uJTI4ZGF0YSUyOSU3QiUwQSUwOSUwOSUwOWNvbnNvbGUubG9nJTI4JTI3RmFpbGVkJTIwQUpBWCUyMENhbGwlMjAlM0ElMjglMjAlMkYlMkYlMkZSZXR1cm4lMjBEYXRhJTNBJTIwJTI3JTI5JTBBJTA5JTA5JTA5Y29uc29sZS5sb2clMjhkYXRhJTI5JTNCJTBBJTA5JTA5JTdEJTI5JTNCJTBBJTA5JTdEJTI5JTNCJTBBJTI0JTI4JTI3JTIzZnJvbSUyNyUyOS5jaGFuZ2UlMjhmdW5jdGlvbiUyOCUyOSU3QiUwQSUwOSUwOXZhciUyMHN0YXJ0JTIwJTNEJTIwJTI0JTI4JTI3aW5wdXQlNUJuYW1lJTNEJTIyZW50cmFkYSUyMiU1RCUyNyUyOS52YWwlMjglMjklM0IlMEElMDklMDlzdGFydCUyMCUzRCUyMHN0YXJ0LnNwbGl0JTI4JTIyJTJGJTIyJTI5JTNCJTBBJTA5JTA5dmFyJTIwbWluRGF0ZSUyMCUzRCUyMG5ldyUyMERhdGUlMjhzdGFydCU1QjIlNUQlMkMlMjBzdGFydCU1QjElNUQlMjAtJTIwMSUyQyUyMHN0YXJ0JTVCMCU1RCUyOSUzQiUwQSUwOSUwOW1pbkRhdGUuc2V0RGF0ZSUyOG1pbkRhdGUuZ2V0RGF0ZSUyOCUyOSUyQjElMjklM0IlMEElMDklMDklMjQlMjglMjAlMjIlMjN0byUyMiUyMCUyOS5kYXRlcGlja2VyJTI4JTIwJTIyb3B0aW9uJTIyJTJDJTIwJTIybWluRGF0ZSUyMiUyQyUyMG1pbkRhdGUlMjAlMjklM0IlMEElMDklN0QlMjklM0IlMEElN0QlMjklM0IlMjAlM0MlMkZzY3JpcHQlM0U=[\/vc_raw_js][\/vc_column_text][\/vc_column][\/vc_row][vc_row padding_top=\u00a0\u00bb0px\u00a0\u00bb padding_bottom=\u00a0\u00bb0px\u00a0\u00bb][vc_column fade_animation_offset=\u00a0\u00bb45px\u00a0\u00bb][vc_column_text][\/vc_column_text][\/vc_column][\/vc_row]<\/p>\n","protected":false},"author":2,"featured_media":0,"parent":0,"menu_order":0,"comment_status":"closed","ping_status":"closed","template":"template-layout-full-width.php","meta":{"_acf_changed":false,"rs_blank_template":"","rs_page_bg_color":"","slide_template_v7":"","footnotes":""},"class_list":["post-422","page","type-page","status-publish","hentry","no-post-thumbnail"],"acf":[],"yoast_head":"<!-- This site is optimized with the Yoast SEO plugin v27.6 - https:\/\/yoast.com\/product\/yoast-seo-wordpress\/ -->\n<title>Home - Marina Santa Eulalia<\/title>\n<meta name=\"description\" content=\"Amarra tu embarcaci\u00f3n en el Puerto Deportivo m\u00e1s aut\u00e9ntico de Ibiza y disfruta de una zona comercial con gran oferta gastron\u00f3mica y de servicios.\" \/>\n<meta name=\"robots\" content=\"index, follow, max-snippet:-1, max-image-preview:large, max-video-preview:-1\" \/>\n<link rel=\"canonical\" href=\"https:\/\/marinasantaeulalia.com\/fr\/\" \/>\n<meta property=\"og:locale\" content=\"fr_FR\" \/>\n<meta property=\"og:type\" content=\"article\" \/>\n<meta property=\"og:title\" content=\"Home - Marina Santa Eulalia\" \/>\n<meta property=\"og:description\" content=\"Amarra tu embarcaci\u00f3n en el Puerto Deportivo m\u00e1s aut\u00e9ntico de Ibiza y disfruta de una zona comercial con gran oferta gastron\u00f3mica y de servicios.\" \/>\n<meta property=\"og:url\" content=\"https:\/\/marinasantaeulalia.com\/fr\/\" \/>\n<meta property=\"og:site_name\" content=\"Marina Santa Eulalia\" \/>\n<meta property=\"article:publisher\" content=\"https:\/\/www.facebook.com\/marinasantaeulaliaibiza\/\" \/>\n<meta property=\"article:modified_time\" content=\"2022-03-18T10:56:42+00:00\" \/>\n<meta property=\"og:image\" content=\"https:\/\/marinasantaeulalia.com\/wp-content\/uploads\/Reserva-tu-amarre-Frances.jpg\" \/>\n<meta name=\"twitter:card\" content=\"summary_large_image\" \/>\n<meta name=\"twitter:label1\" content=\"Dur\u00e9e de lecture estim\u00e9e\" \/>\n\t<meta name=\"twitter:data1\" content=\"2 minutes\" \/>\n<script type=\"application\/ld+json\" class=\"yoast-schema-graph\">{\"@context\":\"https:\\\/\\\/schema.org\",\"@graph\":[{\"@type\":\"WebPage\",\"@id\":\"https:\\\/\\\/marinasantaeulalia.com\\\/fr\\\/\",\"url\":\"https:\\\/\\\/marinasantaeulalia.com\\\/fr\\\/\",\"name\":\"Home - Marina Santa Eulalia\",\"isPartOf\":{\"@id\":\"https:\\\/\\\/marinasantaeulalia.com\\\/#website\"},\"primaryImageOfPage\":{\"@id\":\"https:\\\/\\\/marinasantaeulalia.com\\\/fr\\\/#primaryimage\"},\"image\":{\"@id\":\"https:\\\/\\\/marinasantaeulalia.com\\\/fr\\\/#primaryimage\"},\"thumbnailUrl\":\"https:\\\/\\\/marinasantaeulalia.com\\\/wp-content\\\/uploads\\\/Reserva-tu-amarre-Frances.jpg\",\"datePublished\":\"2015-05-12T11:05:43+00:00\",\"dateModified\":\"2022-03-18T10:56:42+00:00\",\"description\":\"Amarra tu embarcaci\u00f3n en el Puerto Deportivo m\u00e1s aut\u00e9ntico de Ibiza y disfruta de una zona comercial con gran oferta gastron\u00f3mica y de servicios.\",\"breadcrumb\":{\"@id\":\"https:\\\/\\\/marinasantaeulalia.com\\\/fr\\\/#breadcrumb\"},\"inLanguage\":\"fr-FR\",\"potentialAction\":[{\"@type\":\"ReadAction\",\"target\":[\"https:\\\/\\\/marinasantaeulalia.com\\\/fr\\\/\"]}]},{\"@type\":\"ImageObject\",\"inLanguage\":\"fr-FR\",\"@id\":\"https:\\\/\\\/marinasantaeulalia.com\\\/fr\\\/#primaryimage\",\"url\":\"https:\\\/\\\/marinasantaeulalia.com\\\/wp-content\\\/uploads\\\/Reserva-tu-amarre-Frances.jpg\",\"contentUrl\":\"https:\\\/\\\/marinasantaeulalia.com\\\/wp-content\\\/uploads\\\/Reserva-tu-amarre-Frances.jpg\"},{\"@type\":\"BreadcrumbList\",\"@id\":\"https:\\\/\\\/marinasantaeulalia.com\\\/fr\\\/#breadcrumb\",\"itemListElement\":[{\"@type\":\"ListItem\",\"position\":1,\"name\":\"Portada\",\"item\":\"https:\\\/\\\/marinasantaeulalia.com\\\/fr\\\/\"},{\"@type\":\"ListItem\",\"position\":2,\"name\":\"Home\"}]},{\"@type\":\"WebSite\",\"@id\":\"https:\\\/\\\/marinasantaeulalia.com\\\/#website\",\"url\":\"https:\\\/\\\/marinasantaeulalia.com\\\/\",\"name\":\"Marina Santa Eulalia\",\"description\":\"Puerto deportivo en Ibiza\",\"publisher\":{\"@id\":\"https:\\\/\\\/marinasantaeulalia.com\\\/#organization\"},\"potentialAction\":[{\"@type\":\"SearchAction\",\"target\":{\"@type\":\"EntryPoint\",\"urlTemplate\":\"https:\\\/\\\/marinasantaeulalia.com\\\/?s={search_term_string}\"},\"query-input\":{\"@type\":\"PropertyValueSpecification\",\"valueRequired\":true,\"valueName\":\"search_term_string\"}}],\"inLanguage\":\"fr-FR\"},{\"@type\":\"Organization\",\"@id\":\"https:\\\/\\\/marinasantaeulalia.com\\\/#organization\",\"name\":\"Marina Santa Eulalia Ibiza\",\"url\":\"https:\\\/\\\/marinasantaeulalia.com\\\/\",\"logo\":{\"@type\":\"ImageObject\",\"inLanguage\":\"fr-FR\",\"@id\":\"https:\\\/\\\/marinasantaeulalia.com\\\/#\\\/schema\\\/logo\\\/image\\\/\",\"url\":\"https:\\\/\\\/marinasantaeulalia.com\\\/wp-content\\\/uploads\\\/Logo_MarinaSantaEulaliaIbiza.jpg\",\"contentUrl\":\"https:\\\/\\\/marinasantaeulalia.com\\\/wp-content\\\/uploads\\\/Logo_MarinaSantaEulaliaIbiza.jpg\",\"width\":\"960\",\"height\":\"960\",\"caption\":\"Marina Santa Eulalia Ibiza\"},\"image\":{\"@id\":\"https:\\\/\\\/marinasantaeulalia.com\\\/#\\\/schema\\\/logo\\\/image\\\/\"},\"sameAs\":[\"https:\\\/\\\/www.facebook.com\\\/marinasantaeulaliaibiza\\\/\",\"http:\\\/\\\/www.instagram.com\\\/marinasantaeulaliaibiza\"]}]}<\/script>\n<!-- \/ Yoast SEO plugin. -->","yoast_head_json":{"title":"Home - Marina Santa Eulalia","description":"Amarra tu embarcaci\u00f3n en el Puerto Deportivo m\u00e1s aut\u00e9ntico de Ibiza y disfruta de una zona comercial con gran oferta gastron\u00f3mica y de servicios.","robots":{"index":"index","follow":"follow","max-snippet":"max-snippet:-1","max-image-preview":"max-image-preview:large","max-video-preview":"max-video-preview:-1"},"canonical":"https:\/\/marinasantaeulalia.com\/fr\/","og_locale":"fr_FR","og_type":"article","og_title":"Home - Marina Santa Eulalia","og_description":"Amarra tu embarcaci\u00f3n en el Puerto Deportivo m\u00e1s aut\u00e9ntico de Ibiza y disfruta de una zona comercial con gran oferta gastron\u00f3mica y de servicios.","og_url":"https:\/\/marinasantaeulalia.com\/fr\/","og_site_name":"Marina Santa Eulalia","article_publisher":"https:\/\/www.facebook.com\/marinasantaeulaliaibiza\/","article_modified_time":"2022-03-18T10:56:42+00:00","og_image":[{"url":"https:\/\/marinasantaeulalia.com\/wp-content\/uploads\/Reserva-tu-amarre-Frances.jpg","type":"","width":"","height":""}],"twitter_card":"summary_large_image","twitter_misc":{"Dur\u00e9e de lecture estim\u00e9e":"2 minutes"},"schema":{"@context":"https:\/\/schema.org","@graph":[{"@type":"WebPage","@id":"https:\/\/marinasantaeulalia.com\/fr\/","url":"https:\/\/marinasantaeulalia.com\/fr\/","name":"Home - Marina Santa Eulalia","isPartOf":{"@id":"https:\/\/marinasantaeulalia.com\/#website"},"primaryImageOfPage":{"@id":"https:\/\/marinasantaeulalia.com\/fr\/#primaryimage"},"image":{"@id":"https:\/\/marinasantaeulalia.com\/fr\/#primaryimage"},"thumbnailUrl":"https:\/\/marinasantaeulalia.com\/wp-content\/uploads\/Reserva-tu-amarre-Frances.jpg","datePublished":"2015-05-12T11:05:43+00:00","dateModified":"2022-03-18T10:56:42+00:00","description":"Amarra tu embarcaci\u00f3n en el Puerto Deportivo m\u00e1s aut\u00e9ntico de Ibiza y disfruta de una zona comercial con gran oferta gastron\u00f3mica y de servicios.","breadcrumb":{"@id":"https:\/\/marinasantaeulalia.com\/fr\/#breadcrumb"},"inLanguage":"fr-FR","potentialAction":[{"@type":"ReadAction","target":["https:\/\/marinasantaeulalia.com\/fr\/"]}]},{"@type":"ImageObject","inLanguage":"fr-FR","@id":"https:\/\/marinasantaeulalia.com\/fr\/#primaryimage","url":"https:\/\/marinasantaeulalia.com\/wp-content\/uploads\/Reserva-tu-amarre-Frances.jpg","contentUrl":"https:\/\/marinasantaeulalia.com\/wp-content\/uploads\/Reserva-tu-amarre-Frances.jpg"},{"@type":"BreadcrumbList","@id":"https:\/\/marinasantaeulalia.com\/fr\/#breadcrumb","itemListElement":[{"@type":"ListItem","position":1,"name":"Portada","item":"https:\/\/marinasantaeulalia.com\/fr\/"},{"@type":"ListItem","position":2,"name":"Home"}]},{"@type":"WebSite","@id":"https:\/\/marinasantaeulalia.com\/#website","url":"https:\/\/marinasantaeulalia.com\/","name":"Marina Santa Eulalia","description":"Puerto deportivo en Ibiza","publisher":{"@id":"https:\/\/marinasantaeulalia.com\/#organization"},"potentialAction":[{"@type":"SearchAction","target":{"@type":"EntryPoint","urlTemplate":"https:\/\/marinasantaeulalia.com\/?s={search_term_string}"},"query-input":{"@type":"PropertyValueSpecification","valueRequired":true,"valueName":"search_term_string"}}],"inLanguage":"fr-FR"},{"@type":"Organization","@id":"https:\/\/marinasantaeulalia.com\/#organization","name":"Marina Santa Eulalia Ibiza","url":"https:\/\/marinasantaeulalia.com\/","logo":{"@type":"ImageObject","inLanguage":"fr-FR","@id":"https:\/\/marinasantaeulalia.com\/#\/schema\/logo\/image\/","url":"https:\/\/marinasantaeulalia.com\/wp-content\/uploads\/Logo_MarinaSantaEulaliaIbiza.jpg","contentUrl":"https:\/\/marinasantaeulalia.com\/wp-content\/uploads\/Logo_MarinaSantaEulaliaIbiza.jpg","width":"960","height":"960","caption":"Marina Santa Eulalia Ibiza"},"image":{"@id":"https:\/\/marinasantaeulalia.com\/#\/schema\/logo\/image\/"},"sameAs":["https:\/\/www.facebook.com\/marinasantaeulaliaibiza\/","http:\/\/www.instagram.com\/marinasantaeulaliaibiza"]}]}},"jetpack_sharing_enabled":true,"jetpack_shortlink":"https:\/\/wp.me\/P9JVaN-6O","_links":{"self":[{"href":"https:\/\/marinasantaeulalia.com\/fr\/wp-json\/wp\/v2\/pages\/422","targetHints":{"allow":["GET"]}}],"collection":[{"href":"https:\/\/marinasantaeulalia.com\/fr\/wp-json\/wp\/v2\/pages"}],"about":[{"href":"https:\/\/marinasantaeulalia.com\/fr\/wp-json\/wp\/v2\/types\/page"}],"author":[{"embeddable":true,"href":"https:\/\/marinasantaeulalia.com\/fr\/wp-json\/wp\/v2\/users\/2"}],"replies":[{"embeddable":true,"href":"https:\/\/marinasantaeulalia.com\/fr\/wp-json\/wp\/v2\/comments?post=422"}],"version-history":[{"count":0,"href":"https:\/\/marinasantaeulalia.com\/fr\/wp-json\/wp\/v2\/pages\/422\/revisions"}],"wp:attachment":[{"href":"https:\/\/marinasantaeulalia.com\/fr\/wp-json\/wp\/v2\/media?parent=422"}],"curies":[{"name":"wp","href":"https:\/\/api.w.org\/{rel}","templated":true}]}}