{"id":511,"date":"2015-05-18T11:19:33","date_gmt":"2015-05-18T11:19:33","guid":{"rendered":"http:\/\/marinasantaeulalia.com\/?page_id=511"},"modified":"2020-03-19T11:26:47","modified_gmt":"2020-03-19T11:26:47","slug":"liegeplatzanmeldung","status":"publish","type":"page","link":"https:\/\/marinasantaeulalia.com\/de\/liegeplatzanmeldung\/","title":{"rendered":"Liegeplatzanmeldung"},"content":{"rendered":"<div class=\"wpb-content-wrapper\">[vc_row padding_top=&#8220;0px&#8220; padding_bottom=&#8220;0px&#8220;][vc_column fade_animation_offset=&#8220;45px&#8220; width=&#8220;1\/1&#8243;][contact-form-7 id=&#8220;510&#8243; title=&#8220;Reserva&#8220;]<p style=\"text-align: justify;\"><strong>* Der Kunde ist f\u00fcr die Richtigkeit der vorgesehenen Ma\u00dfnahmen von L\u00e4nge, Breite und Tiefe verantwortlich. Sollten die Angaben nicht korrekt sein und \u00fcbereinstimmen,wird der Tarif neu berechnet. Im Fall,dass keine freien Verf\u00fcgbarkeiten bestehen,m\u00fcssen Sie den Hafen verlassen und der bezahlte Betrag kann nicht r\u00fcckerstattet werden.<br \/>\n* Reservierungen k\u00f6nnen per Bank\u00fcberweisung oder Kreditkarte bezahlt werden.<\/strong><br \/>\n<strong>Bitte machen Sie akkurate Angaben zu L\u00e4nge und Breite, falls sie sich von jenen in den Dokumenten des Schiffes unterscheiden.<\/strong><\/p>\n<ul>\n<li>Die Ankunfszeit muss zwischen 14:00 &#8211; 20:00 Uhr sein<\/li>\n<li>Die Abfahrtzeit muss vor 13:00 Uhr sein<\/li>\n<\/ul>\n<hr  class=\"x-hr\" ><p style=\"font-size: 10px; text-align: justify;\"><strong>Informaci\u00f3n b\u00e1sica sobre protecci\u00f3n de datos<\/strong>: Responsable del tratamiento: Merl\u00edn S.A. (Puerto Deportivo Marina Santa Eulalia). <strong>Finalidad del tratamiento<\/strong>: gesti\u00f3n de reservas y otros servicios. <strong>Legitimaci\u00f3n del tratamiento<\/strong>: ejecuci\u00f3n de un contrato y el consentimiento del interesado. <strong>Destinatarios de cesiones<\/strong>: est\u00e1 previsto realizar cesiones de datos. <strong>Transferencias<\/strong>: No est\u00e1 prevista ninguna transferencia internacional. <strong>Derechos de los interesados<\/strong>: podr\u00e1 ejercer los derechos de acceso, rectificaci\u00f3n, supresi\u00f3n, oposici\u00f3n, limitaci\u00f3n del tratamiento y portabilidad de sus datos personales. <strong>Informaci\u00f3n adicional<\/strong>: puede consultar la informaci\u00f3n adicional y detallada sobre Protecci\u00f3n de Datos en nuestras oficinas o en la p\u00e1gina Web.<\/p>\n[\/vc_column][\/vc_row]\n<\/div>","protected":false},"excerpt":{"rendered":"<p>[vc_row padding_top=&#8220;0px&#8220; padding_bottom=&#8220;0px&#8220;][vc_column fade_animation_offset=&#8220;45px&#8220; width=&#8220;1\/1&#8243;][contact-form-7 id=&#8220;510&#8243; title=&#8220;Reserva&#8220;][\/vc_column][\/vc_row]<\/p>\n","protected":false},"author":2,"featured_media":0,"parent":0,"menu_order":0,"comment_status":"closed","ping_status":"closed","template":"template-layout-full-width.php","meta":{"_acf_changed":false,"rs_blank_template":"","rs_page_bg_color":"#ffffff","slide_template_v7":"","jetpack_post_was_ever_published":false,"footnotes":""},"class_list":["post-511","page","type-page","status-publish","hentry","no-post-thumbnail"],"acf":[],"yoast_head":"<!-- This site is optimized with the Yoast SEO plugin v27.4 - https:\/\/yoast.com\/product\/yoast-seo-wordpress\/ -->\n<title>Liegeplatzanmeldung - Marina Santa Eulalia<\/title>\n<meta name=\"robots\" content=\"index, follow, max-snippet:-1, max-image-preview:large, max-video-preview:-1\" \/>\n<link rel=\"canonical\" href=\"https:\/\/marinasantaeulalia.com\/de\/liegeplatzanmeldung\/\" \/>\n<meta property=\"og:locale\" content=\"de_DE\" \/>\n<meta property=\"og:type\" content=\"article\" \/>\n<meta property=\"og:title\" content=\"Liegeplatzanmeldung - Marina Santa Eulalia\" \/>\n<meta property=\"og:description\" content=\"[vc_row padding_top=&#8220;0px&#8220; padding_bottom=&#8220;0px&#8220;][vc_column fade_animation_offset=&#8220;45px&#8220; width=&#8220;1\/1&#8243;][contact-form-7 id=&#8220;510&#8243; title=&#8220;Reserva&#8220;][\/vc_column][\/vc_row]\" \/>\n<meta property=\"og:url\" content=\"https:\/\/marinasantaeulalia.com\/de\/liegeplatzanmeldung\/\" \/>\n<meta property=\"og:site_name\" content=\"Marina Santa Eulalia\" \/>\n<meta property=\"article:publisher\" content=\"https:\/\/www.facebook.com\/marinasantaeulaliaibiza\/\" \/>\n<meta property=\"article:modified_time\" content=\"2020-03-19T11:26:47+00:00\" \/>\n<meta name=\"twitter:card\" content=\"summary_large_image\" \/>\n<meta name=\"twitter:label1\" content=\"Gesch\u00e4tzte Lesezeit\" \/>\n\t<meta name=\"twitter:data1\" content=\"1\u00a0Minute\" \/>\n<script type=\"application\/ld+json\" class=\"yoast-schema-graph\">{\"@context\":\"https:\\\/\\\/schema.org\",\"@graph\":[{\"@type\":\"WebPage\",\"@id\":\"https:\\\/\\\/marinasantaeulalia.com\\\/de\\\/liegeplatzanmeldung\\\/\",\"url\":\"https:\\\/\\\/marinasantaeulalia.com\\\/de\\\/liegeplatzanmeldung\\\/\",\"name\":\"Liegeplatzanmeldung - Marina Santa Eulalia\",\"isPartOf\":{\"@id\":\"https:\\\/\\\/marinasantaeulalia.com\\\/#website\"},\"datePublished\":\"2015-05-18T11:19:33+00:00\",\"dateModified\":\"2020-03-19T11:26:47+00:00\",\"breadcrumb\":{\"@id\":\"https:\\\/\\\/marinasantaeulalia.com\\\/de\\\/liegeplatzanmeldung\\\/#breadcrumb\"},\"inLanguage\":\"de\",\"potentialAction\":[{\"@type\":\"ReadAction\",\"target\":[\"https:\\\/\\\/marinasantaeulalia.com\\\/de\\\/liegeplatzanmeldung\\\/\"]}]},{\"@type\":\"BreadcrumbList\",\"@id\":\"https:\\\/\\\/marinasantaeulalia.com\\\/de\\\/liegeplatzanmeldung\\\/#breadcrumb\",\"itemListElement\":[{\"@type\":\"ListItem\",\"position\":1,\"name\":\"Portada\",\"item\":\"https:\\\/\\\/marinasantaeulalia.com\\\/de\\\/\"},{\"@type\":\"ListItem\",\"position\":2,\"name\":\"Liegeplatzanmeldung\"}]},{\"@type\":\"WebSite\",\"@id\":\"https:\\\/\\\/marinasantaeulalia.com\\\/#website\",\"url\":\"https:\\\/\\\/marinasantaeulalia.com\\\/\",\"name\":\"Marina Santa Eulalia\",\"description\":\"Puerto deportivo en Ibiza\",\"publisher\":{\"@id\":\"https:\\\/\\\/marinasantaeulalia.com\\\/#organization\"},\"potentialAction\":[{\"@type\":\"SearchAction\",\"target\":{\"@type\":\"EntryPoint\",\"urlTemplate\":\"https:\\\/\\\/marinasantaeulalia.com\\\/?s={search_term_string}\"},\"query-input\":{\"@type\":\"PropertyValueSpecification\",\"valueRequired\":true,\"valueName\":\"search_term_string\"}}],\"inLanguage\":\"de\"},{\"@type\":\"Organization\",\"@id\":\"https:\\\/\\\/marinasantaeulalia.com\\\/#organization\",\"name\":\"Marina Santa Eulalia Ibiza\",\"url\":\"https:\\\/\\\/marinasantaeulalia.com\\\/\",\"logo\":{\"@type\":\"ImageObject\",\"inLanguage\":\"de\",\"@id\":\"https:\\\/\\\/marinasantaeulalia.com\\\/#\\\/schema\\\/logo\\\/image\\\/\",\"url\":\"https:\\\/\\\/marinasantaeulalia.com\\\/wp-content\\\/uploads\\\/Logo_MarinaSantaEulaliaIbiza.jpg\",\"contentUrl\":\"https:\\\/\\\/marinasantaeulalia.com\\\/wp-content\\\/uploads\\\/Logo_MarinaSantaEulaliaIbiza.jpg\",\"width\":\"960\",\"height\":\"960\",\"caption\":\"Marina Santa Eulalia Ibiza\"},\"image\":{\"@id\":\"https:\\\/\\\/marinasantaeulalia.com\\\/#\\\/schema\\\/logo\\\/image\\\/\"},\"sameAs\":[\"https:\\\/\\\/www.facebook.com\\\/marinasantaeulaliaibiza\\\/\",\"http:\\\/\\\/www.instagram.com\\\/marinasantaeulaliaibiza\"]}]}<\/script>\n<!-- \/ Yoast SEO plugin. -->","yoast_head_json":{"title":"Liegeplatzanmeldung - Marina Santa Eulalia","robots":{"index":"index","follow":"follow","max-snippet":"max-snippet:-1","max-image-preview":"max-image-preview:large","max-video-preview":"max-video-preview:-1"},"canonical":"https:\/\/marinasantaeulalia.com\/de\/liegeplatzanmeldung\/","og_locale":"de_DE","og_type":"article","og_title":"Liegeplatzanmeldung - Marina Santa Eulalia","og_description":"[vc_row padding_top=&#8220;0px&#8220; padding_bottom=&#8220;0px&#8220;][vc_column fade_animation_offset=&#8220;45px&#8220; width=&#8220;1\/1&#8243;][contact-form-7 id=&#8220;510&#8243; title=&#8220;Reserva&#8220;][\/vc_column][\/vc_row]","og_url":"https:\/\/marinasantaeulalia.com\/de\/liegeplatzanmeldung\/","og_site_name":"Marina Santa Eulalia","article_publisher":"https:\/\/www.facebook.com\/marinasantaeulaliaibiza\/","article_modified_time":"2020-03-19T11:26:47+00:00","twitter_card":"summary_large_image","twitter_misc":{"Gesch\u00e4tzte Lesezeit":"1\u00a0Minute"},"schema":{"@context":"https:\/\/schema.org","@graph":[{"@type":"WebPage","@id":"https:\/\/marinasantaeulalia.com\/de\/liegeplatzanmeldung\/","url":"https:\/\/marinasantaeulalia.com\/de\/liegeplatzanmeldung\/","name":"Liegeplatzanmeldung - Marina Santa Eulalia","isPartOf":{"@id":"https:\/\/marinasantaeulalia.com\/#website"},"datePublished":"2015-05-18T11:19:33+00:00","dateModified":"2020-03-19T11:26:47+00:00","breadcrumb":{"@id":"https:\/\/marinasantaeulalia.com\/de\/liegeplatzanmeldung\/#breadcrumb"},"inLanguage":"de","potentialAction":[{"@type":"ReadAction","target":["https:\/\/marinasantaeulalia.com\/de\/liegeplatzanmeldung\/"]}]},{"@type":"BreadcrumbList","@id":"https:\/\/marinasantaeulalia.com\/de\/liegeplatzanmeldung\/#breadcrumb","itemListElement":[{"@type":"ListItem","position":1,"name":"Portada","item":"https:\/\/marinasantaeulalia.com\/de\/"},{"@type":"ListItem","position":2,"name":"Liegeplatzanmeldung"}]},{"@type":"WebSite","@id":"https:\/\/marinasantaeulalia.com\/#website","url":"https:\/\/marinasantaeulalia.com\/","name":"Marina Santa Eulalia","description":"Puerto deportivo en Ibiza","publisher":{"@id":"https:\/\/marinasantaeulalia.com\/#organization"},"potentialAction":[{"@type":"SearchAction","target":{"@type":"EntryPoint","urlTemplate":"https:\/\/marinasantaeulalia.com\/?s={search_term_string}"},"query-input":{"@type":"PropertyValueSpecification","valueRequired":true,"valueName":"search_term_string"}}],"inLanguage":"de"},{"@type":"Organization","@id":"https:\/\/marinasantaeulalia.com\/#organization","name":"Marina Santa Eulalia Ibiza","url":"https:\/\/marinasantaeulalia.com\/","logo":{"@type":"ImageObject","inLanguage":"de","@id":"https:\/\/marinasantaeulalia.com\/#\/schema\/logo\/image\/","url":"https:\/\/marinasantaeulalia.com\/wp-content\/uploads\/Logo_MarinaSantaEulaliaIbiza.jpg","contentUrl":"https:\/\/marinasantaeulalia.com\/wp-content\/uploads\/Logo_MarinaSantaEulaliaIbiza.jpg","width":"960","height":"960","caption":"Marina Santa Eulalia Ibiza"},"image":{"@id":"https:\/\/marinasantaeulalia.com\/#\/schema\/logo\/image\/"},"sameAs":["https:\/\/www.facebook.com\/marinasantaeulaliaibiza\/","http:\/\/www.instagram.com\/marinasantaeulaliaibiza"]}]}},"jetpack_sharing_enabled":true,"jetpack_shortlink":"https:\/\/wp.me\/P9JVaN-8f","_links":{"self":[{"href":"https:\/\/marinasantaeulalia.com\/de\/wp-json\/wp\/v2\/pages\/511","targetHints":{"allow":["GET"]}}],"collection":[{"href":"https:\/\/marinasantaeulalia.com\/de\/wp-json\/wp\/v2\/pages"}],"about":[{"href":"https:\/\/marinasantaeulalia.com\/de\/wp-json\/wp\/v2\/types\/page"}],"author":[{"embeddable":true,"href":"https:\/\/marinasantaeulalia.com\/de\/wp-json\/wp\/v2\/users\/2"}],"replies":[{"embeddable":true,"href":"https:\/\/marinasantaeulalia.com\/de\/wp-json\/wp\/v2\/comments?post=511"}],"version-history":[{"count":0,"href":"https:\/\/marinasantaeulalia.com\/de\/wp-json\/wp\/v2\/pages\/511\/revisions"}],"wp:attachment":[{"href":"https:\/\/marinasantaeulalia.com\/de\/wp-json\/wp\/v2\/media?parent=511"}],"curies":[{"name":"wp","href":"https:\/\/api.w.org\/{rel}","templated":true}]}}