{"id":369,"date":"2015-05-07T10:11:28","date_gmt":"2015-05-07T10:11:28","guid":{"rendered":"http:\/\/marinasantaeulalia.com\/?page_id=369"},"modified":"2022-09-26T12:49:15","modified_gmt":"2022-09-26T12:49:15","slug":"trockendocks","status":"publish","type":"page","link":"https:\/\/marinasantaeulalia.com\/de\/trockendocks\/","title":{"rendered":"Trockendocks"},"content":{"rendered":"<div class=\"wpb-content-wrapper\">[vc_row][vc_column][vc_video link=&#8220;https:\/\/www.youtube.com\/watch?v=K3geFCnQ7w0&#8243;][\/vc_column][\/vc_row][vc_row no_margin=&#8220;true&#8220; padding_top=&#8220;0px&#8220; padding_bottom=&#8220;30px&#8220; border=&#8220;none&#8220;][vc_column fade_animation_offset=&#8220;45px&#8220;][vc_column_text]<p style=\"font-size: 18px;\">Kostenvoranschl\u00e4ge f\u00fcr die verschiedenen Serviceleistungen erhalten Sie <a href=\"https:\/\/marinasantaeulalia.com\/wp-content\/uploads\/Tarifas-Varadero-a-partir-del-01.10.22.pdf\">hier<\/a>. Um unsere Preise einzusehen, kontaktieren Sie uns unter <a href=\"mailto:varadero@marinasantaeulalia.com\">varadero@marinasantaeulalia.com<\/a><\/p>\n[\/vc_column_text][\/vc_column][\/vc_row][vc_row no_margin=&#8220;true&#8220; padding_top=&#8220;0px&#8220; padding_bottom=&#8220;0px&#8220; border=&#8220;none&#8220;][vc_column width=&#8220;1\/2&#8243; fade_animation_offset=&#8220;45px&#8220;][vc_column_text]<h3  class=\"h-custom-headline h4 accent\" style=\"margin-top:0px;\"><span>TROCKENDOCK-SERVICE<\/span><\/h3><ul>\n<li>Trockendock und Zuwasserlassung mit einem 70-Tonnen-Heber.<\/li>\n<li>Gabelstapler<\/li>\n<li>Anlegeplatz an Land<\/li>\n<li>Wasser- und Stromversorgung<\/li>\n<li>Druckmaschine<\/li>\n<li>Selektive Sammlung fester und fl\u00fcssiger Abfallstoffe<\/li>\n<li>Grauwasserentsorgung<\/li>\n<li>Parkpl\u00e4tze<\/li>\n<li>Gem\u00e4lde-Zelt-Vermietung<\/li>\n<\/ul>\n[\/vc_column_text][\/vc_column][vc_column width=&#8220;1\/2&#8243; fade_animation_offset=&#8220;45px&#8220;][vc_column_text]<h3  class=\"h-custom-headline h4 accent\" style=\"margin-top:0px;\"><span>TROCKENDOCK-\u00d6FFNUNGSZEITEN<\/span><\/h3><h6>SOMMER:<\/h6>\n<p>Montag bis Samstag: 8 Uhr bis 19 Uhr<\/p>\n<h6>WINTER:<\/h6>\n<p>Von Montag bis Freitag: 08:00 bis 18:00 Uhr<\/p>\n<p>Samstags: von 08-13:00 Uhr<\/p>\n<p>Sonn- und Feiertage: geschlossen<\/p>\n<p>Letzter Dienst 45 Minuten vor der Schlie\u00dfzeit<\/p>\n<h6>B\u00dcROZEITEN TROCKENDOCK:<\/h6>\n<p>Von Montag bis Freitag: 09:00 a 13:00<\/p>\n[\/vc_column_text][\/vc_column][\/vc_row][vc_row no_margin=&#8220;true&#8220; padding_top=&#8220;0px&#8220; padding_bottom=&#8220;0px&#8220; border=&#8220;none&#8220;][vc_column fade_animation_offset=&#8220;45px&#8220;][vc_column_text]<h4>ALLGEMEINE REGELN<\/h4>\n<div class=\"x-column\">\n<ul>\n<li style=\"text-align: justify;\"><em>Treideln und alle anderen Serviceleistungen m\u00fcssen im B\u00fcro des Hafenmeisters beantragt werden. Ben\u00f6tigt werden:<\/em>\n<ul>\n<li><em>Schiffsdokumente<\/em><\/li>\n<li><em>G\u00fcltige Versicherung <\/em><\/li>\n<li><em>Ausweis des Antragstellers<\/em><\/li>\n<li>\u00a0<em>Wird der Antrag nicht vom Besitzer des Schiffs gestellt, muss der Antragsteller eine schriftliche Best\u00e4tigung des Besitzers bez\u00fcglich der Bereitstellung der Serviceleistungen sowie eine g\u00fcltige Haftpflichtversicherung vorlegen.<\/em><\/li>\n<\/ul>\n<\/li>\n<li style=\"text-align: justify;\"><em>Es muss angegeben werden, wie lange das Schiff anlegen wird, und welche Leistungen erbracht werden m\u00fcssen.<\/em><\/li>\n<li style=\"text-align: justify;\"><em>Vor der Zuwasserlassung bzw. dem Verlassen des Trockendocks muss die Rechnung f\u00fcr die geleisteten Dienste im B\u00fcro des Hafenmeisters beglichen werden.<\/em><\/li>\n<\/ul>\n<\/div>\n[\/vc_column_text][\/vc_column][\/vc_row]\n<\/div>","protected":false},"excerpt":{"rendered":"<p>[vc_row][vc_column][vc_video link=&#8220;https:\/\/www.youtube.com\/watch?v=K3geFCnQ7w0&#8243;][\/vc_column][\/vc_row][vc_row no_margin=&#8220;true&#8220; padding_top=&#8220;0px&#8220; padding_bottom=&#8220;30px&#8220; border=&#8220;none&#8220;][vc_column fade_animation_offset=&#8220;45px&#8220;][vc_column_text][\/vc_column_text][\/vc_column][\/vc_row][vc_row no_margin=&#8220;true&#8220; padding_top=&#8220;0px&#8220; padding_bottom=&#8220;0px&#8220; border=&#8220;none&#8220;][vc_column width=&#8220;1\/2&#8243; fade_animation_offset=&#8220;45px&#8220;][vc_column_text][\/vc_column_text][\/vc_column][vc_column width=&#8220;1\/2&#8243; fade_animation_offset=&#8220;45px&#8220;][vc_column_text][\/vc_column_text][\/vc_column][\/vc_row][vc_row no_margin=&#8220;true&#8220; padding_top=&#8220;0px&#8220; padding_bottom=&#8220;0px&#8220; border=&#8220;none&#8220;][vc_column fade_animation_offset=&#8220;45px&#8220;][vc_column_text][\/vc_column_text][\/vc_column][\/vc_row]<\/p>\n","protected":false},"author":2,"featured_media":332,"parent":0,"menu_order":0,"comment_status":"closed","ping_status":"closed","template":"template-layout-full-width.php","meta":{"_acf_changed":false,"rs_blank_template":"","rs_page_bg_color":"","slide_template_v7":"","footnotes":""},"class_list":["post-369","page","type-page","status-publish","has-post-thumbnail","hentry"],"acf":[],"yoast_head":"<!-- This site is optimized with the Yoast SEO plugin v27.6 - https:\/\/yoast.com\/product\/yoast-seo-wordpress\/ -->\n<title>Trockendocks - Marina Santa Eulalia<\/title>\n<meta name=\"robots\" content=\"index, follow, max-snippet:-1, max-image-preview:large, max-video-preview:-1\" \/>\n<link rel=\"canonical\" href=\"https:\/\/marinasantaeulalia.com\/de\/trockendocks\/\" \/>\n<meta property=\"og:locale\" content=\"de_DE\" \/>\n<meta property=\"og:type\" content=\"article\" \/>\n<meta property=\"og:title\" content=\"Trockendocks - Marina Santa Eulalia\" \/>\n<meta property=\"og:description\" content=\"[vc_row][vc_column][vc_video link=&#8220;https:\/\/www.youtube.com\/watch?v=K3geFCnQ7w0&#8243;][\/vc_column][\/vc_row][vc_row no_margin=&#8220;true&#8220; padding_top=&#8220;0px&#8220; padding_bottom=&#8220;30px&#8220; border=&#8220;none&#8220;][vc_column fade_animation_offset=&#8220;45px&#8220;][vc_column_text][\/vc_column_text][\/vc_column][\/vc_row][vc_row no_margin=&#8220;true&#8220; padding_top=&#8220;0px&#8220; padding_bottom=&#8220;0px&#8220; border=&#8220;none&#8220;][vc_column width=&#8220;1\/2&#8243; fade_animation_offset=&#8220;45px&#8220;][vc_column_text][\/vc_column_text][\/vc_column][vc_column width=&#8220;1\/2&#8243; fade_animation_offset=&#8220;45px&#8220;][vc_column_text][\/vc_column_text][\/vc_column][\/vc_row][vc_row no_margin=&#8220;true&#8220; padding_top=&#8220;0px&#8220; padding_bottom=&#8220;0px&#8220; border=&#8220;none&#8220;][vc_column fade_animation_offset=&#8220;45px&#8220;][vc_column_text][\/vc_column_text][\/vc_column][\/vc_row]\" \/>\n<meta property=\"og:url\" content=\"https:\/\/marinasantaeulalia.com\/de\/trockendocks\/\" \/>\n<meta property=\"og:site_name\" content=\"Marina Santa Eulalia\" \/>\n<meta property=\"article:publisher\" content=\"https:\/\/www.facebook.com\/marinasantaeulaliaibiza\/\" \/>\n<meta property=\"article:modified_time\" content=\"2022-09-26T12:49:15+00:00\" \/>\n<meta property=\"og:image\" content=\"https:\/\/marinasantaeulalia.com\/wp-content\/uploads\/varadero_top.jpg\" \/>\n\t<meta property=\"og:image:width\" content=\"1200\" \/>\n\t<meta property=\"og:image:height\" content=\"400\" \/>\n\t<meta property=\"og:image:type\" content=\"image\/jpeg\" \/>\n<meta name=\"twitter:card\" content=\"summary_large_image\" \/>\n<meta name=\"twitter:label1\" content=\"Gesch\u00e4tzte Lesezeit\" \/>\n\t<meta name=\"twitter:data1\" content=\"1\u00a0Minute\" \/>\n<script type=\"application\/ld+json\" class=\"yoast-schema-graph\">{\"@context\":\"https:\\\/\\\/schema.org\",\"@graph\":[{\"@type\":\"WebPage\",\"@id\":\"https:\\\/\\\/marinasantaeulalia.com\\\/de\\\/trockendocks\\\/\",\"url\":\"https:\\\/\\\/marinasantaeulalia.com\\\/de\\\/trockendocks\\\/\",\"name\":\"Trockendocks - Marina Santa Eulalia\",\"isPartOf\":{\"@id\":\"https:\\\/\\\/marinasantaeulalia.com\\\/#website\"},\"primaryImageOfPage\":{\"@id\":\"https:\\\/\\\/marinasantaeulalia.com\\\/de\\\/trockendocks\\\/#primaryimage\"},\"image\":{\"@id\":\"https:\\\/\\\/marinasantaeulalia.com\\\/de\\\/trockendocks\\\/#primaryimage\"},\"thumbnailUrl\":\"https:\\\/\\\/marinasantaeulalia.com\\\/wp-content\\\/uploads\\\/varadero_top.jpg\",\"datePublished\":\"2015-05-07T10:11:28+00:00\",\"dateModified\":\"2022-09-26T12:49:15+00:00\",\"breadcrumb\":{\"@id\":\"https:\\\/\\\/marinasantaeulalia.com\\\/de\\\/trockendocks\\\/#breadcrumb\"},\"inLanguage\":\"de\",\"potentialAction\":[{\"@type\":\"ReadAction\",\"target\":[\"https:\\\/\\\/marinasantaeulalia.com\\\/de\\\/trockendocks\\\/\"]}]},{\"@type\":\"ImageObject\",\"inLanguage\":\"de\",\"@id\":\"https:\\\/\\\/marinasantaeulalia.com\\\/de\\\/trockendocks\\\/#primaryimage\",\"url\":\"https:\\\/\\\/marinasantaeulalia.com\\\/wp-content\\\/uploads\\\/varadero_top.jpg\",\"contentUrl\":\"https:\\\/\\\/marinasantaeulalia.com\\\/wp-content\\\/uploads\\\/varadero_top.jpg\",\"width\":1200,\"height\":400},{\"@type\":\"BreadcrumbList\",\"@id\":\"https:\\\/\\\/marinasantaeulalia.com\\\/de\\\/trockendocks\\\/#breadcrumb\",\"itemListElement\":[{\"@type\":\"ListItem\",\"position\":1,\"name\":\"Portada\",\"item\":\"https:\\\/\\\/marinasantaeulalia.com\\\/de\\\/\"},{\"@type\":\"ListItem\",\"position\":2,\"name\":\"Trockendocks\"}]},{\"@type\":\"WebSite\",\"@id\":\"https:\\\/\\\/marinasantaeulalia.com\\\/#website\",\"url\":\"https:\\\/\\\/marinasantaeulalia.com\\\/\",\"name\":\"Marina Santa Eulalia\",\"description\":\"Puerto deportivo en Ibiza\",\"publisher\":{\"@id\":\"https:\\\/\\\/marinasantaeulalia.com\\\/#organization\"},\"potentialAction\":[{\"@type\":\"SearchAction\",\"target\":{\"@type\":\"EntryPoint\",\"urlTemplate\":\"https:\\\/\\\/marinasantaeulalia.com\\\/?s={search_term_string}\"},\"query-input\":{\"@type\":\"PropertyValueSpecification\",\"valueRequired\":true,\"valueName\":\"search_term_string\"}}],\"inLanguage\":\"de\"},{\"@type\":\"Organization\",\"@id\":\"https:\\\/\\\/marinasantaeulalia.com\\\/#organization\",\"name\":\"Marina Santa Eulalia Ibiza\",\"url\":\"https:\\\/\\\/marinasantaeulalia.com\\\/\",\"logo\":{\"@type\":\"ImageObject\",\"inLanguage\":\"de\",\"@id\":\"https:\\\/\\\/marinasantaeulalia.com\\\/#\\\/schema\\\/logo\\\/image\\\/\",\"url\":\"https:\\\/\\\/marinasantaeulalia.com\\\/wp-content\\\/uploads\\\/Logo_MarinaSantaEulaliaIbiza.jpg\",\"contentUrl\":\"https:\\\/\\\/marinasantaeulalia.com\\\/wp-content\\\/uploads\\\/Logo_MarinaSantaEulaliaIbiza.jpg\",\"width\":\"960\",\"height\":\"960\",\"caption\":\"Marina Santa Eulalia Ibiza\"},\"image\":{\"@id\":\"https:\\\/\\\/marinasantaeulalia.com\\\/#\\\/schema\\\/logo\\\/image\\\/\"},\"sameAs\":[\"https:\\\/\\\/www.facebook.com\\\/marinasantaeulaliaibiza\\\/\",\"http:\\\/\\\/www.instagram.com\\\/marinasantaeulaliaibiza\"]}]}<\/script>\n<!-- \/ Yoast SEO plugin. -->","yoast_head_json":{"title":"Trockendocks - Marina Santa Eulalia","robots":{"index":"index","follow":"follow","max-snippet":"max-snippet:-1","max-image-preview":"max-image-preview:large","max-video-preview":"max-video-preview:-1"},"canonical":"https:\/\/marinasantaeulalia.com\/de\/trockendocks\/","og_locale":"de_DE","og_type":"article","og_title":"Trockendocks - Marina Santa Eulalia","og_description":"[vc_row][vc_column][vc_video link=&#8220;https:\/\/www.youtube.com\/watch?v=K3geFCnQ7w0&#8243;][\/vc_column][\/vc_row][vc_row no_margin=&#8220;true&#8220; padding_top=&#8220;0px&#8220; padding_bottom=&#8220;30px&#8220; border=&#8220;none&#8220;][vc_column fade_animation_offset=&#8220;45px&#8220;][vc_column_text][\/vc_column_text][\/vc_column][\/vc_row][vc_row no_margin=&#8220;true&#8220; padding_top=&#8220;0px&#8220; padding_bottom=&#8220;0px&#8220; border=&#8220;none&#8220;][vc_column width=&#8220;1\/2&#8243; fade_animation_offset=&#8220;45px&#8220;][vc_column_text][\/vc_column_text][\/vc_column][vc_column width=&#8220;1\/2&#8243; fade_animation_offset=&#8220;45px&#8220;][vc_column_text][\/vc_column_text][\/vc_column][\/vc_row][vc_row no_margin=&#8220;true&#8220; padding_top=&#8220;0px&#8220; padding_bottom=&#8220;0px&#8220; border=&#8220;none&#8220;][vc_column fade_animation_offset=&#8220;45px&#8220;][vc_column_text][\/vc_column_text][\/vc_column][\/vc_row]","og_url":"https:\/\/marinasantaeulalia.com\/de\/trockendocks\/","og_site_name":"Marina Santa Eulalia","article_publisher":"https:\/\/www.facebook.com\/marinasantaeulaliaibiza\/","article_modified_time":"2022-09-26T12:49:15+00:00","og_image":[{"width":1200,"height":400,"url":"https:\/\/marinasantaeulalia.com\/wp-content\/uploads\/varadero_top.jpg","type":"image\/jpeg"}],"twitter_card":"summary_large_image","twitter_misc":{"Gesch\u00e4tzte Lesezeit":"1\u00a0Minute"},"schema":{"@context":"https:\/\/schema.org","@graph":[{"@type":"WebPage","@id":"https:\/\/marinasantaeulalia.com\/de\/trockendocks\/","url":"https:\/\/marinasantaeulalia.com\/de\/trockendocks\/","name":"Trockendocks - Marina Santa Eulalia","isPartOf":{"@id":"https:\/\/marinasantaeulalia.com\/#website"},"primaryImageOfPage":{"@id":"https:\/\/marinasantaeulalia.com\/de\/trockendocks\/#primaryimage"},"image":{"@id":"https:\/\/marinasantaeulalia.com\/de\/trockendocks\/#primaryimage"},"thumbnailUrl":"https:\/\/marinasantaeulalia.com\/wp-content\/uploads\/varadero_top.jpg","datePublished":"2015-05-07T10:11:28+00:00","dateModified":"2022-09-26T12:49:15+00:00","breadcrumb":{"@id":"https:\/\/marinasantaeulalia.com\/de\/trockendocks\/#breadcrumb"},"inLanguage":"de","potentialAction":[{"@type":"ReadAction","target":["https:\/\/marinasantaeulalia.com\/de\/trockendocks\/"]}]},{"@type":"ImageObject","inLanguage":"de","@id":"https:\/\/marinasantaeulalia.com\/de\/trockendocks\/#primaryimage","url":"https:\/\/marinasantaeulalia.com\/wp-content\/uploads\/varadero_top.jpg","contentUrl":"https:\/\/marinasantaeulalia.com\/wp-content\/uploads\/varadero_top.jpg","width":1200,"height":400},{"@type":"BreadcrumbList","@id":"https:\/\/marinasantaeulalia.com\/de\/trockendocks\/#breadcrumb","itemListElement":[{"@type":"ListItem","position":1,"name":"Portada","item":"https:\/\/marinasantaeulalia.com\/de\/"},{"@type":"ListItem","position":2,"name":"Trockendocks"}]},{"@type":"WebSite","@id":"https:\/\/marinasantaeulalia.com\/#website","url":"https:\/\/marinasantaeulalia.com\/","name":"Marina Santa Eulalia","description":"Puerto deportivo en Ibiza","publisher":{"@id":"https:\/\/marinasantaeulalia.com\/#organization"},"potentialAction":[{"@type":"SearchAction","target":{"@type":"EntryPoint","urlTemplate":"https:\/\/marinasantaeulalia.com\/?s={search_term_string}"},"query-input":{"@type":"PropertyValueSpecification","valueRequired":true,"valueName":"search_term_string"}}],"inLanguage":"de"},{"@type":"Organization","@id":"https:\/\/marinasantaeulalia.com\/#organization","name":"Marina Santa Eulalia Ibiza","url":"https:\/\/marinasantaeulalia.com\/","logo":{"@type":"ImageObject","inLanguage":"de","@id":"https:\/\/marinasantaeulalia.com\/#\/schema\/logo\/image\/","url":"https:\/\/marinasantaeulalia.com\/wp-content\/uploads\/Logo_MarinaSantaEulaliaIbiza.jpg","contentUrl":"https:\/\/marinasantaeulalia.com\/wp-content\/uploads\/Logo_MarinaSantaEulaliaIbiza.jpg","width":"960","height":"960","caption":"Marina Santa Eulalia Ibiza"},"image":{"@id":"https:\/\/marinasantaeulalia.com\/#\/schema\/logo\/image\/"},"sameAs":["https:\/\/www.facebook.com\/marinasantaeulaliaibiza\/","http:\/\/www.instagram.com\/marinasantaeulaliaibiza"]}]}},"jetpack_sharing_enabled":true,"jetpack_shortlink":"https:\/\/wp.me\/P9JVaN-5X","_links":{"self":[{"href":"https:\/\/marinasantaeulalia.com\/de\/wp-json\/wp\/v2\/pages\/369","targetHints":{"allow":["GET"]}}],"collection":[{"href":"https:\/\/marinasantaeulalia.com\/de\/wp-json\/wp\/v2\/pages"}],"about":[{"href":"https:\/\/marinasantaeulalia.com\/de\/wp-json\/wp\/v2\/types\/page"}],"author":[{"embeddable":true,"href":"https:\/\/marinasantaeulalia.com\/de\/wp-json\/wp\/v2\/users\/2"}],"replies":[{"embeddable":true,"href":"https:\/\/marinasantaeulalia.com\/de\/wp-json\/wp\/v2\/comments?post=369"}],"version-history":[{"count":0,"href":"https:\/\/marinasantaeulalia.com\/de\/wp-json\/wp\/v2\/pages\/369\/revisions"}],"wp:featuredmedia":[{"embeddable":true,"href":"https:\/\/marinasantaeulalia.com\/de\/wp-json\/wp\/v2\/media\/332"}],"wp:attachment":[{"href":"https:\/\/marinasantaeulalia.com\/de\/wp-json\/wp\/v2\/media?parent=369"}],"curies":[{"name":"wp","href":"https:\/\/api.w.org\/{rel}","templated":true}]}}