{"id":347,"date":"2014-04-29T08:11:55","date_gmt":"2014-04-29T08:11:55","guid":{"rendered":"http:\/\/marinasantaeulalia.com\/marina-2\/"},"modified":"2022-03-18T10:57:18","modified_gmt":"2022-03-18T10:57:18","slug":"marina","status":"publish","type":"page","link":"https:\/\/marinasantaeulalia.com\/de\/","title":{"rendered":"Inicio"},"content":{"rendered":"<div class=\"wpb-content-wrapper\">[vc_row padding_top=&#8220;0px&#8220; padding_bottom=&#8220;0px&#8220; bg_video=&#8220;&#8220; class=&#8220;slider-desktop&#8220; style=&#8220;&#8220; css=&#8220;.vc_custom_1566541947702{margin-bottom: 30px !important;}&#8220;][vc_column fade_animation_offset=&#8220;45px&#8220;][\/vc_column][\/vc_row][vc_row no_margin=&#8220;true&#8220; padding_top=&#8220;0px&#8220; padding_bottom=&#8220;0px&#8220; border=&#8220;none&#8220;][vc_column fade_animation=&#8220;in&#8220; fade_animation_offset=&#8220;45px&#8220;][vc_column_text]<h1  class=\"h-custom-headline center-text h3\" style=\"margin:0\"><span>Willkommen in der Marina Santa Eulalia<\/span><\/h1>[\/vc_column_text][\/vc_column][\/vc_row][vc_row padding_top=&#8220;0px&#8220; padding_bottom=&#8220;0px&#8220; el_class=&#8220;caja-home&#8220;][vc_column width=&#8220;1\/3&#8243; fade_animation_offset=&#8220;45px&#8220;][vc_column_text]<a href=\"https:\/\/marinasantaeulalia.com\/de\/liegeplatze\/\"><img decoding=\"async\" src=\"https:\/\/marinasantaeulalia.com\/wp-content\/uploads\/Reserva-tu-Amarre-Aleman.jpg\" alt=\"liegeplatze\" \/><\/a>[\/vc_column_text][\/vc_column][vc_column width=&#8220;1\/3&#8243; fade_animation_offset=&#8220;45px&#8220;][vc_column_text]<a href=\"https:\/\/marinasantaeulalia.com\/de\/umgebung\/\"><img decoding=\"async\" src=\"https:\/\/marinasantaeulalia.com\/wp-content\/uploads\/Conoce-Ibiza-Aleman.jpg\" alt=\"Umgebung\" \/><\/a>[\/vc_column_text][\/vc_column][vc_column width=&#8220;1\/3&#8243; fade_animation_offset=&#8220;45px&#8220;][vc_column_text]<a href=\"https:\/\/marinasantaeulalia.com\/de\/leistungen\/\"><img decoding=\"async\" src=\"https:\/\/marinasantaeulalia.com\/wp-content\/uploads\/Servicios-Aleman.jpg\" alt=\"leistungen\" \/><\/a>[\/vc_column_text][\/vc_column][\/vc_row][vc_row padding_top=&#8220;0px&#8220; padding_bottom=&#8220;0px&#8220;][vc_column fade_animation_offset=&#8220;45px&#8220;][vc_column_text]<h3  class=\"h-custom-headline h5\" style=\"margin:0\"><span>Berechnen Sie Ihren Aufenthalt in Ibiza<\/span><\/h3>[contact-form-7 id=&#8220;853&#8243;][vc_raw_js]JTNDc2NyaXB0JTIwdHlwZSUzRCUyMnRleHQlMkZqYXZhc2NyaXB0JTIyJTNFJTBBalF1ZXJ5JTI4ZG9jdW1lbnQlMjkucmVhZHklMjhmdW5jdGlvbiUyOCUyNCUyOSU3QiUwQSUwOSUyNCUyOCUyNy53cGNmNy1zdWJtaXQlMjclMjkuY2xpY2slMjhmdW5jdGlvbiUyOGUlMjklN0IlMEElMDklMDllLnByZXZlbnREZWZhdWx0JTI4JTI5JTNCJTBBJTA5JTA5dmFyJTIwZXNsb3JhJTIwJTNEJTIwJTI0JTI4JTI3aW5wdXQlNUJuYW1lJTNEJTIyZXNsb3JhJTIyJTVEJTI3JTI5LnZhbCUyOCUyOSUzQiUwQSUwOSUwOXZhciUyMG1hbmdhJTIwJTNEJTIwJTI0JTI4JTI3aW5wdXQlNUJuYW1lJTNEJTIybWFuZ2ElMjIlNUQlMjclMjkudmFsJTI4JTI5JTNCJTBBJTA5JTA5dmFyJTIwc3RhcnQlMjAlM0QlMjAlMjQlMjglMjdpbnB1dCU1Qm5hbWUlM0QlMjJlbnRyYWRhJTIyJTVEJTI3JTI5LnZhbCUyOCUyOSUzQiUwQSUwOSUwOXZhciUyMGVuZCUyMCUzRCUyMCUyNCUyOCUyN2lucHV0JTVCbmFtZSUzRCUyMnNhbGlkYSUyMiU1RCUyNyUyOS52YWwlMjglMjklM0IlMEElMDklMDklMjQuYWpheCUyOCU3QiUwQSUwOSUwOSUwOW1ldGhvZCUzQSUyMCUyMlBPU1QlMjIlMkMlMEElMDklMDklMDl1cmwlM0ElMjAlMjclMkZ3cC1hZG1pbiUyRmFkbWluLWFqYXgucGhwJTI3JTJDJTBBJTA5JTA5JTA5ZGF0YSUzQSUyMCU3QiUwQSUwOSUwOSUwOSUwOSUyN2FjdGlvbiUyNyUzQSUyMCUyN2NhbGN1bGF0ZV9wcmljZSUyNyUyQyUwQSUwOSUwOSUwOSUwOSUyN2VzbG9yYSUyNyUzQSUyMGVzbG9yYSUyQyUwQSUwOSUwOSUwOSUwOSUyN21hbmdhJTI3JTIwJTNBJTIwbWFuZ2ElMkMlMEElMDklMDklMDklMDklMjdzdGFydCUyNyUyMCUzQSUyMHN0YXJ0JTJDJTBBJTA5JTA5JTA5JTA5JTI3ZW5kJTI3JTIwJTIwJTIwJTNBJTIwZW5kJTBBJTA5JTA5JTA5JTdEJTBBJTA5JTA5JTdEJTI5LmRvbmUlMjhmdW5jdGlvbiUyOHJlc3BvbnNlJTI5JTdCJTBBJTA5JTA5JTA5d2luZG93LmxvY2F0aW9uLmhyZWYlMjAlM0QlMjAlMjIlMkZhbWFycmVzJTJGJTNGZXNsb3JhJTNEJTIyJTJCZXNsb3JhJTJCJTIyJTI2bWFuZ2ElM0QlMjIlMkJtYW5nYSUyQiUyMiUyNmVudHJhZGElM0QlMjIlMkJzdGFydCUyQiUyMiUyNnNhbGlkYSUzRCUyMiUyQmVuZCUyQiUyMiUyNnRvdGFsJTNEJTIyJTJCcmVzcG9uc2UlM0IlMEElMDklMDklN0QlMjkuZmFpbCUyOGZ1bmN0aW9uJTI4ZGF0YSUyOSU3QiUwQSUwOSUwOSUwOWNvbnNvbGUubG9nJTI4JTI3RmFpbGVkJTIwQUpBWCUyMENhbGwlMjAlM0ElMjglMjAlMkYlMkYlMkZSZXR1cm4lMjBEYXRhJTNBJTIwJTI3JTI5JTBBJTA5JTA5JTA5Y29uc29sZS5sb2clMjhkYXRhJTI5JTNCJTBBJTA5JTA5JTdEJTI5JTNCJTBBJTA5JTdEJTI5JTNCJTBBJTI0JTI4JTI3JTIzZnJvbSUyNyUyOS5jaGFuZ2UlMjhmdW5jdGlvbiUyOCUyOSU3QiUwQSUwOSUwOXZhciUyMHN0YXJ0JTIwJTNEJTIwJTI0JTI4JTI3aW5wdXQlNUJuYW1lJTNEJTIyZW50cmFkYSUyMiU1RCUyNyUyOS52YWwlMjglMjklM0IlMEElMDklMDlzdGFydCUyMCUzRCUyMHN0YXJ0LnNwbGl0JTI4JTIyJTJGJTIyJTI5JTNCJTBBJTA5JTA5dmFyJTIwbWluRGF0ZSUyMCUzRCUyMG5ldyUyMERhdGUlMjhzdGFydCU1QjIlNUQlMkMlMjBzdGFydCU1QjElNUQlMjAtJTIwMSUyQyUyMHN0YXJ0JTVCMCU1RCUyOSUzQiUwQSUwOSUwOW1pbkRhdGUuc2V0RGF0ZSUyOG1pbkRhdGUuZ2V0RGF0ZSUyOCUyOSUyQjElMjklM0IlMEElMDklMDklMjQlMjglMjAlMjIlMjN0byUyMiUyMCUyOS5kYXRlcGlja2VyJTI4JTIwJTIyb3B0aW9uJTIyJTJDJTIwJTIybWluRGF0ZSUyMiUyQyUyMG1pbkRhdGUlMjAlMjklM0IlMEElMDklN0QlMjklM0IlMEElN0QlMjklM0IlMjAlM0MlMkZzY3JpcHQlM0U=[\/vc_raw_js][\/vc_column_text][\/vc_column][\/vc_row][vc_row padding_top=&#8220;0px&#8220; padding_bottom=&#8220;0px&#8220;][vc_column fade_animation_offset=&#8220;45px&#8220;][vc_column_text]<p style=\"text-align: justify;\">Die\u00a0<strong>Marina\u00a0Santa Eulalia<\/strong> befindet sich in einer einzigartigen Position, nur 14 km von der Hauptstadt <a href=\"http:\/\/www.ibiza.travel\/de\/empresa.php?fid=322&amp;ct=nutica\" target=\"_blank\" rel=\"noopener noreferrer\">Ibiza<\/a> entfernt. Seine geografische Lage ist bestens dazu geeignet, die zahlreichen Buchten und Str\u00e4nde der Insel zu erkunden, und ein Segelt\u00f6rn im kristallklaren Meer l\u00e4dt zum Relaxen ein.\u00a0 Die Marina ist der ideale Ausgangshafen f\u00fcr eine Erkundungstour der S\u00fcdostk\u00fcste von Ibiza, von Cala d&#8217;en Serra bis Es Freus, die wie der Norden der Insel den Einheimischen w\u00e4hrend der Sommermonate Zuflucht vor den Touristenmassen bietet.<\/p>\n<p style=\"text-align: justify;\">Unsere Liegepl\u00e4tze sind f\u00fcr Boote und Schiffe <strong>zwischen 6 und 22 Metern<\/strong> geeignet.\u00a0<a href=\"mailto:reservas@marinasantaeulalia.com\">Hier<\/a> finden Sie Informationen \u00fcber Landepl\u00e4tze f\u00fcr l\u00e4ngere Schiffe.<\/p>\n<p style=\"text-align: justify;\">Um Ihren Aufenthalt so angenehm wie m\u00f6glich zu gestalten, bietet der Hafen eine <strong>Shopping-Meile<\/strong> mit verschiedenen Restaurants, Bars und Caf\u00e9s, Gesch\u00e4ften, nautischen Serviceleistungen und einer Vielzahl anderer <a href=\"https:\/\/marinasantaeulalia.com\/de\/leistungen\">Dienste<\/a>.<\/p>\n<p style=\"text-align: justify;\"><a href=\"http:\/\/www.ibiza.travel\/de\/index.php\" target=\"_blank\" rel=\"noopener noreferrer\">Ibiza<\/a> erstreckt sich \u00fcber 572 Quadratkilometer und die K\u00fcste ist 170 km lang &#8211; das perfekte Ziel f\u00fcr eine Entdeckungsreise auf hoher See.<\/p>\n[\/vc_column_text][\/vc_column][\/vc_row]\n<\/div>","protected":false},"excerpt":{"rendered":"<p>[vc_row padding_top=&#8220;0px&#8220; padding_bottom=&#8220;0px&#8220; bg_video=&#8220;&#8220; class=&#8220;slider-desktop&#8220; style=&#8220;&#8220; css=&#8220;.vc_custom_1566541947702{margin-bottom: 30px !important;}&#8220;][vc_column fade_animation_offset=&#8220;45px&#8220;][\/vc_column][\/vc_row][vc_row no_margin=&#8220;true&#8220; padding_top=&#8220;0px&#8220; padding_bottom=&#8220;0px&#8220; border=&#8220;none&#8220;][vc_column fade_animation=&#8220;in&#8220; fade_animation_offset=&#8220;45px&#8220;][vc_column_text][\/vc_column_text][\/vc_column][\/vc_row][vc_row padding_top=&#8220;0px&#8220; padding_bottom=&#8220;0px&#8220; el_class=&#8220;caja-home&#8220;][vc_column width=&#8220;1\/3&#8243; fade_animation_offset=&#8220;45px&#8220;][vc_column_text][\/vc_column_text][\/vc_column][vc_column width=&#8220;1\/3&#8243; fade_animation_offset=&#8220;45px&#8220;][vc_column_text][\/vc_column_text][\/vc_column][vc_column width=&#8220;1\/3&#8243; fade_animation_offset=&#8220;45px&#8220;][vc_column_text][\/vc_column_text][\/vc_column][\/vc_row][vc_row padding_top=&#8220;0px&#8220; padding_bottom=&#8220;0px&#8220;][vc_column fade_animation_offset=&#8220;45px&#8220;][vc_column_text][contact-form-7 id=&#8220;853&#8243;][vc_raw_js]JTNDc2NyaXB0JTIwdHlwZSUzRCUyMnRleHQlMkZqYXZhc2NyaXB0JTIyJTNFJTBBalF1ZXJ5JTI4ZG9jdW1lbnQlMjkucmVhZHklMjhmdW5jdGlvbiUyOCUyNCUyOSU3QiUwQSUwOSUyNCUyOCUyNy53cGNmNy1zdWJtaXQlMjclMjkuY2xpY2slMjhmdW5jdGlvbiUyOGUlMjklN0IlMEElMDklMDllLnByZXZlbnREZWZhdWx0JTI4JTI5JTNCJTBBJTA5JTA5dmFyJTIwZXNsb3JhJTIwJTNEJTIwJTI0JTI4JTI3aW5wdXQlNUJuYW1lJTNEJTIyZXNsb3JhJTIyJTVEJTI3JTI5LnZhbCUyOCUyOSUzQiUwQSUwOSUwOXZhciUyMG1hbmdhJTIwJTNEJTIwJTI0JTI4JTI3aW5wdXQlNUJuYW1lJTNEJTIybWFuZ2ElMjIlNUQlMjclMjkudmFsJTI4JTI5JTNCJTBBJTA5JTA5dmFyJTIwc3RhcnQlMjAlM0QlMjAlMjQlMjglMjdpbnB1dCU1Qm5hbWUlM0QlMjJlbnRyYWRhJTIyJTVEJTI3JTI5LnZhbCUyOCUyOSUzQiUwQSUwOSUwOXZhciUyMGVuZCUyMCUzRCUyMCUyNCUyOCUyN2lucHV0JTVCbmFtZSUzRCUyMnNhbGlkYSUyMiU1RCUyNyUyOS52YWwlMjglMjklM0IlMEElMDklMDklMjQuYWpheCUyOCU3QiUwQSUwOSUwOSUwOW1ldGhvZCUzQSUyMCUyMlBPU1QlMjIlMkMlMEElMDklMDklMDl1cmwlM0ElMjAlMjclMkZ3cC1hZG1pbiUyRmFkbWluLWFqYXgucGhwJTI3JTJDJTBBJTA5JTA5JTA5ZGF0YSUzQSUyMCU3QiUwQSUwOSUwOSUwOSUwOSUyN2FjdGlvbiUyNyUzQSUyMCUyN2NhbGN1bGF0ZV9wcmljZSUyNyUyQyUwQSUwOSUwOSUwOSUwOSUyN2VzbG9yYSUyNyUzQSUyMGVzbG9yYSUyQyUwQSUwOSUwOSUwOSUwOSUyN21hbmdhJTI3JTIwJTNBJTIwbWFuZ2ElMkMlMEElMDklMDklMDklMDklMjdzdGFydCUyNyUyMCUzQSUyMHN0YXJ0JTJDJTBBJTA5JTA5JTA5JTA5JTI3ZW5kJTI3JTIwJTIwJTIwJTNBJTIwZW5kJTBBJTA5JTA5JTA5JTdEJTBBJTA5JTA5JTdEJTI5LmRvbmUlMjhmdW5jdGlvbiUyOHJlc3BvbnNlJTI5JTdCJTBBJTA5JTA5JTA5d2luZG93LmxvY2F0aW9uLmhyZWYlMjAlM0QlMjAlMjIlMkZhbWFycmVzJTJGJTNGZXNsb3JhJTNEJTIyJTJCZXNsb3JhJTJCJTIyJTI2bWFuZ2ElM0QlMjIlMkJtYW5nYSUyQiUyMiUyNmVudHJhZGElM0QlMjIlMkJzdGFydCUyQiUyMiUyNnNhbGlkYSUzRCUyMiUyQmVuZCUyQiUyMiUyNnRvdGFsJTNEJTIyJTJCcmVzcG9uc2UlM0IlMEElMDklMDklN0QlMjkuZmFpbCUyOGZ1bmN0aW9uJTI4ZGF0YSUyOSU3QiUwQSUwOSUwOSUwOWNvbnNvbGUubG9nJTI4JTI3RmFpbGVkJTIwQUpBWCUyMENhbGwlMjAlM0ElMjglMjAlMkYlMkYlMkZSZXR1cm4lMjBEYXRhJTNBJTIwJTI3JTI5JTBBJTA5JTA5JTA5Y29uc29sZS5sb2clMjhkYXRhJTI5JTNCJTBBJTA5JTA5JTdEJTI5JTNCJTBBJTA5JTdEJTI5JTNCJTBBJTI0JTI4JTI3JTIzZnJvbSUyNyUyOS5jaGFuZ2UlMjhmdW5jdGlvbiUyOCUyOSU3QiUwQSUwOSUwOXZhciUyMHN0YXJ0JTIwJTNEJTIwJTI0JTI4JTI3aW5wdXQlNUJuYW1lJTNEJTIyZW50cmFkYSUyMiU1RCUyNyUyOS52YWwlMjglMjklM0IlMEElMDklMDlzdGFydCUyMCUzRCUyMHN0YXJ0LnNwbGl0JTI4JTIyJTJGJTIyJTI5JTNCJTBBJTA5JTA5dmFyJTIwbWluRGF0ZSUyMCUzRCUyMG5ldyUyMERhdGUlMjhzdGFydCU1QjIlNUQlMkMlMjBzdGFydCU1QjElNUQlMjAtJTIwMSUyQyUyMHN0YXJ0JTVCMCU1RCUyOSUzQiUwQSUwOSUwOW1pbkRhdGUuc2V0RGF0ZSUyOG1pbkRhdGUuZ2V0RGF0ZSUyOCUyOSUyQjElMjklM0IlMEElMDklMDklMjQlMjglMjAlMjIlMjN0byUyMiUyMCUyOS5kYXRlcGlja2VyJTI4JTIwJTIyb3B0aW9uJTIyJTJDJTIwJTIybWluRGF0ZSUyMiUyQyUyMG1pbkRhdGUlMjAlMjklM0IlMEElMDklN0QlMjklM0IlMEElN0QlMjklM0IlMjAlM0MlMkZzY3JpcHQlM0U=[\/vc_raw_js][\/vc_column_text][\/vc_column][\/vc_row][vc_row padding_top=&#8220;0px&#8220; padding_bottom=&#8220;0px&#8220;][vc_column fade_animation_offset=&#8220;45px&#8220;][vc_column_text][\/vc_column_text][\/vc_column][\/vc_row]<\/p>\n","protected":false},"author":2,"featured_media":0,"parent":0,"menu_order":0,"comment_status":"closed","ping_status":"closed","template":"template-layout-full-width.php","meta":{"_acf_changed":false,"rs_blank_template":"","rs_page_bg_color":"","slide_template_v7":"","footnotes":""},"class_list":["post-347","page","type-page","status-publish","hentry","no-post-thumbnail"],"acf":[],"yoast_head":"<!-- This site is optimized with the Yoast SEO plugin v27.6 - https:\/\/yoast.com\/product\/yoast-seo-wordpress\/ -->\n<title>Inicio - Marina Santa Eulalia<\/title>\n<meta name=\"description\" content=\"Amarra tu embarcaci\u00f3n en el Puerto Deportivo m\u00e1s aut\u00e9ntico de Ibiza y disfruta de una zona comercial con gran oferta gastron\u00f3mica y de servicios.\" \/>\n<meta name=\"robots\" content=\"index, follow, max-snippet:-1, max-image-preview:large, max-video-preview:-1\" \/>\n<link rel=\"canonical\" href=\"https:\/\/marinasantaeulalia.com\/de\/\" \/>\n<meta property=\"og:locale\" content=\"de_DE\" \/>\n<meta property=\"og:type\" content=\"article\" \/>\n<meta property=\"og:title\" content=\"Inicio - Marina Santa Eulalia\" \/>\n<meta property=\"og:description\" content=\"Amarra tu embarcaci\u00f3n en el Puerto Deportivo m\u00e1s aut\u00e9ntico de Ibiza y disfruta de una zona comercial con gran oferta gastron\u00f3mica y de servicios.\" \/>\n<meta property=\"og:url\" content=\"https:\/\/marinasantaeulalia.com\/de\/\" \/>\n<meta property=\"og:site_name\" content=\"Marina Santa Eulalia\" \/>\n<meta property=\"article:publisher\" content=\"https:\/\/www.facebook.com\/marinasantaeulaliaibiza\/\" \/>\n<meta property=\"article:modified_time\" content=\"2022-03-18T10:57:18+00:00\" \/>\n<meta property=\"og:image\" content=\"https:\/\/marinasantaeulalia.com\/wp-content\/uploads\/Reserva-tu-Amarre-Aleman.jpg\" \/>\n<meta name=\"twitter:card\" content=\"summary_large_image\" \/>\n<meta name=\"twitter:label1\" content=\"Gesch\u00e4tzte Lesezeit\" \/>\n\t<meta name=\"twitter:data1\" content=\"2\u00a0Minuten\" \/>\n<script type=\"application\/ld+json\" class=\"yoast-schema-graph\">{\"@context\":\"https:\\\/\\\/schema.org\",\"@graph\":[{\"@type\":\"WebPage\",\"@id\":\"https:\\\/\\\/marinasantaeulalia.com\\\/de\\\/\",\"url\":\"https:\\\/\\\/marinasantaeulalia.com\\\/de\\\/\",\"name\":\"Inicio - Marina Santa Eulalia\",\"isPartOf\":{\"@id\":\"https:\\\/\\\/marinasantaeulalia.com\\\/#website\"},\"primaryImageOfPage\":{\"@id\":\"https:\\\/\\\/marinasantaeulalia.com\\\/de\\\/#primaryimage\"},\"image\":{\"@id\":\"https:\\\/\\\/marinasantaeulalia.com\\\/de\\\/#primaryimage\"},\"thumbnailUrl\":\"https:\\\/\\\/marinasantaeulalia.com\\\/wp-content\\\/uploads\\\/Reserva-tu-Amarre-Aleman.jpg\",\"datePublished\":\"2014-04-29T08:11:55+00:00\",\"dateModified\":\"2022-03-18T10:57:18+00:00\",\"description\":\"Amarra tu embarcaci\u00f3n en el Puerto Deportivo m\u00e1s aut\u00e9ntico de Ibiza y disfruta de una zona comercial con gran oferta gastron\u00f3mica y de servicios.\",\"breadcrumb\":{\"@id\":\"https:\\\/\\\/marinasantaeulalia.com\\\/de\\\/#breadcrumb\"},\"inLanguage\":\"de\",\"potentialAction\":[{\"@type\":\"ReadAction\",\"target\":[\"https:\\\/\\\/marinasantaeulalia.com\\\/de\\\/\"]}]},{\"@type\":\"ImageObject\",\"inLanguage\":\"de\",\"@id\":\"https:\\\/\\\/marinasantaeulalia.com\\\/de\\\/#primaryimage\",\"url\":\"https:\\\/\\\/marinasantaeulalia.com\\\/wp-content\\\/uploads\\\/Reserva-tu-Amarre-Aleman.jpg\",\"contentUrl\":\"https:\\\/\\\/marinasantaeulalia.com\\\/wp-content\\\/uploads\\\/Reserva-tu-Amarre-Aleman.jpg\"},{\"@type\":\"BreadcrumbList\",\"@id\":\"https:\\\/\\\/marinasantaeulalia.com\\\/de\\\/#breadcrumb\",\"itemListElement\":[{\"@type\":\"ListItem\",\"position\":1,\"name\":\"Portada\",\"item\":\"https:\\\/\\\/marinasantaeulalia.com\\\/de\\\/\"},{\"@type\":\"ListItem\",\"position\":2,\"name\":\"Inicio\"}]},{\"@type\":\"WebSite\",\"@id\":\"https:\\\/\\\/marinasantaeulalia.com\\\/#website\",\"url\":\"https:\\\/\\\/marinasantaeulalia.com\\\/\",\"name\":\"Marina Santa Eulalia\",\"description\":\"Puerto deportivo en Ibiza\",\"publisher\":{\"@id\":\"https:\\\/\\\/marinasantaeulalia.com\\\/#organization\"},\"potentialAction\":[{\"@type\":\"SearchAction\",\"target\":{\"@type\":\"EntryPoint\",\"urlTemplate\":\"https:\\\/\\\/marinasantaeulalia.com\\\/?s={search_term_string}\"},\"query-input\":{\"@type\":\"PropertyValueSpecification\",\"valueRequired\":true,\"valueName\":\"search_term_string\"}}],\"inLanguage\":\"de\"},{\"@type\":\"Organization\",\"@id\":\"https:\\\/\\\/marinasantaeulalia.com\\\/#organization\",\"name\":\"Marina Santa Eulalia Ibiza\",\"url\":\"https:\\\/\\\/marinasantaeulalia.com\\\/\",\"logo\":{\"@type\":\"ImageObject\",\"inLanguage\":\"de\",\"@id\":\"https:\\\/\\\/marinasantaeulalia.com\\\/#\\\/schema\\\/logo\\\/image\\\/\",\"url\":\"https:\\\/\\\/marinasantaeulalia.com\\\/wp-content\\\/uploads\\\/Logo_MarinaSantaEulaliaIbiza.jpg\",\"contentUrl\":\"https:\\\/\\\/marinasantaeulalia.com\\\/wp-content\\\/uploads\\\/Logo_MarinaSantaEulaliaIbiza.jpg\",\"width\":\"960\",\"height\":\"960\",\"caption\":\"Marina Santa Eulalia Ibiza\"},\"image\":{\"@id\":\"https:\\\/\\\/marinasantaeulalia.com\\\/#\\\/schema\\\/logo\\\/image\\\/\"},\"sameAs\":[\"https:\\\/\\\/www.facebook.com\\\/marinasantaeulaliaibiza\\\/\",\"http:\\\/\\\/www.instagram.com\\\/marinasantaeulaliaibiza\"]}]}<\/script>\n<!-- \/ Yoast SEO plugin. -->","yoast_head_json":{"title":"Inicio - Marina Santa Eulalia","description":"Amarra tu embarcaci\u00f3n en el Puerto Deportivo m\u00e1s aut\u00e9ntico de Ibiza y disfruta de una zona comercial con gran oferta gastron\u00f3mica y de servicios.","robots":{"index":"index","follow":"follow","max-snippet":"max-snippet:-1","max-image-preview":"max-image-preview:large","max-video-preview":"max-video-preview:-1"},"canonical":"https:\/\/marinasantaeulalia.com\/de\/","og_locale":"de_DE","og_type":"article","og_title":"Inicio - Marina Santa Eulalia","og_description":"Amarra tu embarcaci\u00f3n en el Puerto Deportivo m\u00e1s aut\u00e9ntico de Ibiza y disfruta de una zona comercial con gran oferta gastron\u00f3mica y de servicios.","og_url":"https:\/\/marinasantaeulalia.com\/de\/","og_site_name":"Marina Santa Eulalia","article_publisher":"https:\/\/www.facebook.com\/marinasantaeulaliaibiza\/","article_modified_time":"2022-03-18T10:57:18+00:00","og_image":[{"url":"https:\/\/marinasantaeulalia.com\/wp-content\/uploads\/Reserva-tu-Amarre-Aleman.jpg","type":"","width":"","height":""}],"twitter_card":"summary_large_image","twitter_misc":{"Gesch\u00e4tzte Lesezeit":"2\u00a0Minuten"},"schema":{"@context":"https:\/\/schema.org","@graph":[{"@type":"WebPage","@id":"https:\/\/marinasantaeulalia.com\/de\/","url":"https:\/\/marinasantaeulalia.com\/de\/","name":"Inicio - Marina Santa Eulalia","isPartOf":{"@id":"https:\/\/marinasantaeulalia.com\/#website"},"primaryImageOfPage":{"@id":"https:\/\/marinasantaeulalia.com\/de\/#primaryimage"},"image":{"@id":"https:\/\/marinasantaeulalia.com\/de\/#primaryimage"},"thumbnailUrl":"https:\/\/marinasantaeulalia.com\/wp-content\/uploads\/Reserva-tu-Amarre-Aleman.jpg","datePublished":"2014-04-29T08:11:55+00:00","dateModified":"2022-03-18T10:57:18+00:00","description":"Amarra tu embarcaci\u00f3n en el Puerto Deportivo m\u00e1s aut\u00e9ntico de Ibiza y disfruta de una zona comercial con gran oferta gastron\u00f3mica y de servicios.","breadcrumb":{"@id":"https:\/\/marinasantaeulalia.com\/de\/#breadcrumb"},"inLanguage":"de","potentialAction":[{"@type":"ReadAction","target":["https:\/\/marinasantaeulalia.com\/de\/"]}]},{"@type":"ImageObject","inLanguage":"de","@id":"https:\/\/marinasantaeulalia.com\/de\/#primaryimage","url":"https:\/\/marinasantaeulalia.com\/wp-content\/uploads\/Reserva-tu-Amarre-Aleman.jpg","contentUrl":"https:\/\/marinasantaeulalia.com\/wp-content\/uploads\/Reserva-tu-Amarre-Aleman.jpg"},{"@type":"BreadcrumbList","@id":"https:\/\/marinasantaeulalia.com\/de\/#breadcrumb","itemListElement":[{"@type":"ListItem","position":1,"name":"Portada","item":"https:\/\/marinasantaeulalia.com\/de\/"},{"@type":"ListItem","position":2,"name":"Inicio"}]},{"@type":"WebSite","@id":"https:\/\/marinasantaeulalia.com\/#website","url":"https:\/\/marinasantaeulalia.com\/","name":"Marina Santa Eulalia","description":"Puerto deportivo en Ibiza","publisher":{"@id":"https:\/\/marinasantaeulalia.com\/#organization"},"potentialAction":[{"@type":"SearchAction","target":{"@type":"EntryPoint","urlTemplate":"https:\/\/marinasantaeulalia.com\/?s={search_term_string}"},"query-input":{"@type":"PropertyValueSpecification","valueRequired":true,"valueName":"search_term_string"}}],"inLanguage":"de"},{"@type":"Organization","@id":"https:\/\/marinasantaeulalia.com\/#organization","name":"Marina Santa Eulalia Ibiza","url":"https:\/\/marinasantaeulalia.com\/","logo":{"@type":"ImageObject","inLanguage":"de","@id":"https:\/\/marinasantaeulalia.com\/#\/schema\/logo\/image\/","url":"https:\/\/marinasantaeulalia.com\/wp-content\/uploads\/Logo_MarinaSantaEulaliaIbiza.jpg","contentUrl":"https:\/\/marinasantaeulalia.com\/wp-content\/uploads\/Logo_MarinaSantaEulaliaIbiza.jpg","width":"960","height":"960","caption":"Marina Santa Eulalia Ibiza"},"image":{"@id":"https:\/\/marinasantaeulalia.com\/#\/schema\/logo\/image\/"},"sameAs":["https:\/\/www.facebook.com\/marinasantaeulaliaibiza\/","http:\/\/www.instagram.com\/marinasantaeulaliaibiza"]}]}},"jetpack_sharing_enabled":true,"jetpack_shortlink":"https:\/\/wp.me\/P9JVaN-5B","_links":{"self":[{"href":"https:\/\/marinasantaeulalia.com\/de\/wp-json\/wp\/v2\/pages\/347","targetHints":{"allow":["GET"]}}],"collection":[{"href":"https:\/\/marinasantaeulalia.com\/de\/wp-json\/wp\/v2\/pages"}],"about":[{"href":"https:\/\/marinasantaeulalia.com\/de\/wp-json\/wp\/v2\/types\/page"}],"author":[{"embeddable":true,"href":"https:\/\/marinasantaeulalia.com\/de\/wp-json\/wp\/v2\/users\/2"}],"replies":[{"embeddable":true,"href":"https:\/\/marinasantaeulalia.com\/de\/wp-json\/wp\/v2\/comments?post=347"}],"version-history":[{"count":0,"href":"https:\/\/marinasantaeulalia.com\/de\/wp-json\/wp\/v2\/pages\/347\/revisions"}],"wp:attachment":[{"href":"https:\/\/marinasantaeulalia.com\/de\/wp-json\/wp\/v2\/media?parent=347"}],"curies":[{"name":"wp","href":"https:\/\/api.w.org\/{rel}","templated":true}]}}