{"id":673,"date":"2015-04-24T07:56:12","date_gmt":"2015-04-24T07:56:12","guid":{"rendered":"http:\/\/marinasantaeulalia.com\/politica-de-privacidad\/"},"modified":"2020-03-18T14:15:48","modified_gmt":"2020-03-18T14:15:48","slug":"politica-de-cookies","status":"publish","type":"page","link":"https:\/\/marinasantaeulalia.com\/ca\/politica-de-cookies\/","title":{"rendered":"Pol\u00edtica de cookies"},"content":{"rendered":"<div class=\"wpb-content-wrapper\">[vc_row][vc_column][vc_column_text]<strong><em>Uso de cookies<\/em><\/strong><\/p>\n<p><em>El acceso a esta web implica la utilizaci\u00f3n de cookies. Una cookie es un peque\u00f1o archivo que se almacena en el ordenador del usuario y permite reconocerle, guardar sus preferencias de navegaci\u00f3n, guardar datos de formularios, recopilar los h\u00e1bitos de navegaci\u00f3n, etc. Las cookies son esenciales para el funcionamiento de Internet, aportando innumerables ventajas en la prestaci\u00f3n de servicios interactivos.<\/em><\/p>\n<p><em>Si contin\u00faa navegando, el usuario acepta el uso de las cookies t\u00e9cnicas que son estrictamente necesarias para el funcionamiento correcto de la p\u00e1gina. Para las dem\u00e1s, el usuario debe dar su consentimiento y puede revocarlo en cualquier momento, mediante la eliminaci\u00f3n en su ordenador de las mismas y modificando los par\u00e1metros en su programa navegador. <\/em><\/p>\n<p><em>Los procesos para controlar y eliminar las cookies var\u00edan en funci\u00f3n del navegador usado. Para m\u00e1s informaci\u00f3n, use la funci\u00f3n ayuda del mismo o configure el men\u00fa de privacidad.<\/em><\/p>\n<p><em>Esta p\u00e1gina utiliza tipos diferentes de cookies. Algunas cookies son colocadas por servicios de terceros que aparecen en nuestras p\u00e1ginas (ej.: Social Plugins de Facebook o Twitter con la funci\u00f3n de controlar la interacci\u00f3n con los widgets dentro de la web)<\/em><\/p>\n<p><strong><em>Tipolog\u00eda de cookies:<\/em><\/strong><\/p>\n<p><em><u>Cookies de sesi\u00f3n y cookies permanentes:<\/u><\/em><\/p>\n<ul>\n<li><em>Las cookies de sesi\u00f3n son archivos temporales que permanecen en el almac\u00e9n de cookies de su navegador hasta que cierre el navegador, sirven para la identificaci\u00f3n y para almacenar opciones elegidas por el usuario como el idioma. <\/em><\/li>\n<li><em>Las cookies permanentes, son almacenadas en su ordenador durante un per\u00edodo fijo y nuestra web las lee cada vez que usted realiza una nueva visita. Contienen informaci\u00f3n similar a las cookies de sesi\u00f3n como preferencias de usuario e identificaci\u00f3n, pero poseen una fecha de expiraci\u00f3n determinada mayor tras la cual dejar\u00e1n de funcionar.<\/em><\/li>\n<\/ul>\n<p><em><u>Cookies propias o de terceros<\/u><\/em><\/p>\n<ul>\n<li><em>Las cookies propias son aquellas que se env\u00edan al equipo terminal del usuario desde un equipo o dominio gestionado por el propio editor y desde el que se presta el servicio solicitado por el usuario.<\/em><\/li>\n<li><em>Las cookies de terceros son empleadas por una organizaci\u00f3n diferente al propietario del sitio web al que usted visita. Por ejemplo, el sitio web podr\u00eda usar un servicio de anal\u00edtica web, externo, que utilizar\u00e1 sus propias cookies para realizar este servicio. Tambi\u00e9n puede usar proveedores externos especializados en gesti\u00f3n de campa\u00f1as publicitarias personalizadas.<\/em><\/li>\n<\/ul>\n<p><em><u>Tipos de cookies seg\u00fan su finalidad:<\/u><\/em><\/p>\n<ul>\n<li><em><u>Cookies t\u00e9cnicas:<\/u><\/em><em> Son aqu\u00e9llas que permiten al usuario la navegaci\u00f3n a trav\u00e9s de una p\u00e1gina web, plataforma o aplicaci\u00f3n y la utilizaci\u00f3n de las diferentes opciones o servicios que en ella existan como, por ejemplo, controlar el tr\u00e1fico y la comunicaci\u00f3n de datos, identificar la sesi\u00f3n, acceder a partes de acceso restringido, recordar los elementos que integran un pedido, realizar el proceso de compra de un pedido, realizar la solicitud de inscripci\u00f3n o participaci\u00f3n en un evento, utilizar elementos de seguridad durante la navegaci\u00f3n, almacenar contenidos para la difusi\u00f3n de videos o sonido o compartir contenidos a trav\u00e9s de redes sociales. <\/em><\/li>\n<li><em><u>Cookies de personalizaci\u00f3n:<\/u><\/em><em> Son aqu\u00e9llas que permiten al usuario acceder al servicio con algunas caracter\u00edsticas de car\u00e1cter general predefinidas en funci\u00f3n de una serie de criterios en el terminal del usuario como por ejemplo serian el idioma, el tipo de navegador a trav\u00e9s del cual accede al servicio, la configuraci\u00f3n regional desde donde accede al servicio, etc. <\/em><\/li>\n<li><em><u>Cookies de an\u00e1lisis:<\/u><\/em><em> Son aqu\u00e9llas que permiten al responsable de las mismas, el seguimiento y an\u00e1lisis del comportamiento de los usuarios de los sitios web a los que est\u00e1n vinculadas. La informaci\u00f3n recogida mediante este tipo de cookies se utiliza en la medici\u00f3n de la actividad de los sitios web, aplicaci\u00f3n o plataforma y para la elaboraci\u00f3n de perfiles de navegaci\u00f3n de los usuarios de dichos sitios, aplicaciones y plataformas, con el fin de introducir mejoras en funci\u00f3n del an\u00e1lisis de los datos de uso que hacen los usuarios del servicio.<\/em><\/li>\n<\/ul>\n<p><em><u>Relaci\u00f3n de cookies utilizadas<\/u><\/em><\/p>\n<table width=\"595\">\n<tbody>\n<tr>\n<td width=\"91\"><strong><em>Nombre<\/em><\/strong><\/p>\n<p><em>Etiqueta de la cookie<\/em><\/td>\n<td width=\"103\"><strong><em>Website<\/em><\/strong><\/td>\n<td width=\"165\"><strong><em>Expiraci\u00f3n<\/em><\/strong><\/p>\n<p><em>Fecha de caducidad de la cookie una vez instalada<\/em><\/td>\n<td width=\"237\"><strong><em>Descripci\u00f3n<\/em><\/strong><\/p>\n<p><em>Finalidad de la cookie<\/em><\/td>\n<\/tr>\n<tr>\n<td width=\"91\"><em>cookieinfo<\/em><\/td>\n<td width=\"103\"><em>marinasantaeulalia.com<\/em><\/td>\n<td width=\"165\"><em>3 meses<\/em><\/td>\n<td width=\"237\"><em>Banner de cookies aceptado o no<\/em><\/td>\n<\/tr>\n<tr>\n<td width=\"91\"><em>1P_JAR<\/em><\/td>\n<td width=\"103\"><em>gstatic.com<\/em><\/td>\n<td width=\"165\"><em>1 mes<\/em><\/td>\n<td width=\"237\"><em>Transfiere datos a Google<\/em><\/td>\n<\/tr>\n<tr>\n<td width=\"91\"><em>CONSENT<\/em><\/td>\n<td width=\"103\"><em>youtube.com<\/em><\/td>\n<td width=\"165\"><em>Indefinido<\/em><\/td>\n<td width=\"237\"><em>Permiten personalizar c\u00f3mo se ven anuncios fuera de Google o almacenar informaci\u00f3n como el idioma preferido a la hora de mostrar resultados de b\u00fasqueda.<\/em><\/td>\n<\/tr>\n<tr>\n<td width=\"91\"><em>SID, NID, HSID<\/em><\/td>\n<td width=\"103\"><em>youtube.com<\/em><\/td>\n<td width=\"165\"><em>1 mes<\/em><\/td>\n<td width=\"237\"><em>Cookies de seguridad para autenticar a usuarios, evitar el uso fraudulento de credenciales de inicio de sesi\u00f3n y proteger los datos de usuarios frente a terceros no autorizados.<\/em><\/td>\n<\/tr>\n<tr>\n<td width=\"91\"><em>ANID, APISID, SAPISID, SIDCC, SSID<\/em><\/td>\n<td width=\"103\"><em>youtube.com<\/em><\/td>\n<td width=\"165\"><em>Sesi\u00f3n<\/em><\/td>\n<td width=\"237\"><em>Cookies publicitarias utilizadas por servicios de Google.<\/em><\/td>\n<\/tr>\n<tr>\n<td width=\"91\"><em>VISITOR_INFO1_LIVE<\/em><\/td>\n<td width=\"103\"><em>youtube.com<\/em><\/td>\n<td width=\"165\"><em>6 meses<\/em><\/td>\n<td width=\"237\"><em>Cookie que realiza el seguimiento de los videos visitados que se encuentran incrustados en la web<\/em><\/td>\n<\/tr>\n<tr>\n<td width=\"91\"><em>YSC<\/em><\/td>\n<td width=\"103\"><em>youtube.com<\/em><\/td>\n<td width=\"165\"><em>Al finalizar la sesi\u00f3n<\/em><\/td>\n<td width=\"237\"><em>Cookie que mide las reproducciones de videos realizadas por el usuario y registra los eventos de \u201cMe gusta\u201d o \u201cCompartir video\u201d<\/em><\/td>\n<\/tr>\n<tr>\n<td width=\"91\"><em>PREF<\/em><\/td>\n<td width=\"103\"><em>youtube.com<\/em><\/td>\n<td width=\"165\"><em>10 a\u00f1os<\/em><\/td>\n<td width=\"237\"><em>Cookie que almacena las preferencias de configuraci\u00f3n, tales como idioma preferido, n\u00famero de resultados de b\u00fasqueda mostrados por p\u00e1gina o activaci\u00f3n del filtro SafeSearch de Google.<\/em><\/td>\n<\/tr>\n<tr>\n<td width=\"91\"><em>__Secure-3PAPISID<\/em><\/td>\n<td width=\"103\"><em>youtube.com<\/em><\/td>\n<td width=\"165\"><em>2 a\u00f1os<\/em><\/td>\n<td width=\"237\"><em>Cookie publicitaria utilizada por servicios de Google que se utiliza para entregar anuncios m\u00e1s relevantes para el usuario.<\/em><\/td>\n<\/tr>\n<tr>\n<td width=\"91\"><em>__Secure-3PSID<\/em><\/td>\n<td width=\"103\"><em>youtube.com<\/em><\/td>\n<td width=\"165\"><em>2 a\u00f1os<\/em><\/td>\n<td width=\"237\"><em>Cookie publicitaria utilizada por servicios de Google que se utiliza para entregar anuncios m\u00e1s relevantes para el usuario.<\/em><\/td>\n<\/tr>\n<tr>\n<td width=\"91\"><em>__Secure-APISID<\/em><\/td>\n<td width=\"103\"><em>youtube.com<\/em><\/td>\n<td width=\"165\"><em>8 meses<\/em><\/td>\n<td width=\"237\"><em>Cookie publicitaria utilizada por servicios de Google que se utiliza para entregar anuncios m\u00e1s relevantes para el usuario.<\/em><\/td>\n<\/tr>\n<tr>\n<td width=\"91\"><em>__Secure-HSID<\/em><\/td>\n<td width=\"103\"><em>youtube.com<\/em><\/td>\n<td width=\"165\"><em>8 meses<\/em><\/td>\n<td width=\"237\"><em>Cookie publicitaria utilizada por servicios de Google que se utiliza para entregar anuncios m\u00e1s relevantes para el usuario.<\/em><\/td>\n<\/tr>\n<tr>\n<td width=\"91\"><em>__Secure-SSID<\/em><\/td>\n<td width=\"103\"><em>youtube.com<\/em><\/td>\n<td width=\"165\"><em>8 meses<\/em><\/td>\n<td width=\"237\"><em>Cookie publicitaria utilizada por servicios de Google que se utiliza para entregar anuncios m\u00e1s relevantes para el usuario.<\/em><\/td>\n<\/tr>\n<\/tbody>\n<\/table>\n<p><em>\u00a0<\/em>[\/vc_column_text][\/vc_column][\/vc_row]\n<\/div>","protected":false},"excerpt":{"rendered":"<p>[vc_row][vc_column][vc_column_text]Uso de cookies El acceso a esta web implica la utilizaci\u00f3n de cookies. Una cookie es un peque\u00f1o archivo que se almacena en el ordenador del usuario y permite reconocerle, guardar sus preferencias de navegaci\u00f3n, guardar datos de formularios, recopilar los h\u00e1bitos de navegaci\u00f3n, etc. Las cookies son esenciales para el funcionamiento de Internet, aportando innumerables ventajas en la prestaci\u00f3n &#8230; <\/p>\n<div><a href=\"https:\/\/marinasantaeulalia.com\/ca\/politica-de-cookies\/\" class=\"more-link\">Read More<\/a><\/div>\n","protected":false},"author":2,"featured_media":0,"parent":0,"menu_order":0,"comment_status":"closed","ping_status":"closed","template":"template-layout-full-width.php","meta":{"_acf_changed":false,"rs_blank_template":"","rs_page_bg_color":"","slide_template_v7":"","jetpack_post_was_ever_published":false,"footnotes":""},"class_list":["post-673","page","type-page","status-publish","hentry","no-post-thumbnail"],"acf":[],"yoast_head":"<!-- This site is optimized with the Yoast SEO plugin v27.5 - https:\/\/yoast.com\/product\/yoast-seo-wordpress\/ -->\n<title>Pol\u00edtica de cookies - Marina Santa Eulalia<\/title>\n<meta name=\"robots\" content=\"index, follow, max-snippet:-1, max-image-preview:large, max-video-preview:-1\" \/>\n<link rel=\"canonical\" href=\"https:\/\/marinasantaeulalia.com\/ca\/politica-de-cookies\/\" \/>\n<meta property=\"og:locale\" content=\"ca_ES\" \/>\n<meta property=\"og:type\" content=\"article\" \/>\n<meta property=\"og:title\" content=\"Pol\u00edtica de cookies - Marina Santa Eulalia\" \/>\n<meta property=\"og:description\" content=\"[vc_row][vc_column][vc_column_text]Uso de cookies El acceso a esta web implica la utilizaci\u00f3n de cookies. Una cookie es un peque\u00f1o archivo que se almacena en el ordenador del usuario y permite reconocerle, guardar sus preferencias de navegaci\u00f3n, guardar datos de formularios, recopilar los h\u00e1bitos de navegaci\u00f3n, etc. Las cookies son esenciales para el funcionamiento de Internet, aportando innumerables ventajas en la prestaci\u00f3n ... Read More\" \/>\n<meta property=\"og:url\" content=\"https:\/\/marinasantaeulalia.com\/ca\/politica-de-cookies\/\" \/>\n<meta property=\"og:site_name\" content=\"Marina Santa Eulalia\" \/>\n<meta property=\"article:publisher\" content=\"https:\/\/www.facebook.com\/marinasantaeulaliaibiza\/\" \/>\n<meta property=\"article:modified_time\" content=\"2020-03-18T14:15:48+00:00\" \/>\n<meta name=\"twitter:card\" content=\"summary_large_image\" \/>\n<meta name=\"twitter:label1\" content=\"Temps estimat de lectura\" \/>\n\t<meta name=\"twitter:data1\" content=\"5 minut\" \/>\n<script type=\"application\/ld+json\" class=\"yoast-schema-graph\">{\"@context\":\"https:\\\/\\\/schema.org\",\"@graph\":[{\"@type\":\"WebPage\",\"@id\":\"https:\\\/\\\/marinasantaeulalia.com\\\/ca\\\/politica-de-cookies\\\/\",\"url\":\"https:\\\/\\\/marinasantaeulalia.com\\\/ca\\\/politica-de-cookies\\\/\",\"name\":\"Pol\u00edtica de cookies - Marina Santa Eulalia\",\"isPartOf\":{\"@id\":\"https:\\\/\\\/marinasantaeulalia.com\\\/#website\"},\"datePublished\":\"2015-04-24T07:56:12+00:00\",\"dateModified\":\"2020-03-18T14:15:48+00:00\",\"breadcrumb\":{\"@id\":\"https:\\\/\\\/marinasantaeulalia.com\\\/ca\\\/politica-de-cookies\\\/#breadcrumb\"},\"inLanguage\":\"ca\",\"potentialAction\":[{\"@type\":\"ReadAction\",\"target\":[\"https:\\\/\\\/marinasantaeulalia.com\\\/ca\\\/politica-de-cookies\\\/\"]}]},{\"@type\":\"BreadcrumbList\",\"@id\":\"https:\\\/\\\/marinasantaeulalia.com\\\/ca\\\/politica-de-cookies\\\/#breadcrumb\",\"itemListElement\":[{\"@type\":\"ListItem\",\"position\":1,\"name\":\"Portada\",\"item\":\"https:\\\/\\\/marinasantaeulalia.com\\\/ca\\\/\"},{\"@type\":\"ListItem\",\"position\":2,\"name\":\"Pol\u00edtica de cookies\"}]},{\"@type\":\"WebSite\",\"@id\":\"https:\\\/\\\/marinasantaeulalia.com\\\/#website\",\"url\":\"https:\\\/\\\/marinasantaeulalia.com\\\/\",\"name\":\"Marina Santa Eulalia\",\"description\":\"Puerto deportivo en Ibiza\",\"publisher\":{\"@id\":\"https:\\\/\\\/marinasantaeulalia.com\\\/#organization\"},\"potentialAction\":[{\"@type\":\"SearchAction\",\"target\":{\"@type\":\"EntryPoint\",\"urlTemplate\":\"https:\\\/\\\/marinasantaeulalia.com\\\/?s={search_term_string}\"},\"query-input\":{\"@type\":\"PropertyValueSpecification\",\"valueRequired\":true,\"valueName\":\"search_term_string\"}}],\"inLanguage\":\"ca\"},{\"@type\":\"Organization\",\"@id\":\"https:\\\/\\\/marinasantaeulalia.com\\\/#organization\",\"name\":\"Marina Santa Eulalia Ibiza\",\"url\":\"https:\\\/\\\/marinasantaeulalia.com\\\/\",\"logo\":{\"@type\":\"ImageObject\",\"inLanguage\":\"ca\",\"@id\":\"https:\\\/\\\/marinasantaeulalia.com\\\/#\\\/schema\\\/logo\\\/image\\\/\",\"url\":\"https:\\\/\\\/marinasantaeulalia.com\\\/wp-content\\\/uploads\\\/Logo_MarinaSantaEulaliaIbiza.jpg\",\"contentUrl\":\"https:\\\/\\\/marinasantaeulalia.com\\\/wp-content\\\/uploads\\\/Logo_MarinaSantaEulaliaIbiza.jpg\",\"width\":\"960\",\"height\":\"960\",\"caption\":\"Marina Santa Eulalia Ibiza\"},\"image\":{\"@id\":\"https:\\\/\\\/marinasantaeulalia.com\\\/#\\\/schema\\\/logo\\\/image\\\/\"},\"sameAs\":[\"https:\\\/\\\/www.facebook.com\\\/marinasantaeulaliaibiza\\\/\",\"http:\\\/\\\/www.instagram.com\\\/marinasantaeulaliaibiza\"]}]}<\/script>\n<!-- \/ Yoast SEO plugin. -->","yoast_head_json":{"title":"Pol\u00edtica de cookies - Marina Santa Eulalia","robots":{"index":"index","follow":"follow","max-snippet":"max-snippet:-1","max-image-preview":"max-image-preview:large","max-video-preview":"max-video-preview:-1"},"canonical":"https:\/\/marinasantaeulalia.com\/ca\/politica-de-cookies\/","og_locale":"ca_ES","og_type":"article","og_title":"Pol\u00edtica de cookies - Marina Santa Eulalia","og_description":"[vc_row][vc_column][vc_column_text]Uso de cookies El acceso a esta web implica la utilizaci\u00f3n de cookies. Una cookie es un peque\u00f1o archivo que se almacena en el ordenador del usuario y permite reconocerle, guardar sus preferencias de navegaci\u00f3n, guardar datos de formularios, recopilar los h\u00e1bitos de navegaci\u00f3n, etc. Las cookies son esenciales para el funcionamiento de Internet, aportando innumerables ventajas en la prestaci\u00f3n ... Read More","og_url":"https:\/\/marinasantaeulalia.com\/ca\/politica-de-cookies\/","og_site_name":"Marina Santa Eulalia","article_publisher":"https:\/\/www.facebook.com\/marinasantaeulaliaibiza\/","article_modified_time":"2020-03-18T14:15:48+00:00","twitter_card":"summary_large_image","twitter_misc":{"Temps estimat de lectura":"5 minut"},"schema":{"@context":"https:\/\/schema.org","@graph":[{"@type":"WebPage","@id":"https:\/\/marinasantaeulalia.com\/ca\/politica-de-cookies\/","url":"https:\/\/marinasantaeulalia.com\/ca\/politica-de-cookies\/","name":"Pol\u00edtica de cookies - Marina Santa Eulalia","isPartOf":{"@id":"https:\/\/marinasantaeulalia.com\/#website"},"datePublished":"2015-04-24T07:56:12+00:00","dateModified":"2020-03-18T14:15:48+00:00","breadcrumb":{"@id":"https:\/\/marinasantaeulalia.com\/ca\/politica-de-cookies\/#breadcrumb"},"inLanguage":"ca","potentialAction":[{"@type":"ReadAction","target":["https:\/\/marinasantaeulalia.com\/ca\/politica-de-cookies\/"]}]},{"@type":"BreadcrumbList","@id":"https:\/\/marinasantaeulalia.com\/ca\/politica-de-cookies\/#breadcrumb","itemListElement":[{"@type":"ListItem","position":1,"name":"Portada","item":"https:\/\/marinasantaeulalia.com\/ca\/"},{"@type":"ListItem","position":2,"name":"Pol\u00edtica de cookies"}]},{"@type":"WebSite","@id":"https:\/\/marinasantaeulalia.com\/#website","url":"https:\/\/marinasantaeulalia.com\/","name":"Marina Santa Eulalia","description":"Puerto deportivo en Ibiza","publisher":{"@id":"https:\/\/marinasantaeulalia.com\/#organization"},"potentialAction":[{"@type":"SearchAction","target":{"@type":"EntryPoint","urlTemplate":"https:\/\/marinasantaeulalia.com\/?s={search_term_string}"},"query-input":{"@type":"PropertyValueSpecification","valueRequired":true,"valueName":"search_term_string"}}],"inLanguage":"ca"},{"@type":"Organization","@id":"https:\/\/marinasantaeulalia.com\/#organization","name":"Marina Santa Eulalia Ibiza","url":"https:\/\/marinasantaeulalia.com\/","logo":{"@type":"ImageObject","inLanguage":"ca","@id":"https:\/\/marinasantaeulalia.com\/#\/schema\/logo\/image\/","url":"https:\/\/marinasantaeulalia.com\/wp-content\/uploads\/Logo_MarinaSantaEulaliaIbiza.jpg","contentUrl":"https:\/\/marinasantaeulalia.com\/wp-content\/uploads\/Logo_MarinaSantaEulaliaIbiza.jpg","width":"960","height":"960","caption":"Marina Santa Eulalia Ibiza"},"image":{"@id":"https:\/\/marinasantaeulalia.com\/#\/schema\/logo\/image\/"},"sameAs":["https:\/\/www.facebook.com\/marinasantaeulaliaibiza\/","http:\/\/www.instagram.com\/marinasantaeulaliaibiza"]}]}},"jetpack_sharing_enabled":true,"jetpack_shortlink":"https:\/\/wp.me\/P9JVaN-aR","_links":{"self":[{"href":"https:\/\/marinasantaeulalia.com\/ca\/wp-json\/wp\/v2\/pages\/673","targetHints":{"allow":["GET"]}}],"collection":[{"href":"https:\/\/marinasantaeulalia.com\/ca\/wp-json\/wp\/v2\/pages"}],"about":[{"href":"https:\/\/marinasantaeulalia.com\/ca\/wp-json\/wp\/v2\/types\/page"}],"author":[{"embeddable":true,"href":"https:\/\/marinasantaeulalia.com\/ca\/wp-json\/wp\/v2\/users\/2"}],"replies":[{"embeddable":true,"href":"https:\/\/marinasantaeulalia.com\/ca\/wp-json\/wp\/v2\/comments?post=673"}],"version-history":[{"count":0,"href":"https:\/\/marinasantaeulalia.com\/ca\/wp-json\/wp\/v2\/pages\/673\/revisions"}],"wp:attachment":[{"href":"https:\/\/marinasantaeulalia.com\/ca\/wp-json\/wp\/v2\/media?parent=673"}],"curies":[{"name":"wp","href":"https:\/\/api.w.org\/{rel}","templated":true}]}}