{"id":611,"date":"2015-07-17T10:26:25","date_gmt":"2015-07-17T10:26:25","guid":{"rendered":"http:\/\/marinasantaeulalia.com\/?page_id=611"},"modified":"2022-09-26T12:47:56","modified_gmt":"2022-09-26T12:47:56","slug":"varador","status":"publish","type":"page","link":"https:\/\/marinasantaeulalia.com\/ca\/varador\/","title":{"rendered":"Varador"},"content":{"rendered":"<div class=\"wpb-content-wrapper\">[vc_row][vc_column][vc_video link=&#8221;https:\/\/www.youtube.com\/watch?v=K3geFCnQ7w0&#8243;][\/vc_column][\/vc_row][vc_row no_margin=&#8221;true&#8221; padding_top=&#8221;0px&#8221; padding_bottom=&#8221;30px&#8221; border=&#8221;none&#8221;][vc_column fade_animation_offset=&#8221;45px&#8221;][vc_column_text]<p style=\"font-size: 18px;\">Per consultar les nostres tarifes podeu fer-ho <a href=\"https:\/\/marinasantaeulalia.com\/wp-content\/uploads\/Tarifas-Varadero-a-partir-del-01.10.22.pdf\" target=\"_blank\" rel=\"noopener\">aqu\u00ed<\/a>. Si estau interessat a obtenir un pressupost per a qualsevol tipus de servei contacti amb <a href=\"mailto:varadero@marinasantaeulalia.com\">varadero@marinasantaeulalia.com<\/a><\/p>\n[\/vc_column_text][\/vc_column][\/vc_row][vc_row no_margin=&#8221;true&#8221; padding_top=&#8221;0px&#8221; padding_bottom=&#8221;0px&#8221; border=&#8221;none&#8221;][vc_column width=&#8221;1\/2&#8243; fade_animation_offset=&#8221;45px&#8221;][vc_column_text]<h3  class=\"h-custom-headline h4 accent\" style=\"margin-top:0px;\"><span>SERVEIS DE VARADOR<\/span><\/h3><ul>\n<li>Varada i llan\u00e7ament d&#8217;embarcacions amb travelift de 70 t<\/li>\n<li>Carretilla elevadora<\/li>\n<li>Subministrament d&#8217;aigua i electricitat<\/li>\n<li>M\u00e0quina de pressi\u00f3<\/li>\n<li>Recollida selectiva de residus s\u00f2lids i l\u00edquids<\/li>\n<li>Retirada d&#8217;aig\u00fces grises<\/li>\n<li>Aparcament<\/li>\n<li>Lloguer carpa de pintura<\/li>\n<\/ul>\n[\/vc_column_text][\/vc_column][vc_column width=&#8221;1\/2&#8243; fade_animation_offset=&#8221;45px&#8221;][vc_column_text]<h3  class=\"h-custom-headline h4 accent\" style=\"margin-top:0px;\"><span>HORARI DE VARADOR<\/span><\/h3><h6>HORARI D&#8217;ESTIU:<\/h6>\n<p>De dilluns a dissabte: 08:00 a 19:00<\/p>\n<h6>HORARI\u00a0D&#8217;HIVERN:<\/h6>\n<p>De Dilluns a divendres: 08:00 a 18:00<\/p>\n<p>Dissabtes: de 08-13:00 hores<\/p>\n<p>Diumenges i festius: tancat<\/p>\n<h6>HORARIO OFICINA VARADOR:<\/h6>\n<p>De dilluns a divendres: 09:00 a 13:00<\/p>\n[\/vc_column_text][\/vc_column][\/vc_row][vc_row no_margin=&#8221;true&#8221; padding_top=&#8221;0px&#8221; padding_bottom=&#8221;0px&#8221; border=&#8221;none&#8221;][vc_column fade_animation_offset=&#8221;45px&#8221;][vc_column_text]<h4>NORMES GENERALS<\/h4>\n<div class=\"x-column\">\n<ul>\n<li style=\"text-align: justify;\"><em>La varada o qualsevol altre servei ha de sol\u00b7licitar-se a la Capitania del Port facilitant:<\/em>\n<ul>\n<li><em>Documentaci\u00f3 de l&#8217;embarcaci\u00f3<\/em><\/li>\n<li><em>Asseguran\u00e7a de l&#8217;embarcaci\u00f3 vigent<\/em><\/li>\n<li><em>Document d&#8217;identitat del sol\u00b7licitant<\/em><\/li>\n<li>\u00a0<em>En cas de no ser el titular de l&#8217;embarcaci\u00f3 qui sol\u00b7liciti el servei, haur\u00e0 d&#8217;aportar perm\u00eds per escrit d&#8217;aquest autoritzant la realitzaci\u00f3 dels serveis, aix\u00ed com asseguran\u00e7a de responsabilitat civil vigent<\/em><\/li>\n<\/ul>\n<\/li>\n<li style=\"text-align: justify;\"><i>\u00c9s necessari indicar el termini estimat de perman\u00e8ncia en terra aix\u00ed com els treballs a realitzar<\/i><\/li>\n<li style=\"text-align: justify;\"><em>Pr\u00e8viament al llam\u00e7ament o sortida de varador, s&#8217;haur\u00e0 d&#8217;abonar a la Capitania del Port la factura corresponent als serveis efectuats<\/em><\/li>\n<\/ul>\n<\/div>\n[\/vc_column_text][\/vc_column][\/vc_row]\n<\/div>","protected":false},"excerpt":{"rendered":"<p>[vc_row][vc_column][vc_video link=&#8221;https:\/\/www.youtube.com\/watch?v=K3geFCnQ7w0&#8243;][\/vc_column][\/vc_row][vc_row no_margin=&#8221;true&#8221; padding_top=&#8221;0px&#8221; padding_bottom=&#8221;30px&#8221; border=&#8221;none&#8221;][vc_column fade_animation_offset=&#8221;45px&#8221;][vc_column_text][\/vc_column_text][\/vc_column][\/vc_row][vc_row no_margin=&#8221;true&#8221; padding_top=&#8221;0px&#8221; padding_bottom=&#8221;0px&#8221; border=&#8221;none&#8221;][vc_column width=&#8221;1\/2&#8243; fade_animation_offset=&#8221;45px&#8221;][vc_column_text][\/vc_column_text][\/vc_column][vc_column width=&#8221;1\/2&#8243; fade_animation_offset=&#8221;45px&#8221;][vc_column_text][\/vc_column_text][\/vc_column][\/vc_row][vc_row no_margin=&#8221;true&#8221; padding_top=&#8221;0px&#8221; padding_bottom=&#8221;0px&#8221; border=&#8221;none&#8221;][vc_column fade_animation_offset=&#8221;45px&#8221;][vc_column_text][\/vc_column_text][\/vc_column][\/vc_row]<\/p>\n","protected":false},"author":2,"featured_media":614,"parent":0,"menu_order":0,"comment_status":"closed","ping_status":"closed","template":"template-layout-full-width.php","meta":{"_acf_changed":false,"rs_blank_template":"","rs_page_bg_color":"","slide_template_v7":"","footnotes":""},"class_list":["post-611","page","type-page","status-publish","has-post-thumbnail","hentry"],"acf":[],"yoast_head":"<!-- This site is optimized with the Yoast SEO plugin v27.6 - https:\/\/yoast.com\/product\/yoast-seo-wordpress\/ -->\n<title>Varador - Marina Santa Eulalia<\/title>\n<meta name=\"robots\" content=\"index, follow, max-snippet:-1, max-image-preview:large, max-video-preview:-1\" \/>\n<link rel=\"canonical\" href=\"https:\/\/marinasantaeulalia.com\/ca\/varador\/\" \/>\n<meta property=\"og:locale\" content=\"ca_ES\" \/>\n<meta property=\"og:type\" content=\"article\" \/>\n<meta property=\"og:title\" content=\"Varador - Marina Santa Eulalia\" \/>\n<meta property=\"og:description\" content=\"[vc_row][vc_column][vc_video link=&#8221;https:\/\/www.youtube.com\/watch?v=K3geFCnQ7w0&#8243;][\/vc_column][\/vc_row][vc_row no_margin=&#8221;true&#8221; padding_top=&#8221;0px&#8221; padding_bottom=&#8221;30px&#8221; border=&#8221;none&#8221;][vc_column fade_animation_offset=&#8221;45px&#8221;][vc_column_text][\/vc_column_text][\/vc_column][\/vc_row][vc_row no_margin=&#8221;true&#8221; padding_top=&#8221;0px&#8221; padding_bottom=&#8221;0px&#8221; border=&#8221;none&#8221;][vc_column width=&#8221;1\/2&#8243; fade_animation_offset=&#8221;45px&#8221;][vc_column_text][\/vc_column_text][\/vc_column][vc_column width=&#8221;1\/2&#8243; fade_animation_offset=&#8221;45px&#8221;][vc_column_text][\/vc_column_text][\/vc_column][\/vc_row][vc_row no_margin=&#8221;true&#8221; padding_top=&#8221;0px&#8221; padding_bottom=&#8221;0px&#8221; border=&#8221;none&#8221;][vc_column fade_animation_offset=&#8221;45px&#8221;][vc_column_text][\/vc_column_text][\/vc_column][\/vc_row]\" \/>\n<meta property=\"og:url\" content=\"https:\/\/marinasantaeulalia.com\/ca\/varador\/\" \/>\n<meta property=\"og:site_name\" content=\"Marina Santa Eulalia\" \/>\n<meta property=\"article:publisher\" content=\"https:\/\/www.facebook.com\/marinasantaeulaliaibiza\/\" \/>\n<meta property=\"article:modified_time\" content=\"2022-09-26T12:47:56+00:00\" \/>\n<meta property=\"og:image\" content=\"https:\/\/marinasantaeulalia.com\/wp-content\/uploads\/varadero_top.jpg\" \/>\n\t<meta property=\"og:image:width\" content=\"1200\" \/>\n\t<meta property=\"og:image:height\" content=\"400\" \/>\n\t<meta property=\"og:image:type\" content=\"image\/jpeg\" \/>\n<meta name=\"twitter:card\" content=\"summary_large_image\" \/>\n<meta name=\"twitter:label1\" content=\"Temps estimat de lectura\" \/>\n\t<meta name=\"twitter:data1\" content=\"2 minut\" \/>\n<script type=\"application\/ld+json\" class=\"yoast-schema-graph\">{\"@context\":\"https:\\\/\\\/schema.org\",\"@graph\":[{\"@type\":\"WebPage\",\"@id\":\"https:\\\/\\\/marinasantaeulalia.com\\\/ca\\\/varador\\\/\",\"url\":\"https:\\\/\\\/marinasantaeulalia.com\\\/ca\\\/varador\\\/\",\"name\":\"Varador - Marina Santa Eulalia\",\"isPartOf\":{\"@id\":\"https:\\\/\\\/marinasantaeulalia.com\\\/#website\"},\"primaryImageOfPage\":{\"@id\":\"https:\\\/\\\/marinasantaeulalia.com\\\/ca\\\/varador\\\/#primaryimage\"},\"image\":{\"@id\":\"https:\\\/\\\/marinasantaeulalia.com\\\/ca\\\/varador\\\/#primaryimage\"},\"thumbnailUrl\":\"https:\\\/\\\/marinasantaeulalia.com\\\/wp-content\\\/uploads\\\/varadero_top.jpg\",\"datePublished\":\"2015-07-17T10:26:25+00:00\",\"dateModified\":\"2022-09-26T12:47:56+00:00\",\"breadcrumb\":{\"@id\":\"https:\\\/\\\/marinasantaeulalia.com\\\/ca\\\/varador\\\/#breadcrumb\"},\"inLanguage\":\"ca\",\"potentialAction\":[{\"@type\":\"ReadAction\",\"target\":[\"https:\\\/\\\/marinasantaeulalia.com\\\/ca\\\/varador\\\/\"]}]},{\"@type\":\"ImageObject\",\"inLanguage\":\"ca\",\"@id\":\"https:\\\/\\\/marinasantaeulalia.com\\\/ca\\\/varador\\\/#primaryimage\",\"url\":\"https:\\\/\\\/marinasantaeulalia.com\\\/wp-content\\\/uploads\\\/varadero_top.jpg\",\"contentUrl\":\"https:\\\/\\\/marinasantaeulalia.com\\\/wp-content\\\/uploads\\\/varadero_top.jpg\",\"width\":1200,\"height\":400},{\"@type\":\"BreadcrumbList\",\"@id\":\"https:\\\/\\\/marinasantaeulalia.com\\\/ca\\\/varador\\\/#breadcrumb\",\"itemListElement\":[{\"@type\":\"ListItem\",\"position\":1,\"name\":\"Portada\",\"item\":\"https:\\\/\\\/marinasantaeulalia.com\\\/ca\\\/\"},{\"@type\":\"ListItem\",\"position\":2,\"name\":\"Varador\"}]},{\"@type\":\"WebSite\",\"@id\":\"https:\\\/\\\/marinasantaeulalia.com\\\/#website\",\"url\":\"https:\\\/\\\/marinasantaeulalia.com\\\/\",\"name\":\"Marina Santa Eulalia\",\"description\":\"Puerto deportivo en Ibiza\",\"publisher\":{\"@id\":\"https:\\\/\\\/marinasantaeulalia.com\\\/#organization\"},\"potentialAction\":[{\"@type\":\"SearchAction\",\"target\":{\"@type\":\"EntryPoint\",\"urlTemplate\":\"https:\\\/\\\/marinasantaeulalia.com\\\/?s={search_term_string}\"},\"query-input\":{\"@type\":\"PropertyValueSpecification\",\"valueRequired\":true,\"valueName\":\"search_term_string\"}}],\"inLanguage\":\"ca\"},{\"@type\":\"Organization\",\"@id\":\"https:\\\/\\\/marinasantaeulalia.com\\\/#organization\",\"name\":\"Marina Santa Eulalia Ibiza\",\"url\":\"https:\\\/\\\/marinasantaeulalia.com\\\/\",\"logo\":{\"@type\":\"ImageObject\",\"inLanguage\":\"ca\",\"@id\":\"https:\\\/\\\/marinasantaeulalia.com\\\/#\\\/schema\\\/logo\\\/image\\\/\",\"url\":\"https:\\\/\\\/marinasantaeulalia.com\\\/wp-content\\\/uploads\\\/Logo_MarinaSantaEulaliaIbiza.jpg\",\"contentUrl\":\"https:\\\/\\\/marinasantaeulalia.com\\\/wp-content\\\/uploads\\\/Logo_MarinaSantaEulaliaIbiza.jpg\",\"width\":\"960\",\"height\":\"960\",\"caption\":\"Marina Santa Eulalia Ibiza\"},\"image\":{\"@id\":\"https:\\\/\\\/marinasantaeulalia.com\\\/#\\\/schema\\\/logo\\\/image\\\/\"},\"sameAs\":[\"https:\\\/\\\/www.facebook.com\\\/marinasantaeulaliaibiza\\\/\",\"http:\\\/\\\/www.instagram.com\\\/marinasantaeulaliaibiza\"]}]}<\/script>\n<!-- \/ Yoast SEO plugin. -->","yoast_head_json":{"title":"Varador - Marina Santa Eulalia","robots":{"index":"index","follow":"follow","max-snippet":"max-snippet:-1","max-image-preview":"max-image-preview:large","max-video-preview":"max-video-preview:-1"},"canonical":"https:\/\/marinasantaeulalia.com\/ca\/varador\/","og_locale":"ca_ES","og_type":"article","og_title":"Varador - Marina Santa Eulalia","og_description":"[vc_row][vc_column][vc_video link=&#8221;https:\/\/www.youtube.com\/watch?v=K3geFCnQ7w0&#8243;][\/vc_column][\/vc_row][vc_row no_margin=&#8221;true&#8221; padding_top=&#8221;0px&#8221; padding_bottom=&#8221;30px&#8221; border=&#8221;none&#8221;][vc_column fade_animation_offset=&#8221;45px&#8221;][vc_column_text][\/vc_column_text][\/vc_column][\/vc_row][vc_row no_margin=&#8221;true&#8221; padding_top=&#8221;0px&#8221; padding_bottom=&#8221;0px&#8221; border=&#8221;none&#8221;][vc_column width=&#8221;1\/2&#8243; fade_animation_offset=&#8221;45px&#8221;][vc_column_text][\/vc_column_text][\/vc_column][vc_column width=&#8221;1\/2&#8243; fade_animation_offset=&#8221;45px&#8221;][vc_column_text][\/vc_column_text][\/vc_column][\/vc_row][vc_row no_margin=&#8221;true&#8221; padding_top=&#8221;0px&#8221; padding_bottom=&#8221;0px&#8221; border=&#8221;none&#8221;][vc_column fade_animation_offset=&#8221;45px&#8221;][vc_column_text][\/vc_column_text][\/vc_column][\/vc_row]","og_url":"https:\/\/marinasantaeulalia.com\/ca\/varador\/","og_site_name":"Marina Santa Eulalia","article_publisher":"https:\/\/www.facebook.com\/marinasantaeulaliaibiza\/","article_modified_time":"2022-09-26T12:47:56+00:00","og_image":[{"width":1200,"height":400,"url":"https:\/\/marinasantaeulalia.com\/wp-content\/uploads\/varadero_top.jpg","type":"image\/jpeg"}],"twitter_card":"summary_large_image","twitter_misc":{"Temps estimat de lectura":"2 minut"},"schema":{"@context":"https:\/\/schema.org","@graph":[{"@type":"WebPage","@id":"https:\/\/marinasantaeulalia.com\/ca\/varador\/","url":"https:\/\/marinasantaeulalia.com\/ca\/varador\/","name":"Varador - Marina Santa Eulalia","isPartOf":{"@id":"https:\/\/marinasantaeulalia.com\/#website"},"primaryImageOfPage":{"@id":"https:\/\/marinasantaeulalia.com\/ca\/varador\/#primaryimage"},"image":{"@id":"https:\/\/marinasantaeulalia.com\/ca\/varador\/#primaryimage"},"thumbnailUrl":"https:\/\/marinasantaeulalia.com\/wp-content\/uploads\/varadero_top.jpg","datePublished":"2015-07-17T10:26:25+00:00","dateModified":"2022-09-26T12:47:56+00:00","breadcrumb":{"@id":"https:\/\/marinasantaeulalia.com\/ca\/varador\/#breadcrumb"},"inLanguage":"ca","potentialAction":[{"@type":"ReadAction","target":["https:\/\/marinasantaeulalia.com\/ca\/varador\/"]}]},{"@type":"ImageObject","inLanguage":"ca","@id":"https:\/\/marinasantaeulalia.com\/ca\/varador\/#primaryimage","url":"https:\/\/marinasantaeulalia.com\/wp-content\/uploads\/varadero_top.jpg","contentUrl":"https:\/\/marinasantaeulalia.com\/wp-content\/uploads\/varadero_top.jpg","width":1200,"height":400},{"@type":"BreadcrumbList","@id":"https:\/\/marinasantaeulalia.com\/ca\/varador\/#breadcrumb","itemListElement":[{"@type":"ListItem","position":1,"name":"Portada","item":"https:\/\/marinasantaeulalia.com\/ca\/"},{"@type":"ListItem","position":2,"name":"Varador"}]},{"@type":"WebSite","@id":"https:\/\/marinasantaeulalia.com\/#website","url":"https:\/\/marinasantaeulalia.com\/","name":"Marina Santa Eulalia","description":"Puerto deportivo en Ibiza","publisher":{"@id":"https:\/\/marinasantaeulalia.com\/#organization"},"potentialAction":[{"@type":"SearchAction","target":{"@type":"EntryPoint","urlTemplate":"https:\/\/marinasantaeulalia.com\/?s={search_term_string}"},"query-input":{"@type":"PropertyValueSpecification","valueRequired":true,"valueName":"search_term_string"}}],"inLanguage":"ca"},{"@type":"Organization","@id":"https:\/\/marinasantaeulalia.com\/#organization","name":"Marina Santa Eulalia Ibiza","url":"https:\/\/marinasantaeulalia.com\/","logo":{"@type":"ImageObject","inLanguage":"ca","@id":"https:\/\/marinasantaeulalia.com\/#\/schema\/logo\/image\/","url":"https:\/\/marinasantaeulalia.com\/wp-content\/uploads\/Logo_MarinaSantaEulaliaIbiza.jpg","contentUrl":"https:\/\/marinasantaeulalia.com\/wp-content\/uploads\/Logo_MarinaSantaEulaliaIbiza.jpg","width":"960","height":"960","caption":"Marina Santa Eulalia Ibiza"},"image":{"@id":"https:\/\/marinasantaeulalia.com\/#\/schema\/logo\/image\/"},"sameAs":["https:\/\/www.facebook.com\/marinasantaeulaliaibiza\/","http:\/\/www.instagram.com\/marinasantaeulaliaibiza"]}]}},"jetpack_sharing_enabled":true,"jetpack_shortlink":"https:\/\/wp.me\/P9JVaN-9R","_links":{"self":[{"href":"https:\/\/marinasantaeulalia.com\/ca\/wp-json\/wp\/v2\/pages\/611","targetHints":{"allow":["GET"]}}],"collection":[{"href":"https:\/\/marinasantaeulalia.com\/ca\/wp-json\/wp\/v2\/pages"}],"about":[{"href":"https:\/\/marinasantaeulalia.com\/ca\/wp-json\/wp\/v2\/types\/page"}],"author":[{"embeddable":true,"href":"https:\/\/marinasantaeulalia.com\/ca\/wp-json\/wp\/v2\/users\/2"}],"replies":[{"embeddable":true,"href":"https:\/\/marinasantaeulalia.com\/ca\/wp-json\/wp\/v2\/comments?post=611"}],"version-history":[{"count":0,"href":"https:\/\/marinasantaeulalia.com\/ca\/wp-json\/wp\/v2\/pages\/611\/revisions"}],"wp:featuredmedia":[{"embeddable":true,"href":"https:\/\/marinasantaeulalia.com\/ca\/wp-json\/wp\/v2\/media\/614"}],"wp:attachment":[{"href":"https:\/\/marinasantaeulalia.com\/ca\/wp-json\/wp\/v2\/media?parent=611"}],"curies":[{"name":"wp","href":"https:\/\/api.w.org\/{rel}","templated":true}]}}