{"id":602,"date":"2015-07-17T07:57:39","date_gmt":"2015-07-17T07:57:39","guid":{"rendered":"http:\/\/marinasantaeulalia.com\/?page_id=602"},"modified":"2015-07-17T07:57:39","modified_gmt":"2015-07-17T07:57:39","slug":"la-marina","status":"publish","type":"page","link":"https:\/\/marinasantaeulalia.com\/ca\/la-marina\/","title":{"rendered":"La Marina"},"content":{"rendered":"<div class=\"wpb-content-wrapper\">[vc_row no_margin=&#8221;true&#8221; padding_top=&#8221;0px&#8221; padding_bottom=&#8221;0px&#8221; border=&#8221;none&#8221;][vc_column width=&#8221;1\/1&#8243;]<h1  class=\"h-custom-headline h3\" style=\"margin: 0\"><span>Una Marina amb\u00a0sabor a mar<\/span><\/h1>[\/vc_column][\/vc_row][vc_row no_margin=&#8221;true&#8221; padding_top=&#8221;15px&#8221; padding_bottom=&#8221;0px&#8221; border=&#8221;none&#8221;][vc_column width=&#8221;2\/3&#8243;]<p style=\"text-align: justify;\">Amb capacitat per a\u00a0<strong>763 embarcacions,<\/strong> \u00e9s el port esportiu amb major n\u00famero d&#8217;amarres de tota l&#8217;illa d&#8217;<a href=\"http:\/\/www.illesbalears.es\/esp\/ibiza\/nautica.jsp?SEC=NAU\" target=\"_blank\">Eivissa<\/a> i d\u00f3na recer tant als tradicionals lla\u00fcts dels mariners locals com als grans iots que ens visiten cada temporada buscant un lloc tranquil i discret on relaxar-se i gaudir de la bellesa de <a href=\"http:\/\/www.santaeulalia.net\/index.php\/es\/\" target=\"_blank\">Santa Eul\u00e0lia des Riu<\/a>.<\/p>\n<p style=\"text-align: justify;\">El viatger no se sent aqu\u00ed com un turista, al contrari, amb els anys es forgen amistats i lla\u00e7os d&#8217;afecte animats per un tracte familiar i pr\u00f2xim combinat el sabor d&#8217;un enclavament mariner amb les comoditats i els serveis d&#8217;un port esportiu de primer nivell que millora cada any les seves instal\u00b7lacions.<\/p>\n<p style=\"text-align: justify;\">A l&#8217;entrada principal del port s&#8217;ubica la seu del <a href=\"http:\/\/www.clubnauticosantaeulalia.com\/web\/\" target=\"_blank\">Club N\u00e0utic de Santa Eul\u00e0ria del Riu<\/a>, que desenvolupa durant tot l&#8217;any una important labor de promoci\u00f3 de les activitats n\u00e0utiques, destacant, a m\u00e9s de la celebraci\u00f3 de regates i d&#8217;altres importants esdeveniments (va ser organitzador del Campionat Mundial de la Classe Vela Tornado el 2013), la impartici\u00f3 de diferents cursos de vela.<\/p>\n<p style=\"text-align: justify;\">Un dels principals atractius del port \u00e9s la seva zona comercial, que compta amb una variada oferta de serveis. Amb prop de 20 restaurants, l&#8217;oferta gastron\u00f2mica abasta des de la cuina eivissenca i mediterr\u00e0nia fins a les millors carns a la brasa, passant per restaurants italiants, asi\u00e0tics i cuina alemanya i brit\u00e0nica.<\/p>\n<p style=\"text-align: justify;\">Les postes de sol conviden a gaudir d&#8217;una copa en algun dels seus bars i, quan la nit avan\u00e7a, tamb\u00e9 existeix una variada oferta musical.<\/p>\n[\/vc_column][vc_column width=&#8221;1\/3&#8243;]<img decoding=\"async\"  class=\"x-img x-img-thumbnail none\"  src=\"https:\/\/marinasantaeulalia.com\/wp-content\/uploads\/marina.jpg\" >[\/vc_column][\/vc_row]\n<\/div>","protected":false},"excerpt":{"rendered":"<p>[vc_row no_margin=&#8221;true&#8221; padding_top=&#8221;0px&#8221; padding_bottom=&#8221;0px&#8221; border=&#8221;none&#8221;][vc_column width=&#8221;1\/1&#8243;][\/vc_column][\/vc_row][vc_row no_margin=&#8221;true&#8221; padding_top=&#8221;15px&#8221; padding_bottom=&#8221;0px&#8221; border=&#8221;none&#8221;][vc_column width=&#8221;2\/3&#8243;][\/vc_column][vc_column width=&#8221;1\/3&#8243;][\/vc_column][\/vc_row]<\/p>\n","protected":false},"author":2,"featured_media":0,"parent":0,"menu_order":0,"comment_status":"closed","ping_status":"closed","template":"template-layout-full-width.php","meta":{"_acf_changed":false,"rs_blank_template":"","rs_page_bg_color":"","slide_template_v7":"","footnotes":""},"class_list":["post-602","page","type-page","status-publish","hentry","no-post-thumbnail"],"acf":[],"yoast_head":"<!-- This site is optimized with the Yoast SEO plugin v27.6 - https:\/\/yoast.com\/product\/yoast-seo-wordpress\/ -->\n<title>La Marina - Marina Santa Eulalia<\/title>\n<meta name=\"robots\" content=\"index, follow, max-snippet:-1, max-image-preview:large, max-video-preview:-1\" \/>\n<link rel=\"canonical\" href=\"https:\/\/marinasantaeulalia.com\/ca\/la-marina\/\" \/>\n<meta property=\"og:locale\" content=\"ca_ES\" \/>\n<meta property=\"og:type\" content=\"article\" \/>\n<meta property=\"og:title\" content=\"La Marina - Marina Santa Eulalia\" \/>\n<meta property=\"og:description\" content=\"[vc_row no_margin=&#8221;true&#8221; padding_top=&#8221;0px&#8221; padding_bottom=&#8221;0px&#8221; border=&#8221;none&#8221;][vc_column width=&#8221;1\/1&#8243;][\/vc_column][\/vc_row][vc_row no_margin=&#8221;true&#8221; padding_top=&#8221;15px&#8221; padding_bottom=&#8221;0px&#8221; border=&#8221;none&#8221;][vc_column width=&#8221;2\/3&#8243;][\/vc_column][vc_column width=&#8221;1\/3&#8243;][\/vc_column][\/vc_row]\" \/>\n<meta property=\"og:url\" content=\"https:\/\/marinasantaeulalia.com\/ca\/la-marina\/\" \/>\n<meta property=\"og:site_name\" content=\"Marina Santa Eulalia\" \/>\n<meta property=\"article:publisher\" content=\"https:\/\/www.facebook.com\/marinasantaeulaliaibiza\/\" \/>\n<meta name=\"twitter:card\" content=\"summary_large_image\" \/>\n<meta name=\"twitter:label1\" content=\"Temps estimat de lectura\" \/>\n\t<meta name=\"twitter:data1\" content=\"2 minut\" \/>\n<script type=\"application\/ld+json\" class=\"yoast-schema-graph\">{\"@context\":\"https:\\\/\\\/schema.org\",\"@graph\":[{\"@type\":\"WebPage\",\"@id\":\"https:\\\/\\\/marinasantaeulalia.com\\\/ca\\\/la-marina\\\/\",\"url\":\"https:\\\/\\\/marinasantaeulalia.com\\\/ca\\\/la-marina\\\/\",\"name\":\"La Marina - Marina Santa Eulalia\",\"isPartOf\":{\"@id\":\"https:\\\/\\\/marinasantaeulalia.com\\\/#website\"},\"datePublished\":\"2015-07-17T07:57:39+00:00\",\"breadcrumb\":{\"@id\":\"https:\\\/\\\/marinasantaeulalia.com\\\/ca\\\/la-marina\\\/#breadcrumb\"},\"inLanguage\":\"ca\",\"potentialAction\":[{\"@type\":\"ReadAction\",\"target\":[\"https:\\\/\\\/marinasantaeulalia.com\\\/ca\\\/la-marina\\\/\"]}]},{\"@type\":\"BreadcrumbList\",\"@id\":\"https:\\\/\\\/marinasantaeulalia.com\\\/ca\\\/la-marina\\\/#breadcrumb\",\"itemListElement\":[{\"@type\":\"ListItem\",\"position\":1,\"name\":\"Portada\",\"item\":\"https:\\\/\\\/marinasantaeulalia.com\\\/ca\\\/\"},{\"@type\":\"ListItem\",\"position\":2,\"name\":\"La Marina\"}]},{\"@type\":\"WebSite\",\"@id\":\"https:\\\/\\\/marinasantaeulalia.com\\\/#website\",\"url\":\"https:\\\/\\\/marinasantaeulalia.com\\\/\",\"name\":\"Marina Santa Eulalia\",\"description\":\"Puerto deportivo en Ibiza\",\"publisher\":{\"@id\":\"https:\\\/\\\/marinasantaeulalia.com\\\/#organization\"},\"potentialAction\":[{\"@type\":\"SearchAction\",\"target\":{\"@type\":\"EntryPoint\",\"urlTemplate\":\"https:\\\/\\\/marinasantaeulalia.com\\\/?s={search_term_string}\"},\"query-input\":{\"@type\":\"PropertyValueSpecification\",\"valueRequired\":true,\"valueName\":\"search_term_string\"}}],\"inLanguage\":\"ca\"},{\"@type\":\"Organization\",\"@id\":\"https:\\\/\\\/marinasantaeulalia.com\\\/#organization\",\"name\":\"Marina Santa Eulalia Ibiza\",\"url\":\"https:\\\/\\\/marinasantaeulalia.com\\\/\",\"logo\":{\"@type\":\"ImageObject\",\"inLanguage\":\"ca\",\"@id\":\"https:\\\/\\\/marinasantaeulalia.com\\\/#\\\/schema\\\/logo\\\/image\\\/\",\"url\":\"https:\\\/\\\/marinasantaeulalia.com\\\/wp-content\\\/uploads\\\/Logo_MarinaSantaEulaliaIbiza.jpg\",\"contentUrl\":\"https:\\\/\\\/marinasantaeulalia.com\\\/wp-content\\\/uploads\\\/Logo_MarinaSantaEulaliaIbiza.jpg\",\"width\":\"960\",\"height\":\"960\",\"caption\":\"Marina Santa Eulalia Ibiza\"},\"image\":{\"@id\":\"https:\\\/\\\/marinasantaeulalia.com\\\/#\\\/schema\\\/logo\\\/image\\\/\"},\"sameAs\":[\"https:\\\/\\\/www.facebook.com\\\/marinasantaeulaliaibiza\\\/\",\"http:\\\/\\\/www.instagram.com\\\/marinasantaeulaliaibiza\"]}]}<\/script>\n<!-- \/ Yoast SEO plugin. -->","yoast_head_json":{"title":"La Marina - Marina Santa Eulalia","robots":{"index":"index","follow":"follow","max-snippet":"max-snippet:-1","max-image-preview":"max-image-preview:large","max-video-preview":"max-video-preview:-1"},"canonical":"https:\/\/marinasantaeulalia.com\/ca\/la-marina\/","og_locale":"ca_ES","og_type":"article","og_title":"La Marina - Marina Santa Eulalia","og_description":"[vc_row no_margin=&#8221;true&#8221; padding_top=&#8221;0px&#8221; padding_bottom=&#8221;0px&#8221; border=&#8221;none&#8221;][vc_column width=&#8221;1\/1&#8243;][\/vc_column][\/vc_row][vc_row no_margin=&#8221;true&#8221; padding_top=&#8221;15px&#8221; padding_bottom=&#8221;0px&#8221; border=&#8221;none&#8221;][vc_column width=&#8221;2\/3&#8243;][\/vc_column][vc_column width=&#8221;1\/3&#8243;][\/vc_column][\/vc_row]","og_url":"https:\/\/marinasantaeulalia.com\/ca\/la-marina\/","og_site_name":"Marina Santa Eulalia","article_publisher":"https:\/\/www.facebook.com\/marinasantaeulaliaibiza\/","twitter_card":"summary_large_image","twitter_misc":{"Temps estimat de lectura":"2 minut"},"schema":{"@context":"https:\/\/schema.org","@graph":[{"@type":"WebPage","@id":"https:\/\/marinasantaeulalia.com\/ca\/la-marina\/","url":"https:\/\/marinasantaeulalia.com\/ca\/la-marina\/","name":"La Marina - Marina Santa Eulalia","isPartOf":{"@id":"https:\/\/marinasantaeulalia.com\/#website"},"datePublished":"2015-07-17T07:57:39+00:00","breadcrumb":{"@id":"https:\/\/marinasantaeulalia.com\/ca\/la-marina\/#breadcrumb"},"inLanguage":"ca","potentialAction":[{"@type":"ReadAction","target":["https:\/\/marinasantaeulalia.com\/ca\/la-marina\/"]}]},{"@type":"BreadcrumbList","@id":"https:\/\/marinasantaeulalia.com\/ca\/la-marina\/#breadcrumb","itemListElement":[{"@type":"ListItem","position":1,"name":"Portada","item":"https:\/\/marinasantaeulalia.com\/ca\/"},{"@type":"ListItem","position":2,"name":"La Marina"}]},{"@type":"WebSite","@id":"https:\/\/marinasantaeulalia.com\/#website","url":"https:\/\/marinasantaeulalia.com\/","name":"Marina Santa Eulalia","description":"Puerto deportivo en Ibiza","publisher":{"@id":"https:\/\/marinasantaeulalia.com\/#organization"},"potentialAction":[{"@type":"SearchAction","target":{"@type":"EntryPoint","urlTemplate":"https:\/\/marinasantaeulalia.com\/?s={search_term_string}"},"query-input":{"@type":"PropertyValueSpecification","valueRequired":true,"valueName":"search_term_string"}}],"inLanguage":"ca"},{"@type":"Organization","@id":"https:\/\/marinasantaeulalia.com\/#organization","name":"Marina Santa Eulalia Ibiza","url":"https:\/\/marinasantaeulalia.com\/","logo":{"@type":"ImageObject","inLanguage":"ca","@id":"https:\/\/marinasantaeulalia.com\/#\/schema\/logo\/image\/","url":"https:\/\/marinasantaeulalia.com\/wp-content\/uploads\/Logo_MarinaSantaEulaliaIbiza.jpg","contentUrl":"https:\/\/marinasantaeulalia.com\/wp-content\/uploads\/Logo_MarinaSantaEulaliaIbiza.jpg","width":"960","height":"960","caption":"Marina Santa Eulalia Ibiza"},"image":{"@id":"https:\/\/marinasantaeulalia.com\/#\/schema\/logo\/image\/"},"sameAs":["https:\/\/www.facebook.com\/marinasantaeulaliaibiza\/","http:\/\/www.instagram.com\/marinasantaeulaliaibiza"]}]}},"jetpack_sharing_enabled":true,"jetpack_shortlink":"https:\/\/wp.me\/P9JVaN-9I","_links":{"self":[{"href":"https:\/\/marinasantaeulalia.com\/ca\/wp-json\/wp\/v2\/pages\/602","targetHints":{"allow":["GET"]}}],"collection":[{"href":"https:\/\/marinasantaeulalia.com\/ca\/wp-json\/wp\/v2\/pages"}],"about":[{"href":"https:\/\/marinasantaeulalia.com\/ca\/wp-json\/wp\/v2\/types\/page"}],"author":[{"embeddable":true,"href":"https:\/\/marinasantaeulalia.com\/ca\/wp-json\/wp\/v2\/users\/2"}],"replies":[{"embeddable":true,"href":"https:\/\/marinasantaeulalia.com\/ca\/wp-json\/wp\/v2\/comments?post=602"}],"version-history":[{"count":0,"href":"https:\/\/marinasantaeulalia.com\/ca\/wp-json\/wp\/v2\/pages\/602\/revisions"}],"wp:attachment":[{"href":"https:\/\/marinasantaeulalia.com\/ca\/wp-json\/wp\/v2\/media?parent=602"}],"curies":[{"name":"wp","href":"https:\/\/api.w.org\/{rel}","templated":true}]}}